{"id":241060,"date":"2024-08-10T13:29:51","date_gmt":"2024-08-10T11:29:51","guid":{"rendered":"https:\/\/glandine.com\/product\/dolce-gabbana-statement-halskette-mit-goldenem-kristall-charme\/"},"modified":"2024-11-29T20:43:12","modified_gmt":"2024-11-29T19:43:12","slug":"dolce-gabbana-statement-halskette-mit-goldenem-kristall-charme","status":"publish","type":"product","link":"https:\/\/tpmadalina42.supserv.cozmoslabs.com\/fi\/tuote-2\/dolce-gabbana-statement-halskette-mit-goldenem-kristall-charme\/","title":{"rendered":"Dolce &amp; Gabbana Statement-Halskette mit goldenem Kristall-Charme"},"content":{"rendered":"<p>Versch\u00f6nern Sie Ihr Ensemble mit dem opulenten Touch dieser atemberaubenden Statement-Halskette, die mit der tadellosen italienischen Eleganz gefertigt wurde, f\u00fcr die Dolce &amp; Gabbana bekannt ist. Verziert mit einer schillernden Reihe von Kristallen und einem skurrilen &#8222;Fumetti Cartoons&#8220;-Motiv, wird dieses St\u00fcck mit Sicherheit Bewunderung hervorrufen und einen funkelnden Gespr\u00e4chsstoff zu Ihrem Look hinzuf\u00fcgen.<\/p>\n<ul>\n<li>Material: 60% Messing, 20% Kristall, 15% Harz, 5% Emaille<\/li>\n<li>V\u00e4ri: Kulta<\/li>\n<li>Kristall: Rosa, klar<\/li>\n<li>Alkuper\u00e4maa: IT<\/li>\n<li>Karabiner-Verschluss<\/li>\n<li>Logon yksityiskohdat<\/li>\n<\/ul>","protected":false},"excerpt":{"rendered":"<p>Versch\u00f6nern Sie Ihr Ensemble mit dem opulenten Touch dieser atemberaubenden Statement-Halskette, die mit der tadellosen italienischen Eleganz gefertigt wurde, f\u00fcr die Dolce &amp; Gabbana bekannt ist. Verziert mit einer schillernden Reihe von Kristallen und einem skurrilen &#8222;Fumetti Cartoons&#8220;-Motiv, wird dieses St\u00fcck mit Sicherheit Bewunderung hervorrufen und einen funkelnden Gespr\u00e4chsstoff zu Ihrem Look hinzuf\u00fcgen. Material: 60% [&hellip;]<\/p>","protected":false},"featured_media":241056,"template":"","meta":[],"product_brand":[1620],"product_cat":[1681,1625,1638],"product_tag":[],"class_list":{"0":"post-241060","1":"product","2":"type-product","3":"status-publish","4":"has-post-thumbnail","6":"product_brand-dolce-gabbana","7":"product_cat-halsketten","8":"product_cat-schmuck","9":"product_cat-frauen-schmuck","11":"first","12":"instock","13":"sale","14":"taxable","15":"shipping-taxable","16":"purchasable","17":"product-type-simple"},"_links":{"self":[{"href":"https:\/\/tpmadalina42.supserv.cozmoslabs.com\/fi\/wp-json\/wp\/v2\/product\/241060","targetHints":{"allow":["GET"]}}],"collection":[{"href":"https:\/\/tpmadalina42.supserv.cozmoslabs.com\/fi\/wp-json\/wp\/v2\/product"}],"about":[{"href":"https:\/\/tpmadalina42.supserv.cozmoslabs.com\/fi\/wp-json\/wp\/v2\/types\/product"}],"wp:featuredmedia":[{"embeddable":true,"href":"https:\/\/tpmadalina42.supserv.cozmoslabs.com\/fi\/wp-json\/wp\/v2\/media\/241056"}],"wp:attachment":[{"href":"https:\/\/tpmadalina42.supserv.cozmoslabs.com\/fi\/wp-json\/wp\/v2\/media?parent=241060"}],"wp:term":[{"taxonomy":"product_brand","embeddable":true,"href":"https:\/\/tpmadalina42.supserv.cozmoslabs.com\/fi\/wp-json\/wp\/v2\/product_brand?post=241060"},{"taxonomy":"product_cat","embeddable":true,"href":"https:\/\/tpmadalina42.supserv.cozmoslabs.com\/fi\/wp-json\/wp\/v2\/product_cat?post=241060"},{"taxonomy":"product_tag","embeddable":true,"href":"https:\/\/tpmadalina42.supserv.cozmoslabs.com\/fi\/wp-json\/wp\/v2\/product_tag?post=241060"}],"curies":[{"name":"wp","href":"https:\/\/api.w.org\/{rel}","templated":true}]}}