{"id":241191,"date":"2024-08-10T04:38:36","date_gmt":"2024-08-10T11:38:36","guid":{"rendered":"https:\/\/glandine.com\/product\/costume-national-schicker-orange-leder-modeguertel\/"},"modified":"2024-11-29T20:48:48","modified_gmt":"2024-11-29T19:48:48","slug":"costume-national-schicker-orange-leder-modeguertel","status":"publish","type":"product","link":"https:\/\/tpmadalina42.supserv.cozmoslabs.com\/fi\/tuote-2\/costume-national-schicker-orange-leder-modeguertel\/","title":{"rendered":"Costume National tyylik\u00e4s oranssi nahkainen muotivy\u00f6"},"content":{"rendered":"<p>Verstr\u00f6men Sie Raffinesse mit diesem exquisiten G\u00fcrtel von Costume National, der perfekt ist, um Ihrem Ensemble einen Hauch von Farbe und Luxus zu verleihen. Der in Italien aus hochwertigem Leder gefertigte G\u00fcrtel zeigt ein unifarbenes Muster, das durch einen stilvollen silberfarbenen Verschluss erg\u00e4nzt wird. Er ist nicht nur ein Accessoire, sondern ein Statement-St\u00fcck, das mit der subtilen Eleganz des Costume National-Logos verziert ist.<\/p>\n<ul>\n<li>Materiaali: nahka<\/li>\n<li>V\u00e4ri: Oranssi<\/li>\n<li>Alkuper\u00e4maa: IT<\/li>\n<li>Valmistettu Italiassa<\/li>\n<\/ul>","protected":false},"excerpt":{"rendered":"<p>Verstr\u00f6men Sie Raffinesse mit diesem exquisiten G\u00fcrtel von Costume National, der perfekt ist, um Ihrem Ensemble einen Hauch von Farbe und Luxus zu verleihen. Der in Italien aus hochwertigem Leder gefertigte G\u00fcrtel zeigt ein unifarbenes Muster, das durch einen stilvollen silberfarbenen Verschluss erg\u00e4nzt wird. Er ist nicht nur ein Accessoire, sondern ein Statement-St\u00fcck, das mit [&hellip;]<\/p>","protected":false},"featured_media":241190,"template":"","meta":[],"product_brand":[1790],"product_cat":[1621,1632,1652],"product_tag":[],"class_list":{"0":"post-241191","1":"product","2":"type-product","3":"status-publish","4":"has-post-thumbnail","6":"product_brand-costume-national","7":"product_cat-accessoire","8":"product_cat-frauen-zubehoer","9":"product_cat-guertel-frauen-zubehoer","11":"first","12":"instock","13":"sale","14":"taxable","15":"shipping-taxable","16":"purchasable","17":"product-type-variable"},"_links":{"self":[{"href":"https:\/\/tpmadalina42.supserv.cozmoslabs.com\/fi\/wp-json\/wp\/v2\/product\/241191","targetHints":{"allow":["GET"]}}],"collection":[{"href":"https:\/\/tpmadalina42.supserv.cozmoslabs.com\/fi\/wp-json\/wp\/v2\/product"}],"about":[{"href":"https:\/\/tpmadalina42.supserv.cozmoslabs.com\/fi\/wp-json\/wp\/v2\/types\/product"}],"wp:featuredmedia":[{"embeddable":true,"href":"https:\/\/tpmadalina42.supserv.cozmoslabs.com\/fi\/wp-json\/wp\/v2\/media\/241190"}],"wp:attachment":[{"href":"https:\/\/tpmadalina42.supserv.cozmoslabs.com\/fi\/wp-json\/wp\/v2\/media?parent=241191"}],"wp:term":[{"taxonomy":"product_brand","embeddable":true,"href":"https:\/\/tpmadalina42.supserv.cozmoslabs.com\/fi\/wp-json\/wp\/v2\/product_brand?post=241191"},{"taxonomy":"product_cat","embeddable":true,"href":"https:\/\/tpmadalina42.supserv.cozmoslabs.com\/fi\/wp-json\/wp\/v2\/product_cat?post=241191"},{"taxonomy":"product_tag","embeddable":true,"href":"https:\/\/tpmadalina42.supserv.cozmoslabs.com\/fi\/wp-json\/wp\/v2\/product_tag?post=241191"}],"curies":[{"name":"wp","href":"https:\/\/api.w.org\/{rel}","templated":true}]}}