{"id":241603,"date":"2024-08-10T08:48:12","date_gmt":"2024-08-10T15:48:12","guid":{"rendered":"https:\/\/glandine.com\/product\/billionaire-italian-couture-pullover-mit-rundhalsausschnitt-aus-bestickter-merinowolle-6\/"},"modified":"2024-11-30T14:30:43","modified_gmt":"2024-11-30T13:30:43","slug":"billionaire-italian-couture-pullover-mit-rundhalsausschnitt-aus-bestickter-merinowolle-6","status":"publish","type":"product","link":"https:\/\/tpmadalina42.supserv.cozmoslabs.com\/fi\/tuote-2\/billionaire-italian-couture-pullover-mit-rundhalsausschnitt-aus-bestickter-merinowolle-6\/","title":{"rendered":"Billionaire Italian Couture Py\u00f6re\u00e4kauluksinen neule brodeerattua merinovillaa"},"content":{"rendered":"<p>G\u00f6nnen Sie sich den Inbegriff von Luxus mit diesem exquisiten Rundhalspullover von Billionaire Italian Couture. Gefertigt aus feinster 100%iger Merinowolle, ist dieses St\u00fcck ein Beweis f\u00fcr zeitlose Eleganz und \u00fcberragenden Komfort. Die aufwendige Stickerei verleiht ihm einen Hauch von Opulenz und macht ihn perfekt f\u00fcr jeden anspruchsvollen Gentleman, der seine Garderobe aufwerten m\u00f6chte. Dieser blaue Pullover, der mit Stolz in Italien hergestellt wird, ist sowohl ein Grundnahrungsmittel f\u00fcr den Kleiderschrank als auch ein Kunstwerk.<\/p>\n<ul>\n<li>Material: 100% Merinowolle<\/li>\n<li>Alkuper\u00e4maa: IT<\/li>\n<li>V\u00e4ri: Sininen<\/li>\n<\/ul>","protected":false},"excerpt":{"rendered":"<p>G\u00f6nnen Sie sich den Inbegriff von Luxus mit diesem exquisiten Rundhalspullover von Billionaire Italian Couture. Gefertigt aus feinster 100%iger Merinowolle, ist dieses St\u00fcck ein Beweis f\u00fcr zeitlose Eleganz und \u00fcberragenden Komfort. Die aufwendige Stickerei verleiht ihm einen Hauch von Opulenz und macht ihn perfekt f\u00fcr jeden anspruchsvollen Gentleman, der seine Garderobe aufwerten m\u00f6chte. Dieser blaue [&hellip;]<\/p>","protected":false},"featured_media":241600,"template":"","meta":[],"product_brand":[1948],"product_cat":[1633,1623],"product_tag":[],"class_list":{"0":"post-241603","1":"product","2":"type-product","3":"status-publish","4":"has-post-thumbnail","6":"product_brand-billionaire-italian-couture","7":"product_cat-maenner-kleidung","8":"product_cat-kleidung","10":"first","11":"instock","12":"sale","13":"taxable","14":"shipping-taxable","15":"purchasable","16":"product-type-variable"},"_links":{"self":[{"href":"https:\/\/tpmadalina42.supserv.cozmoslabs.com\/fi\/wp-json\/wp\/v2\/product\/241603","targetHints":{"allow":["GET"]}}],"collection":[{"href":"https:\/\/tpmadalina42.supserv.cozmoslabs.com\/fi\/wp-json\/wp\/v2\/product"}],"about":[{"href":"https:\/\/tpmadalina42.supserv.cozmoslabs.com\/fi\/wp-json\/wp\/v2\/types\/product"}],"wp:featuredmedia":[{"embeddable":true,"href":"https:\/\/tpmadalina42.supserv.cozmoslabs.com\/fi\/wp-json\/wp\/v2\/media\/241600"}],"wp:attachment":[{"href":"https:\/\/tpmadalina42.supserv.cozmoslabs.com\/fi\/wp-json\/wp\/v2\/media?parent=241603"}],"wp:term":[{"taxonomy":"product_brand","embeddable":true,"href":"https:\/\/tpmadalina42.supserv.cozmoslabs.com\/fi\/wp-json\/wp\/v2\/product_brand?post=241603"},{"taxonomy":"product_cat","embeddable":true,"href":"https:\/\/tpmadalina42.supserv.cozmoslabs.com\/fi\/wp-json\/wp\/v2\/product_cat?post=241603"},{"taxonomy":"product_tag","embeddable":true,"href":"https:\/\/tpmadalina42.supserv.cozmoslabs.com\/fi\/wp-json\/wp\/v2\/product_tag?post=241603"}],"curies":[{"name":"wp","href":"https:\/\/api.w.org\/{rel}","templated":true}]}}