{"id":241902,"date":"2024-08-10T17:26:13","date_gmt":"2024-08-11T00:26:13","guid":{"rendered":"https:\/\/glandine.com\/product\/dolce-gabbana-schicker-hund-gold-ton-statement-ring\/"},"modified":"2024-11-29T16:55:00","modified_gmt":"2024-11-29T15:55:00","slug":"dolce-gabbana-schicker-hund-gold-ton-statement-ring","status":"publish","type":"product","link":"https:\/\/tpmadalina42.supserv.cozmoslabs.com\/fi\/tuote-2\/dolce-gabbana-schicker-hund-gold-ton-statement-ring\/","title":{"rendered":"Dolce &amp; Gabbana Chic Dog kultas\u00e4vyinen Statement Ring"},"content":{"rendered":"<p>Genie\u00dfen Sie die schrullige Eleganz dieses exquisiten Schmuckst\u00fccks von <strong>Dolce &amp; Gabbana<\/strong>. Perfekt f\u00fcr die modebewusste Frau, die einen Hauch von Skurrilit\u00e4t liebt, ist dieser Ring mit Hundekopf ein wahres Zeugnis f\u00fcr verspielten Luxus. Fachm\u00e4nnische Handwerkskunst in schimmerndem Goldton und atemberaubende Liebe zum Detail machen diesen Ring zu einer einzigartigen Erg\u00e4nzung jeder Schmucksammlung.<\/p>\n<ul>\n<li>Materiaali: 50% synteettinen hartsi, 50% messinki.<\/li>\n<li>V\u00e4ri: Kulta<\/li>\n<li>Alkuper\u00e4maa: Italia<\/li>\n<li>Yksityiskohdat logosta<\/li>\n<\/ul>","protected":false},"excerpt":{"rendered":"<p>Genie\u00dfen Sie die schrullige Eleganz dieses exquisiten Schmuckst\u00fccks von Dolce &amp; Gabbana. Perfekt f\u00fcr die modebewusste Frau, die einen Hauch von Skurrilit\u00e4t liebt, ist dieser Ring mit Hundekopf ein wahres Zeugnis f\u00fcr verspielten Luxus. Fachm\u00e4nnische Handwerkskunst in schimmerndem Goldton und atemberaubende Liebe zum Detail machen diesen Ring zu einer einzigartigen Erg\u00e4nzung jeder Schmucksammlung. Material: 50% [&hellip;]<\/p>","protected":false},"featured_media":241897,"template":"","meta":[],"product_brand":[1620],"product_cat":[1690,1625,1638],"product_tag":[],"class_list":{"0":"post-241902","1":"product","2":"type-product","3":"status-publish","4":"has-post-thumbnail","6":"product_brand-dolce-gabbana","7":"product_cat-ringe-frauen-schmuck","8":"product_cat-schmuck","9":"product_cat-frauen-schmuck","11":"first","12":"instock","13":"sale","14":"taxable","15":"shipping-taxable","16":"purchasable","17":"product-type-variable"},"_links":{"self":[{"href":"https:\/\/tpmadalina42.supserv.cozmoslabs.com\/fi\/wp-json\/wp\/v2\/product\/241902","targetHints":{"allow":["GET"]}}],"collection":[{"href":"https:\/\/tpmadalina42.supserv.cozmoslabs.com\/fi\/wp-json\/wp\/v2\/product"}],"about":[{"href":"https:\/\/tpmadalina42.supserv.cozmoslabs.com\/fi\/wp-json\/wp\/v2\/types\/product"}],"wp:featuredmedia":[{"embeddable":true,"href":"https:\/\/tpmadalina42.supserv.cozmoslabs.com\/fi\/wp-json\/wp\/v2\/media\/241897"}],"wp:attachment":[{"href":"https:\/\/tpmadalina42.supserv.cozmoslabs.com\/fi\/wp-json\/wp\/v2\/media?parent=241902"}],"wp:term":[{"taxonomy":"product_brand","embeddable":true,"href":"https:\/\/tpmadalina42.supserv.cozmoslabs.com\/fi\/wp-json\/wp\/v2\/product_brand?post=241902"},{"taxonomy":"product_cat","embeddable":true,"href":"https:\/\/tpmadalina42.supserv.cozmoslabs.com\/fi\/wp-json\/wp\/v2\/product_cat?post=241902"},{"taxonomy":"product_tag","embeddable":true,"href":"https:\/\/tpmadalina42.supserv.cozmoslabs.com\/fi\/wp-json\/wp\/v2\/product_tag?post=241902"}],"curies":[{"name":"wp","href":"https:\/\/api.w.org\/{rel}","templated":true}]}}