{"id":242105,"date":"2024-08-10T18:00:58","date_gmt":"2024-08-11T01:00:58","guid":{"rendered":"https:\/\/glandine.com\/product\/philipp-plein-trendy-weisse-beth-sneakers-fuer-frauen\/"},"modified":"2024-11-29T17:15:43","modified_gmt":"2024-11-29T16:15:43","slug":"philipp-plein-trendy-weisse-beth-sneakers-fuer-frauen","status":"publish","type":"product","link":"https:\/\/tpmadalina42.supserv.cozmoslabs.com\/fi\/tuote-2\/philipp-plein-trendy-weisse-beth-sneakers-fuer-frauen\/","title":{"rendered":"Philipp Plein Trendy Wei\u00dfe Beth Sneakers f\u00fcr Frauen"},"content":{"rendered":"<p>Steigern Sie Ihren Stil mit diesen modischen und sportlichen Philipp Plein Beth Sneakers. Perfekt f\u00fcr Frauen, die mit einem schicken und doch sportlichen Look auffallen wollen. Diese Turnschuhe sind brandneu mit Etiketten, die Authentizit\u00e4t und Qualit\u00e4t zu gew\u00e4hrleisten.<\/p>\n<p>Mit einer eleganten wei\u00dfen Farbe und aus hochwertigem Polyester gefertigt, sind diese Sneaker nicht nur stilvoll, sondern auch langlebig. Die Gummisohle bietet Komfort f\u00fcr den ganzen Tag, ob Sie nun ins Fitnessstudio gehen oder einfach nur einen Spaziergang machen. Die Sneakers sind mit dem charakteristischen Philipp Plein-Logo verziert und stehen f\u00fcr Luxus und modernes Design.<\/p>\n<ul>\n<li>Marke: Philipp Plein<\/li>\n<li>V\u00e4ri: Valkoinen<\/li>\n<li>Materiaali: polyesteri<\/li>\n<li>Pohja: kumia<\/li>\n<li>Alkuper\u00e4maa: IT<\/li>\n<\/ul>","protected":false},"excerpt":{"rendered":"<p>Steigern Sie Ihren Stil mit diesen modischen und sportlichen Philipp Plein Beth Sneakers. Perfekt f\u00fcr Frauen, die mit einem schicken und doch sportlichen Look auffallen wollen. Diese Turnschuhe sind brandneu mit Etiketten, die Authentizit\u00e4t und Qualit\u00e4t zu gew\u00e4hrleisten. Mit einer eleganten wei\u00dfen Farbe und aus hochwertigem Polyester gefertigt, sind diese Sneaker nicht nur stilvoll, sondern [&hellip;]<\/p>","protected":false},"featured_media":242098,"template":"","meta":[],"product_brand":[2080],"product_cat":[1635,1624,1703],"product_tag":[],"class_list":{"0":"post-242105","1":"product","2":"type-product","3":"status-publish","4":"has-post-thumbnail","6":"product_brand-philipp-plein","7":"product_cat-frauen-schuhe","8":"product_cat-schuhe","9":"product_cat-turnschuhe-frauen-schuhe","11":"first","12":"instock","13":"sale","14":"taxable","15":"shipping-taxable","16":"purchasable","17":"product-type-variable"},"_links":{"self":[{"href":"https:\/\/tpmadalina42.supserv.cozmoslabs.com\/fi\/wp-json\/wp\/v2\/product\/242105","targetHints":{"allow":["GET"]}}],"collection":[{"href":"https:\/\/tpmadalina42.supserv.cozmoslabs.com\/fi\/wp-json\/wp\/v2\/product"}],"about":[{"href":"https:\/\/tpmadalina42.supserv.cozmoslabs.com\/fi\/wp-json\/wp\/v2\/types\/product"}],"wp:featuredmedia":[{"embeddable":true,"href":"https:\/\/tpmadalina42.supserv.cozmoslabs.com\/fi\/wp-json\/wp\/v2\/media\/242098"}],"wp:attachment":[{"href":"https:\/\/tpmadalina42.supserv.cozmoslabs.com\/fi\/wp-json\/wp\/v2\/media?parent=242105"}],"wp:term":[{"taxonomy":"product_brand","embeddable":true,"href":"https:\/\/tpmadalina42.supserv.cozmoslabs.com\/fi\/wp-json\/wp\/v2\/product_brand?post=242105"},{"taxonomy":"product_cat","embeddable":true,"href":"https:\/\/tpmadalina42.supserv.cozmoslabs.com\/fi\/wp-json\/wp\/v2\/product_cat?post=242105"},{"taxonomy":"product_tag","embeddable":true,"href":"https:\/\/tpmadalina42.supserv.cozmoslabs.com\/fi\/wp-json\/wp\/v2\/product_tag?post=242105"}],"curies":[{"name":"wp","href":"https:\/\/api.w.org\/{rel}","templated":true}]}}