{"id":242165,"date":"2024-08-10T18:08:47","date_gmt":"2024-08-11T01:08:47","guid":{"rendered":"https:\/\/glandine.com\/product\/dolce-gabbana-flats-mit-tigermuster-und-kristallverzierung\/"},"modified":"2024-12-10T09:16:38","modified_gmt":"2024-12-10T08:16:38","slug":"dolce-gabbana-flats-mit-tigermuster-und-kristallverzierung","status":"publish","type":"product","link":"https:\/\/tpmadalina42.supserv.cozmoslabs.com\/fi\/tuote-2\/dolce-gabbana-flats-mit-tigermuster-und-kristallverzierung\/","title":{"rendered":"Dolce &amp; Gabbana tiikerikuvioiset asusteet kristallikoristeilla"},"content":{"rendered":"<p>Gehen Sie stilvoll aus mit diesen auff\u00e4lligen Dolce &amp; Gabbana Flats, einem Zeugnis italienischer Handwerkskunst und mutiger Mode. Mit einem orangefarbenen und schwarzen Tier-Tiger-Muster sind diese Schuhe mehr als nur Schuhe; sie sind ein Statement-St\u00fcck. Mit mehrfarbigen Kristallen verziert und aus luxuri\u00f6sem Ponyhaarmaterial gefertigt, sind diese Schuhe eine schillernde Erg\u00e4nzung f\u00fcr jede Garderobe. Mit einer Ledersohle und dezenten Logodetails verk\u00f6rpern sie die Hingabe der Marke zu Luxus und exklusivem Design.<\/p>\n<ul>\n<li>V\u00e4ri: Oranssi<\/li>\n<li>Material: Ponyhaar, mehrfarbige Kristalle, Ledersohle<\/li>\n<li>Alkuper\u00e4maa: IT<\/li>\n<\/ul>","protected":false},"excerpt":{"rendered":"<p>Gehen Sie stilvoll aus mit diesen auff\u00e4lligen Dolce &amp; Gabbana Flats, einem Zeugnis italienischer Handwerkskunst und mutiger Mode. Mit einem orangefarbenen und schwarzen Tier-Tiger-Muster sind diese Schuhe mehr als nur Schuhe; sie sind ein Statement-St\u00fcck. Mit mehrfarbigen Kristallen verziert und aus luxuri\u00f6sem Ponyhaarmaterial gefertigt, sind diese Schuhe eine schillernde Erg\u00e4nzung f\u00fcr jede Garderobe. Mit einer [&hellip;]<\/p>","protected":false},"featured_media":242158,"template":"","meta":[],"product_brand":[1620],"product_cat":[1635,1660,1624],"product_tag":[],"class_list":{"0":"post-242165","1":"product","2":"type-product","3":"status-publish","4":"has-post-thumbnail","6":"product_brand-dolce-gabbana","7":"product_cat-frauen-schuhe","8":"product_cat-flache-schuhe","9":"product_cat-schuhe","11":"first","12":"instock","13":"sale","14":"taxable","15":"shipping-taxable","16":"purchasable","17":"product-type-variable"},"_links":{"self":[{"href":"https:\/\/tpmadalina42.supserv.cozmoslabs.com\/fi\/wp-json\/wp\/v2\/product\/242165","targetHints":{"allow":["GET"]}}],"collection":[{"href":"https:\/\/tpmadalina42.supserv.cozmoslabs.com\/fi\/wp-json\/wp\/v2\/product"}],"about":[{"href":"https:\/\/tpmadalina42.supserv.cozmoslabs.com\/fi\/wp-json\/wp\/v2\/types\/product"}],"wp:featuredmedia":[{"embeddable":true,"href":"https:\/\/tpmadalina42.supserv.cozmoslabs.com\/fi\/wp-json\/wp\/v2\/media\/242158"}],"wp:attachment":[{"href":"https:\/\/tpmadalina42.supserv.cozmoslabs.com\/fi\/wp-json\/wp\/v2\/media?parent=242165"}],"wp:term":[{"taxonomy":"product_brand","embeddable":true,"href":"https:\/\/tpmadalina42.supserv.cozmoslabs.com\/fi\/wp-json\/wp\/v2\/product_brand?post=242165"},{"taxonomy":"product_cat","embeddable":true,"href":"https:\/\/tpmadalina42.supserv.cozmoslabs.com\/fi\/wp-json\/wp\/v2\/product_cat?post=242165"},{"taxonomy":"product_tag","embeddable":true,"href":"https:\/\/tpmadalina42.supserv.cozmoslabs.com\/fi\/wp-json\/wp\/v2\/product_tag?post=242165"}],"curies":[{"name":"wp","href":"https:\/\/api.w.org\/{rel}","templated":true}]}}