{"id":242573,"date":"2024-08-11T03:41:15","date_gmt":"2024-08-11T01:41:15","guid":{"rendered":"https:\/\/glandine.com\/product\/jimmy-choo-ballett-rosa-chic-gepolsterte-turnschuhe\/"},"modified":"2024-11-29T17:32:26","modified_gmt":"2024-11-29T16:32:26","slug":"jimmy-choo-ballett-rosa-chic-gepolsterte-turnschuhe","status":"publish","type":"product","link":"https:\/\/tpmadalina42.supserv.cozmoslabs.com\/fi\/tuote-2\/jimmy-choo-ballett-rosa-chic-gepolsterte-turnschuhe\/","title":{"rendered":"Jimmy Choo Ballet Pink Chic Pehmustetut tennarit"},"content":{"rendered":"<p>Gehen Sie stilvoll aus mit diesen atemberaubenden Jimmy Choo &#8222;Raine ynp&#8220; Sneakers. Brandneu mit Tags, inklusive Staubbeutel und Original-Schuhkarton, versprechen diese Sneakers sowohl Luxus als auch Komfort. Sie sind in zartem Ballettrosa mit auff\u00e4lligen roten Akzenten gehalten und aus gepolstertem Nylon gefertigt, das bei jedem Schritt f\u00fcr ein angenehmes Tragegef\u00fchl sorgt. Perfekt, um einen Farbtupfer und einen Hauch von Eleganz in jedes Freizeitoutfit zu bringen.<\/p>\n<ul>\n<li>Material: Gepolstertes Nylon<\/li>\n<li>Farbe: Ballett Rosa\/Rot<\/li>\n<li>Alkuper\u00e4maa: IT<\/li>\n<\/ul>","protected":false},"excerpt":{"rendered":"<p>Gehen Sie stilvoll aus mit diesen atemberaubenden Jimmy Choo &#8222;Raine ynp&#8220; Sneakers. Brandneu mit Tags, inklusive Staubbeutel und Original-Schuhkarton, versprechen diese Sneakers sowohl Luxus als auch Komfort. Sie sind in zartem Ballettrosa mit auff\u00e4lligen roten Akzenten gehalten und aus gepolstertem Nylon gefertigt, das bei jedem Schritt f\u00fcr ein angenehmes Tragegef\u00fchl sorgt. Perfekt, um einen Farbtupfer [&hellip;]<\/p>","protected":false},"featured_media":242567,"template":"","meta":[],"product_brand":[2088],"product_cat":[1635,1624,1703],"product_tag":[],"class_list":{"0":"post-242573","1":"product","2":"type-product","3":"status-publish","4":"has-post-thumbnail","6":"product_brand-jimmy-choo","7":"product_cat-frauen-schuhe","8":"product_cat-schuhe","9":"product_cat-turnschuhe-frauen-schuhe","11":"first","12":"instock","13":"sale","14":"taxable","15":"shipping-taxable","16":"purchasable","17":"product-type-variable"},"_links":{"self":[{"href":"https:\/\/tpmadalina42.supserv.cozmoslabs.com\/fi\/wp-json\/wp\/v2\/product\/242573","targetHints":{"allow":["GET"]}}],"collection":[{"href":"https:\/\/tpmadalina42.supserv.cozmoslabs.com\/fi\/wp-json\/wp\/v2\/product"}],"about":[{"href":"https:\/\/tpmadalina42.supserv.cozmoslabs.com\/fi\/wp-json\/wp\/v2\/types\/product"}],"wp:featuredmedia":[{"embeddable":true,"href":"https:\/\/tpmadalina42.supserv.cozmoslabs.com\/fi\/wp-json\/wp\/v2\/media\/242567"}],"wp:attachment":[{"href":"https:\/\/tpmadalina42.supserv.cozmoslabs.com\/fi\/wp-json\/wp\/v2\/media?parent=242573"}],"wp:term":[{"taxonomy":"product_brand","embeddable":true,"href":"https:\/\/tpmadalina42.supserv.cozmoslabs.com\/fi\/wp-json\/wp\/v2\/product_brand?post=242573"},{"taxonomy":"product_cat","embeddable":true,"href":"https:\/\/tpmadalina42.supserv.cozmoslabs.com\/fi\/wp-json\/wp\/v2\/product_cat?post=242573"},{"taxonomy":"product_tag","embeddable":true,"href":"https:\/\/tpmadalina42.supserv.cozmoslabs.com\/fi\/wp-json\/wp\/v2\/product_tag?post=242573"}],"curies":[{"name":"wp","href":"https:\/\/api.w.org\/{rel}","templated":true}]}}