{"id":242695,"date":"2024-08-10T19:10:13","date_gmt":"2024-08-11T02:10:13","guid":{"rendered":"https:\/\/glandine.com\/product\/jimmy-choo-electric-elegance-leder-mix-sneakers\/"},"modified":"2024-11-29T17:57:43","modified_gmt":"2024-11-29T16:57:43","slug":"jimmy-choo-electric-elegance-leder-mix-sneakers","status":"publish","type":"product","link":"https:\/\/tpmadalina42.supserv.cozmoslabs.com\/fi\/tuote-2\/jimmy-choo-electric-elegance-leder-mix-sneakers\/","title":{"rendered":"Jimmy Choo Electric Elegance Leather Mix Tennarit"},"content":{"rendered":"<p>Mit unseren Electric Blue and Orange Sneakers, die Luxus mit sportlichem Stil verbinden, sind Sie auf der H\u00f6he der Zeit. Diese Schuhe sind der Inbegriff von Mode und Funktion und bestechen durch ihr elegantes Design. Jedes Paar wird mit den Original-Etiketten und einem sch\u00fctzenden Staubbeutel geliefert und ist elegant in seinem Schuhkarton verpackt. Genie\u00dfen Sie die tadellose Handwerkskunst und das ikonische Design, das f\u00fcr die gesch\u00e4tzte Marke Jimmy Choo steht.<\/p>\n<ul>\n<li>Material: Stretch Mesh\/Leder Mix<\/li>\n<li>Farbe: Electric Blue\/Orange<\/li>\n<li>Alkuper\u00e4maa: IT<\/li>\n<\/ul>","protected":false},"excerpt":{"rendered":"<p>Mit unseren Electric Blue and Orange Sneakers, die Luxus mit sportlichem Stil verbinden, sind Sie auf der H\u00f6he der Zeit. Diese Schuhe sind der Inbegriff von Mode und Funktion und bestechen durch ihr elegantes Design. Jedes Paar wird mit den Original-Etiketten und einem sch\u00fctzenden Staubbeutel geliefert und ist elegant in seinem Schuhkarton verpackt. Genie\u00dfen Sie [&hellip;]<\/p>","protected":false},"featured_media":242688,"template":"","meta":[],"product_brand":[2088],"product_cat":[1635,1624,1703],"product_tag":[],"class_list":{"0":"post-242695","1":"product","2":"type-product","3":"status-publish","4":"has-post-thumbnail","6":"product_brand-jimmy-choo","7":"product_cat-frauen-schuhe","8":"product_cat-schuhe","9":"product_cat-turnschuhe-frauen-schuhe","11":"first","12":"instock","13":"sale","14":"taxable","15":"shipping-taxable","16":"purchasable","17":"product-type-variable"},"_links":{"self":[{"href":"https:\/\/tpmadalina42.supserv.cozmoslabs.com\/fi\/wp-json\/wp\/v2\/product\/242695","targetHints":{"allow":["GET"]}}],"collection":[{"href":"https:\/\/tpmadalina42.supserv.cozmoslabs.com\/fi\/wp-json\/wp\/v2\/product"}],"about":[{"href":"https:\/\/tpmadalina42.supserv.cozmoslabs.com\/fi\/wp-json\/wp\/v2\/types\/product"}],"wp:featuredmedia":[{"embeddable":true,"href":"https:\/\/tpmadalina42.supserv.cozmoslabs.com\/fi\/wp-json\/wp\/v2\/media\/242688"}],"wp:attachment":[{"href":"https:\/\/tpmadalina42.supserv.cozmoslabs.com\/fi\/wp-json\/wp\/v2\/media?parent=242695"}],"wp:term":[{"taxonomy":"product_brand","embeddable":true,"href":"https:\/\/tpmadalina42.supserv.cozmoslabs.com\/fi\/wp-json\/wp\/v2\/product_brand?post=242695"},{"taxonomy":"product_cat","embeddable":true,"href":"https:\/\/tpmadalina42.supserv.cozmoslabs.com\/fi\/wp-json\/wp\/v2\/product_cat?post=242695"},{"taxonomy":"product_tag","embeddable":true,"href":"https:\/\/tpmadalina42.supserv.cozmoslabs.com\/fi\/wp-json\/wp\/v2\/product_tag?post=242695"}],"curies":[{"name":"wp","href":"https:\/\/api.w.org\/{rel}","templated":true}]}}