{"id":243376,"date":"2024-08-10T20:24:43","date_gmt":"2024-08-11T03:24:43","guid":{"rendered":"https:\/\/glandine.com\/product\/scervino-street-eleganter-taillenguertel-aus-leder-in-braun\/"},"modified":"2024-11-29T18:31:43","modified_gmt":"2024-11-29T17:31:43","slug":"scervino-street-eleganter-taillenguertel-aus-leder-in-braun","status":"publish","type":"product","link":"https:\/\/tpmadalina42.supserv.cozmoslabs.com\/fi\/tuote-2\/scervino-street-eleganter-taillenguertel-aus-leder-in-braun\/","title":{"rendered":"Scervino Street Eleganter Tailleng\u00fcrtel aus Leder in Braun"},"content":{"rendered":"<p>Der Inbegriff von Raffinesse: der <strong>Scervino Street<\/strong> Leather Waist Belt. Dieses exquisite Accessoire ist brandneu mit Etiketten und bietet ein unvergleichliches Ma\u00df an Luxus und Authentizit\u00e4t. Er ist aus feinstem Leder in einem satten Braunton gefertigt, hat ein unifarbenes Muster und ist mit silberfarbenen Beschl\u00e4gen verziert, einschlie\u00dflich eines klassischen Schnallenverschlusses. Ein subtiler und doch auff\u00e4lliger Hinweis auf die Marke ist das verschlungene Logodetail. Peppen Sie Ihr Outfit mit diesem in Italien gefertigten Meisterwerk auf.<\/p>\n<ul>\n<li>Materiaali: nahka<\/li>\n<li>V\u00e4ri: Ruskea<\/li>\n<li>Motiivi: Yksinkertainen kuvio<\/li>\n<li>Alkuper\u00e4: Valmistettu Italiassa<\/li>\n<\/ul>","protected":false},"excerpt":{"rendered":"<p>Der Inbegriff von Raffinesse: der Scervino Street Leather Waist Belt. Dieses exquisite Accessoire ist brandneu mit Etiketten und bietet ein unvergleichliches Ma\u00df an Luxus und Authentizit\u00e4t. Er ist aus feinstem Leder in einem satten Braunton gefertigt, hat ein unifarbenes Muster und ist mit silberfarbenen Beschl\u00e4gen verziert, einschlie\u00dflich eines klassischen Schnallenverschlusses. Ein subtiler und doch auff\u00e4lliger [&hellip;]<\/p>","protected":false},"featured_media":243373,"template":"","meta":[],"product_brand":[2133],"product_cat":[1621,1632,1652],"product_tag":[],"class_list":{"0":"post-243376","1":"product","2":"type-product","3":"status-publish","4":"has-post-thumbnail","6":"product_brand-scervino-street","7":"product_cat-accessoire","8":"product_cat-frauen-zubehoer","9":"product_cat-guertel-frauen-zubehoer","11":"first","12":"instock","13":"sale","14":"taxable","15":"shipping-taxable","16":"purchasable","17":"product-type-variable"},"_links":{"self":[{"href":"https:\/\/tpmadalina42.supserv.cozmoslabs.com\/fi\/wp-json\/wp\/v2\/product\/243376","targetHints":{"allow":["GET"]}}],"collection":[{"href":"https:\/\/tpmadalina42.supserv.cozmoslabs.com\/fi\/wp-json\/wp\/v2\/product"}],"about":[{"href":"https:\/\/tpmadalina42.supserv.cozmoslabs.com\/fi\/wp-json\/wp\/v2\/types\/product"}],"wp:featuredmedia":[{"embeddable":true,"href":"https:\/\/tpmadalina42.supserv.cozmoslabs.com\/fi\/wp-json\/wp\/v2\/media\/243373"}],"wp:attachment":[{"href":"https:\/\/tpmadalina42.supserv.cozmoslabs.com\/fi\/wp-json\/wp\/v2\/media?parent=243376"}],"wp:term":[{"taxonomy":"product_brand","embeddable":true,"href":"https:\/\/tpmadalina42.supserv.cozmoslabs.com\/fi\/wp-json\/wp\/v2\/product_brand?post=243376"},{"taxonomy":"product_cat","embeddable":true,"href":"https:\/\/tpmadalina42.supserv.cozmoslabs.com\/fi\/wp-json\/wp\/v2\/product_cat?post=243376"},{"taxonomy":"product_tag","embeddable":true,"href":"https:\/\/tpmadalina42.supserv.cozmoslabs.com\/fi\/wp-json\/wp\/v2\/product_tag?post=243376"}],"curies":[{"name":"wp","href":"https:\/\/api.w.org\/{rel}","templated":true}]}}