{"id":243400,"date":"2024-08-10T20:26:33","date_gmt":"2024-08-11T03:26:33","guid":{"rendered":"https:\/\/glandine.com\/product\/ermanno-scervino-eleganter-klassischer-schwarzer-lederguertel\/"},"modified":"2024-11-29T18:32:24","modified_gmt":"2024-11-29T17:32:24","slug":"ermanno-scervino-eleganter-klassischer-schwarzer-lederguertel","status":"publish","type":"product","link":"https:\/\/tpmadalina42.supserv.cozmoslabs.com\/fi\/tuote-2\/ermanno-scervino-eleganter-klassischer-schwarzer-lederguertel\/","title":{"rendered":"Ermanno Scervino Eleganter klassischer schwarzer Lederg\u00fcrtel"},"content":{"rendered":"<p>G\u00f6nnen Sie sich den Luxus italienischer Handwerkskunst mit dem pr\u00e4chtigen Lederg\u00fcrtel von Ermanno Scervino, ein zeitloses Accessoire, das jedes Ensemble aufwertet. Aus hochwertigem schwarzem Leder gefertigt und mit rustikaler Hardware akzentuiert, garantiert dieser G\u00fcrtel sowohl Stil als auch Haltbarkeit. Sein verstellbares Design verspricht eine perfekte Passform f\u00fcr eine tadellose Silhouette. Setzen Sie mit diesem schicken Accessoire, das mit dem kultigen Ermanno Scervino-Logo verziert ist, ein subtiles, aber wirkungsvolles Statement.<\/p>\n<ul>\n<li>Materiaali: nahka<\/li>\n<li>V\u00e4ri: Musta<\/li>\n<li>Motiivi: Yksinkertainen kuvio<\/li>\n<li>Verstellbarer G\u00fcrtel<\/li>\n<li>Logon yksityiskohdat<\/li>\n<li>Valmistettu Italiassa<\/li>\n<\/ul>","protected":false},"excerpt":{"rendered":"<p>G\u00f6nnen Sie sich den Luxus italienischer Handwerkskunst mit dem pr\u00e4chtigen Lederg\u00fcrtel von Ermanno Scervino, ein zeitloses Accessoire, das jedes Ensemble aufwertet. Aus hochwertigem schwarzem Leder gefertigt und mit rustikaler Hardware akzentuiert, garantiert dieser G\u00fcrtel sowohl Stil als auch Haltbarkeit. Sein verstellbares Design verspricht eine perfekte Passform f\u00fcr eine tadellose Silhouette. Setzen Sie mit diesem schicken [&hellip;]<\/p>","protected":false},"featured_media":243397,"template":"","meta":[],"product_brand":[1831],"product_cat":[1621,1632,1652],"product_tag":[],"class_list":{"0":"post-243400","1":"product","2":"type-product","3":"status-publish","4":"has-post-thumbnail","6":"product_brand-ermanno-scervino","7":"product_cat-accessoire","8":"product_cat-frauen-zubehoer","9":"product_cat-guertel-frauen-zubehoer","11":"first","12":"instock","13":"sale","14":"taxable","15":"shipping-taxable","16":"purchasable","17":"product-type-variable"},"_links":{"self":[{"href":"https:\/\/tpmadalina42.supserv.cozmoslabs.com\/fi\/wp-json\/wp\/v2\/product\/243400","targetHints":{"allow":["GET"]}}],"collection":[{"href":"https:\/\/tpmadalina42.supserv.cozmoslabs.com\/fi\/wp-json\/wp\/v2\/product"}],"about":[{"href":"https:\/\/tpmadalina42.supserv.cozmoslabs.com\/fi\/wp-json\/wp\/v2\/types\/product"}],"wp:featuredmedia":[{"embeddable":true,"href":"https:\/\/tpmadalina42.supserv.cozmoslabs.com\/fi\/wp-json\/wp\/v2\/media\/243397"}],"wp:attachment":[{"href":"https:\/\/tpmadalina42.supserv.cozmoslabs.com\/fi\/wp-json\/wp\/v2\/media?parent=243400"}],"wp:term":[{"taxonomy":"product_brand","embeddable":true,"href":"https:\/\/tpmadalina42.supserv.cozmoslabs.com\/fi\/wp-json\/wp\/v2\/product_brand?post=243400"},{"taxonomy":"product_cat","embeddable":true,"href":"https:\/\/tpmadalina42.supserv.cozmoslabs.com\/fi\/wp-json\/wp\/v2\/product_cat?post=243400"},{"taxonomy":"product_tag","embeddable":true,"href":"https:\/\/tpmadalina42.supserv.cozmoslabs.com\/fi\/wp-json\/wp\/v2\/product_tag?post=243400"}],"curies":[{"name":"wp","href":"https:\/\/api.w.org\/{rel}","templated":true}]}}