{"id":244055,"date":"2024-08-11T06:59:03","date_gmt":"2024-08-11T04:59:03","guid":{"rendered":"https:\/\/glandine.com\/product\/exquisite-plein-sport-sneakers-fuer-maenner\/"},"modified":"2024-11-29T17:49:18","modified_gmt":"2024-11-29T16:49:18","slug":"exquisite-plein-sport-sneakers-fuer-maenner","status":"publish","type":"product","link":"https:\/\/tpmadalina42.supserv.cozmoslabs.com\/fi\/tuote-2\/exquisite-plein-sport-sneakers-fuer-maenner\/","title":{"rendered":"Exquisite Plein Sport Sneakers f\u00fcr M\u00e4nner"},"content":{"rendered":"<p>Gehen Sie stilvoll aus mit den neuesten 100% authentischen Plein Sport Herren-Sneakers, neu mit Etiketten und Originalverpackung. Die &#8222;Adrian Sport Shoes&#8220; sind in schlichtem Wei\u00df gehalten und aus hochwertigem Polyester gefertigt, das f\u00fcr Komfort und Langlebigkeit sorgt. Die robuste Gummisohle ist f\u00fcr eine lange Lebensdauer ausgelegt, w\u00e4hrend das charakteristische Plein Sport-Logo Ihrem Look einen exklusiven Hauch von Luxus verleiht. Perfekt f\u00fcr alle, die hochwertige Handwerkskunst und trendiges Design zu sch\u00e4tzen wissen.<\/p>\n<ul>\n<li>Materiaali: polyesteri<\/li>\n<li>V\u00e4ri: Valkoinen<\/li>\n<li>Pohja: kumia<\/li>\n<li>Alkuper\u00e4maa: IT<\/li>\n<li>Marke: Plein Sport<\/li>\n<\/ul>","protected":false},"excerpt":{"rendered":"<p>Gehen Sie stilvoll aus mit den neuesten 100% authentischen Plein Sport Herren-Sneakers, neu mit Etiketten und Originalverpackung. Die &#8222;Adrian Sport Shoes&#8220; sind in schlichtem Wei\u00df gehalten und aus hochwertigem Polyester gefertigt, das f\u00fcr Komfort und Langlebigkeit sorgt. Die robuste Gummisohle ist f\u00fcr eine lange Lebensdauer ausgelegt, w\u00e4hrend das charakteristische Plein Sport-Logo Ihrem Look einen exklusiven [&hellip;]<\/p>","protected":false},"featured_media":244049,"template":"","meta":[],"product_brand":[2108],"product_cat":[1634,1624,1702],"product_tag":[],"class_list":{"0":"post-244055","1":"product","2":"type-product","3":"status-publish","4":"has-post-thumbnail","6":"product_brand-plein-sport","7":"product_cat-maenner-schuhe","8":"product_cat-schuhe","9":"product_cat-turnschuhe","11":"first","12":"instock","13":"sale","14":"taxable","15":"shipping-taxable","16":"purchasable","17":"product-type-variable"},"_links":{"self":[{"href":"https:\/\/tpmadalina42.supserv.cozmoslabs.com\/fi\/wp-json\/wp\/v2\/product\/244055","targetHints":{"allow":["GET"]}}],"collection":[{"href":"https:\/\/tpmadalina42.supserv.cozmoslabs.com\/fi\/wp-json\/wp\/v2\/product"}],"about":[{"href":"https:\/\/tpmadalina42.supserv.cozmoslabs.com\/fi\/wp-json\/wp\/v2\/types\/product"}],"wp:featuredmedia":[{"embeddable":true,"href":"https:\/\/tpmadalina42.supserv.cozmoslabs.com\/fi\/wp-json\/wp\/v2\/media\/244049"}],"wp:attachment":[{"href":"https:\/\/tpmadalina42.supserv.cozmoslabs.com\/fi\/wp-json\/wp\/v2\/media?parent=244055"}],"wp:term":[{"taxonomy":"product_brand","embeddable":true,"href":"https:\/\/tpmadalina42.supserv.cozmoslabs.com\/fi\/wp-json\/wp\/v2\/product_brand?post=244055"},{"taxonomy":"product_cat","embeddable":true,"href":"https:\/\/tpmadalina42.supserv.cozmoslabs.com\/fi\/wp-json\/wp\/v2\/product_cat?post=244055"},{"taxonomy":"product_tag","embeddable":true,"href":"https:\/\/tpmadalina42.supserv.cozmoslabs.com\/fi\/wp-json\/wp\/v2\/product_tag?post=244055"}],"curies":[{"name":"wp","href":"https:\/\/api.w.org\/{rel}","templated":true}]}}