{"id":244313,"date":"2024-08-10T22:18:23","date_gmt":"2024-08-11T05:18:23","guid":{"rendered":"https:\/\/glandine.com\/product\/dolce-gabbana-elegantes-midikleid-mit-lilienprint-und-spitzenbesatz\/"},"modified":"2024-11-29T19:26:10","modified_gmt":"2024-11-29T18:26:10","slug":"dolce-gabbana-elegantes-midikleid-mit-lilienprint-und-spitzenbesatz","status":"publish","type":"product","link":"https:\/\/tpmadalina42.supserv.cozmoslabs.com\/fi\/tuote-2\/dolce-gabbana-elegantes-midikleid-mit-lilienprint-und-spitzenbesatz\/","title":{"rendered":"Dolce &amp; Gabbana Elegantti midi-mekko, jossa on liljakuvio ja pitsikoristeita."},"content":{"rendered":"<p>Genie\u00dfen Sie die schlichte Eleganz dieses Midikleids <strong>Kirjailija: Dolce &amp; Gabbana<\/strong>, das aus einer luxuri\u00f6sen Mischung aus Baumwolle, Nylon und Viskose gefertigt ist und bei jeder Bewegung f\u00fcr Komfort sorgt. Das Kleid ist mit einem lebhaften Lilienprint in einem harmonischen Mix aus Schwarz, Gr\u00fcn, Rosa und Creme verziert und strahlt Raffinesse aus. Der zarte Spitzenbesatz und der figurschmeichelnde Stretchbund verbinden Weiblichkeit und Komfort nahtlos miteinander. Der Rei\u00dfverschluss am R\u00fccken sorgt f\u00fcr eine ma\u00dfgeschneiderte Passform und eignet sich f\u00fcr eine Vielzahl von Anl\u00e4ssen. Dieses in Italien gefertigte Meisterwerk ist ein wahrer Vertreter exklusiver Handwerkskunst.<\/p>\n<ul>\n<li>Farbe: Schwarz mit mehrfarbigem Lilienprint<\/li>\n<li>Material: 89% Baumwolle 9% Nylon 2% Rayon<\/li>\n<li>Innenfutter: 100% Baumwolle<\/li>\n<li>Alkuper\u00e4maa: IT<\/li>\n<\/ul>","protected":false},"excerpt":{"rendered":"<p>Genie\u00dfen Sie die schlichte Eleganz dieses Midikleids von Dolce &amp; Gabbana, das aus einer luxuri\u00f6sen Mischung aus Baumwolle, Nylon und Viskose gefertigt ist und bei jeder Bewegung f\u00fcr Komfort sorgt. Das Kleid ist mit einem lebhaften Lilienprint in einem harmonischen Mix aus Schwarz, Gr\u00fcn, Rosa und Creme verziert und strahlt Raffinesse aus. Der zarte Spitzenbesatz [&hellip;]<\/p>","protected":false},"featured_media":244309,"template":"","meta":[],"product_brand":[1620],"product_cat":[1637,1659,1623],"product_tag":[],"class_list":{"0":"post-244313","1":"product","2":"type-product","3":"status-publish","4":"has-post-thumbnail","6":"product_brand-dolce-gabbana","7":"product_cat-frauen-kleidung","8":"product_cat-kleider","9":"product_cat-kleidung","11":"first","12":"instock","13":"sale","14":"taxable","15":"shipping-taxable","16":"purchasable","17":"product-type-variable"},"_links":{"self":[{"href":"https:\/\/tpmadalina42.supserv.cozmoslabs.com\/fi\/wp-json\/wp\/v2\/product\/244313","targetHints":{"allow":["GET"]}}],"collection":[{"href":"https:\/\/tpmadalina42.supserv.cozmoslabs.com\/fi\/wp-json\/wp\/v2\/product"}],"about":[{"href":"https:\/\/tpmadalina42.supserv.cozmoslabs.com\/fi\/wp-json\/wp\/v2\/types\/product"}],"wp:featuredmedia":[{"embeddable":true,"href":"https:\/\/tpmadalina42.supserv.cozmoslabs.com\/fi\/wp-json\/wp\/v2\/media\/244309"}],"wp:attachment":[{"href":"https:\/\/tpmadalina42.supserv.cozmoslabs.com\/fi\/wp-json\/wp\/v2\/media?parent=244313"}],"wp:term":[{"taxonomy":"product_brand","embeddable":true,"href":"https:\/\/tpmadalina42.supserv.cozmoslabs.com\/fi\/wp-json\/wp\/v2\/product_brand?post=244313"},{"taxonomy":"product_cat","embeddable":true,"href":"https:\/\/tpmadalina42.supserv.cozmoslabs.com\/fi\/wp-json\/wp\/v2\/product_cat?post=244313"},{"taxonomy":"product_tag","embeddable":true,"href":"https:\/\/tpmadalina42.supserv.cozmoslabs.com\/fi\/wp-json\/wp\/v2\/product_tag?post=244313"}],"curies":[{"name":"wp","href":"https:\/\/api.w.org\/{rel}","templated":true}]}}