{"id":244320,"date":"2024-08-10T22:18:53","date_gmt":"2024-08-11T05:18:53","guid":{"rendered":"https:\/\/glandine.com\/product\/dolce-gabbana-aermelloses-midikleid-mit-sizilianischem-taschendruck\/"},"modified":"2024-11-29T19:26:18","modified_gmt":"2024-11-29T18:26:18","slug":"dolce-gabbana-aermelloses-midikleid-mit-sizilianischem-taschendruck","status":"publish","type":"product","link":"https:\/\/tpmadalina42.supserv.cozmoslabs.com\/fi\/tuote-2\/dolce-gabbana-aermelloses-midikleid-mit-sizilianischem-taschendruck\/","title":{"rendered":"Dolce &amp; Gabbana hihaton midimekko, jossa sisilialainen taskuprintti"},"content":{"rendered":"<p>G\u00f6nnen Sie sich die Essenz der Raffinesse mit unserem atemberaubenden \u00e4rmellosen Midikleid, ein Statement-St\u00fcck, das die exklusive und hohe Handwerkskunst von Dolce &amp; Gabbana ausstrahlt. Dieses wundersch\u00f6ne Kleid zeigt eine elegante A-Linien-Silhouette, die durch einen sizilianischen Bag-Print auf klassischem schwarzem Hintergrund erg\u00e4nzt wird, und sorgt f\u00fcr einen faszinierenden Auftritt bei jeder Veranstaltung. Das Kleid bietet eine bequeme Passform mit einem Innenfutter aus Seidenstretch, einen nahtlosen Rei\u00dfverschluss auf der R\u00fcckseite und die Logodetails der Marke als Zeichen von Luxus und Authentizit\u00e4t. Dieses in Italien gefertigte Kleid ist nicht nur ein Kleidungsst\u00fcck, sondern ein Kunstwerk, das Stil und Eleganz verk\u00f6rpert.<\/p>\n<ul>\n<li>Farbe: Schwarzer Sicily Bag Print<\/li>\n<li>Material: 95% Seide, 5% Elastan<\/li>\n<li>Innenfutter: 86% Seide, 8% Baumwolle, 4% Elastan, 2% Nylon<\/li>\n<li>Alkuper\u00e4maa: IT<\/li>\n<\/ul>","protected":false},"excerpt":{"rendered":"<p>G\u00f6nnen Sie sich die Essenz der Raffinesse mit unserem atemberaubenden \u00e4rmellosen Midikleid, ein Statement-St\u00fcck, das die exklusive und hohe Handwerkskunst von Dolce &amp; Gabbana ausstrahlt. Dieses wundersch\u00f6ne Kleid zeigt eine elegante A-Linien-Silhouette, die durch einen sizilianischen Bag-Print auf klassischem schwarzem Hintergrund erg\u00e4nzt wird, und sorgt f\u00fcr einen faszinierenden Auftritt bei jeder Veranstaltung. Das Kleid bietet [&hellip;]<\/p>","protected":false},"featured_media":244316,"template":"","meta":[],"product_brand":[1620],"product_cat":[1637,1659,1623],"product_tag":[],"class_list":{"0":"post-244320","1":"product","2":"type-product","3":"status-publish","4":"has-post-thumbnail","6":"product_brand-dolce-gabbana","7":"product_cat-frauen-kleidung","8":"product_cat-kleider","9":"product_cat-kleidung","11":"first","12":"instock","13":"sale","14":"taxable","15":"shipping-taxable","16":"purchasable","17":"product-type-variable"},"_links":{"self":[{"href":"https:\/\/tpmadalina42.supserv.cozmoslabs.com\/fi\/wp-json\/wp\/v2\/product\/244320","targetHints":{"allow":["GET"]}}],"collection":[{"href":"https:\/\/tpmadalina42.supserv.cozmoslabs.com\/fi\/wp-json\/wp\/v2\/product"}],"about":[{"href":"https:\/\/tpmadalina42.supserv.cozmoslabs.com\/fi\/wp-json\/wp\/v2\/types\/product"}],"wp:featuredmedia":[{"embeddable":true,"href":"https:\/\/tpmadalina42.supserv.cozmoslabs.com\/fi\/wp-json\/wp\/v2\/media\/244316"}],"wp:attachment":[{"href":"https:\/\/tpmadalina42.supserv.cozmoslabs.com\/fi\/wp-json\/wp\/v2\/media?parent=244320"}],"wp:term":[{"taxonomy":"product_brand","embeddable":true,"href":"https:\/\/tpmadalina42.supserv.cozmoslabs.com\/fi\/wp-json\/wp\/v2\/product_brand?post=244320"},{"taxonomy":"product_cat","embeddable":true,"href":"https:\/\/tpmadalina42.supserv.cozmoslabs.com\/fi\/wp-json\/wp\/v2\/product_cat?post=244320"},{"taxonomy":"product_tag","embeddable":true,"href":"https:\/\/tpmadalina42.supserv.cozmoslabs.com\/fi\/wp-json\/wp\/v2\/product_tag?post=244320"}],"curies":[{"name":"wp","href":"https:\/\/api.w.org\/{rel}","templated":true}]}}