{"id":244335,"date":"2024-08-10T22:19:44","date_gmt":"2024-08-11T05:19:44","guid":{"rendered":"https:\/\/glandine.com\/product\/dolce-gabbana-elegantes-rotes-midi-etuikleid-mit-blumenmuster\/"},"modified":"2024-11-29T19:26:25","modified_gmt":"2024-11-29T18:26:25","slug":"dolce-gabbana-elegantes-rotes-midi-etuikleid-mit-blumenmuster","status":"publish","type":"product","link":"https:\/\/tpmadalina42.supserv.cozmoslabs.com\/fi\/tuote-2\/dolce-gabbana-elegantes-rotes-midi-etuikleid-mit-blumenmuster\/","title":{"rendered":"Dolce &amp; Gabbana Elegantes Rotes Midi-Etuikleid mit Blumenmuster"},"content":{"rendered":"<p>Entdecken Sie den Inbegriff italienischer Eleganz mit diesem atemberaubenden Midi-Mantelkleid von Dolce &amp; Gabbana. Das aus doppeltem Baumwollt\u00fcll gefertigte Kleid besticht durch ein lebhaftes, mehrfarbiges Blumenmuster, das Romantik und Raffinesse ausstrahlt. Das Mieder mit quadratischem Ausschnitt bietet eine tadellose Struktur, w\u00e4hrend der verdeckte Rei\u00dfverschluss am R\u00fccken f\u00fcr eine nahtlose Silhouette sorgt. Ein Stretch-Satin-Slip aus Seide verleiht diesem exquisiten St\u00fcck, das sich ideal f\u00fcr jede hochkar\u00e4tige Veranstaltung eignet, einen Hauch von Luxus. Mit seiner feinen Handwerkskunst ist dieses Kleid ein wahrer Beweis f\u00fcr die Hingabe von Dolce &amp; Gabbana zu Luxus und Stil.<\/p>\n<ul>\n<li>Farbe: Roter Blumendruck<\/li>\n<li>Materiaali: 100% puuvilla<\/li>\n<li>Sis\u00e4vuori: 94% silkki, 6% elastaani<\/li>\n<li>Alkuper\u00e4maa: Italia<\/li>\n<li>Vetoketju takana<\/li>\n<li>Stretch-Innenfutter aus Seide<\/li>\n<li>Logon yksityiskohdat<\/li>\n<\/ul>","protected":false},"excerpt":{"rendered":"<p>Entdecken Sie den Inbegriff italienischer Eleganz mit diesem atemberaubenden Midi-Mantelkleid von Dolce &amp; Gabbana. Das aus doppeltem Baumwollt\u00fcll gefertigte Kleid besticht durch ein lebhaftes, mehrfarbiges Blumenmuster, das Romantik und Raffinesse ausstrahlt. Das Mieder mit quadratischem Ausschnitt bietet eine tadellose Struktur, w\u00e4hrend der verdeckte Rei\u00dfverschluss am R\u00fccken f\u00fcr eine nahtlose Silhouette sorgt. Ein Stretch-Satin-Slip aus Seide [&hellip;]<\/p>","protected":false},"featured_media":244331,"template":"","meta":[],"product_brand":[1620],"product_cat":[1637,1659,1623],"product_tag":[],"class_list":{"0":"post-244335","1":"product","2":"type-product","3":"status-publish","4":"has-post-thumbnail","6":"product_brand-dolce-gabbana","7":"product_cat-frauen-kleidung","8":"product_cat-kleider","9":"product_cat-kleidung","11":"first","12":"instock","13":"sale","14":"taxable","15":"shipping-taxable","16":"purchasable","17":"product-type-variable"},"_links":{"self":[{"href":"https:\/\/tpmadalina42.supserv.cozmoslabs.com\/fi\/wp-json\/wp\/v2\/product\/244335","targetHints":{"allow":["GET"]}}],"collection":[{"href":"https:\/\/tpmadalina42.supserv.cozmoslabs.com\/fi\/wp-json\/wp\/v2\/product"}],"about":[{"href":"https:\/\/tpmadalina42.supserv.cozmoslabs.com\/fi\/wp-json\/wp\/v2\/types\/product"}],"wp:featuredmedia":[{"embeddable":true,"href":"https:\/\/tpmadalina42.supserv.cozmoslabs.com\/fi\/wp-json\/wp\/v2\/media\/244331"}],"wp:attachment":[{"href":"https:\/\/tpmadalina42.supserv.cozmoslabs.com\/fi\/wp-json\/wp\/v2\/media?parent=244335"}],"wp:term":[{"taxonomy":"product_brand","embeddable":true,"href":"https:\/\/tpmadalina42.supserv.cozmoslabs.com\/fi\/wp-json\/wp\/v2\/product_brand?post=244335"},{"taxonomy":"product_cat","embeddable":true,"href":"https:\/\/tpmadalina42.supserv.cozmoslabs.com\/fi\/wp-json\/wp\/v2\/product_cat?post=244335"},{"taxonomy":"product_tag","embeddable":true,"href":"https:\/\/tpmadalina42.supserv.cozmoslabs.com\/fi\/wp-json\/wp\/v2\/product_tag?post=244335"}],"curies":[{"name":"wp","href":"https:\/\/api.w.org\/{rel}","templated":true}]}}