{"id":244493,"date":"2024-08-10T22:29:47","date_gmt":"2024-08-11T05:29:47","guid":{"rendered":"https:\/\/glandine.com\/product\/dolce-gabbana-elegantes-schwarz-weiss-gemustertes-baumwoll-polo\/"},"modified":"2024-11-29T19:28:34","modified_gmt":"2024-11-29T18:28:34","slug":"dolce-gabbana-elegantes-schwarz-weiss-gemustertes-baumwoll-polo","status":"publish","type":"product","link":"https:\/\/tpmadalina42.supserv.cozmoslabs.com\/fi\/tuote-2\/dolce-gabbana-elegantes-schwarz-weiss-gemustertes-baumwoll-polo\/","title":{"rendered":"Dolce &amp; Gabbana Elegantti mustavalkokuvioinen puuvillapoolo"},"content":{"rendered":"<p>Steigern Sie Ihren Stil mit diesem wundersch\u00f6nen, brandneuen Polo aus 100% authentischer Baumwolle von Dolce &amp; Gabbana. Sein elegantes, wei\u00df-schwarz gemustertes Design mit klassischem Kragen und Knopfleiste auf der Vorderseite setzt ein markantes Statement. Kurze \u00c4rmel verleihen ihm einen Hauch von l\u00e4ssiger Raffinesse, perfekt f\u00fcr jede Gelegenheit. Das hochwertige Material und die Liebe zum Detail, die sich in den Logo-Verzierungen widerspiegelt, wurden in Italien gefertigt.<\/p>\n<p>Materiaali: 100% puuvilla<br \/>V\u00e4ri: Valkoinen<br \/>Alkuper\u00e4maa: IT<\/p>","protected":false},"excerpt":{"rendered":"<p>Steigern Sie Ihren Stil mit diesem wundersch\u00f6nen, brandneuen Polo aus 100% authentischer Baumwolle von Dolce &amp; Gabbana. Sein elegantes, wei\u00df-schwarz gemustertes Design mit klassischem Kragen und Knopfleiste auf der Vorderseite setzt ein markantes Statement. Kurze \u00c4rmel verleihen ihm einen Hauch von l\u00e4ssiger Raffinesse, perfekt f\u00fcr jede Gelegenheit. Das hochwertige Material und die Liebe zum Detail, [&hellip;]<\/p>","protected":false},"featured_media":244489,"template":"","meta":[],"product_brand":[1620],"product_cat":[1637,1696,1623],"product_tag":[],"class_list":{"0":"post-244493","1":"product","2":"type-product","3":"status-publish","4":"has-post-thumbnail","6":"product_brand-dolce-gabbana","7":"product_cat-frauen-kleidung","8":"product_cat-hemden-frauen-kleidung","9":"product_cat-kleidung","11":"first","12":"instock","13":"sale","14":"taxable","15":"shipping-taxable","16":"purchasable","17":"product-type-variable"},"_links":{"self":[{"href":"https:\/\/tpmadalina42.supserv.cozmoslabs.com\/fi\/wp-json\/wp\/v2\/product\/244493","targetHints":{"allow":["GET"]}}],"collection":[{"href":"https:\/\/tpmadalina42.supserv.cozmoslabs.com\/fi\/wp-json\/wp\/v2\/product"}],"about":[{"href":"https:\/\/tpmadalina42.supserv.cozmoslabs.com\/fi\/wp-json\/wp\/v2\/types\/product"}],"wp:featuredmedia":[{"embeddable":true,"href":"https:\/\/tpmadalina42.supserv.cozmoslabs.com\/fi\/wp-json\/wp\/v2\/media\/244489"}],"wp:attachment":[{"href":"https:\/\/tpmadalina42.supserv.cozmoslabs.com\/fi\/wp-json\/wp\/v2\/media?parent=244493"}],"wp:term":[{"taxonomy":"product_brand","embeddable":true,"href":"https:\/\/tpmadalina42.supserv.cozmoslabs.com\/fi\/wp-json\/wp\/v2\/product_brand?post=244493"},{"taxonomy":"product_cat","embeddable":true,"href":"https:\/\/tpmadalina42.supserv.cozmoslabs.com\/fi\/wp-json\/wp\/v2\/product_cat?post=244493"},{"taxonomy":"product_tag","embeddable":true,"href":"https:\/\/tpmadalina42.supserv.cozmoslabs.com\/fi\/wp-json\/wp\/v2\/product_tag?post=244493"}],"curies":[{"name":"wp","href":"https:\/\/api.w.org\/{rel}","templated":true}]}}