{"id":244810,"date":"2024-08-10T22:53:51","date_gmt":"2024-08-11T05:53:51","guid":{"rendered":"https:\/\/glandine.com\/product\/dolce-gabbana-schicke-schwarze-weste-mit-leopardenmuster\/"},"modified":"2024-11-29T19:37:37","modified_gmt":"2024-11-29T18:37:37","slug":"dolce-gabbana-schicke-schwarze-weste-mit-leopardenmuster","status":"publish","type":"product","link":"https:\/\/tpmadalina42.supserv.cozmoslabs.com\/fi\/tuote-2\/dolce-gabbana-schicke-schwarze-weste-mit-leopardenmuster\/","title":{"rendered":"Dolce &amp; Gabbana Chic musta leopardikuvioinen liivi"},"content":{"rendered":"<p>Erleben Sie Luxus mit dieser Weste <strong>Kirjailija: Dolce &amp; Gabbana<\/strong>, die Eleganz und auff\u00e4lligen Stil vereint. Mit einem schwarzen Streifen und einem auff\u00e4lligen braunen Leopardenmuster kommt dieses brandneue St\u00fcck mit Etiketten, die seine Authentizit\u00e4t und seinen makellosen Zustand best\u00e4tigen. Die Weste eignet sich perfekt zum \u00dcberziehen und l\u00e4sst sich mit einem eleganten Knopfverschluss auf der Vorderseite vielseitig stylen. Die in Italien gefertigte Weste ist ein Beispiel f\u00fcr das Engagement der Marke f\u00fcr exquisite Schneiderkunst und modernes Design.<\/p>\n<ul>\n<li>Material: 59% Schurwolle, 39% Polyester, 2% Elastan<\/li>\n<li>V\u00e4ri: Musta<\/li>\n<li>Alkuper\u00e4maa: IT<\/li>\n<li>Edess\u00e4 nappikiinnitys<\/li>\n<li>Logon yksityiskohdat<\/li>\n<\/ul>","protected":false},"excerpt":{"rendered":"<p>Erleben Sie Luxus mit dieser Weste von Dolce &amp; Gabbana, die Eleganz und auff\u00e4lligen Stil vereint. Mit einem schwarzen Streifen und einem auff\u00e4lligen braunen Leopardenmuster kommt dieses brandneue St\u00fcck mit Etiketten, die seine Authentizit\u00e4t und seinen makellosen Zustand best\u00e4tigen. Die Weste eignet sich perfekt zum \u00dcberziehen und l\u00e4sst sich mit einem eleganten Knopfverschluss auf der [&hellip;]<\/p>","protected":false},"featured_media":244806,"template":"","meta":[],"product_brand":[1620],"product_cat":[1637,1623,1719],"product_tag":[],"class_list":{"0":"post-244810","1":"product","2":"type-product","3":"status-publish","4":"has-post-thumbnail","6":"product_brand-dolce-gabbana","7":"product_cat-frauen-kleidung","8":"product_cat-kleidung","9":"product_cat-schutzwesten","11":"first","12":"instock","13":"sale","14":"taxable","15":"shipping-taxable","16":"purchasable","17":"product-type-variable"},"_links":{"self":[{"href":"https:\/\/tpmadalina42.supserv.cozmoslabs.com\/fi\/wp-json\/wp\/v2\/product\/244810","targetHints":{"allow":["GET"]}}],"collection":[{"href":"https:\/\/tpmadalina42.supserv.cozmoslabs.com\/fi\/wp-json\/wp\/v2\/product"}],"about":[{"href":"https:\/\/tpmadalina42.supserv.cozmoslabs.com\/fi\/wp-json\/wp\/v2\/types\/product"}],"wp:featuredmedia":[{"embeddable":true,"href":"https:\/\/tpmadalina42.supserv.cozmoslabs.com\/fi\/wp-json\/wp\/v2\/media\/244806"}],"wp:attachment":[{"href":"https:\/\/tpmadalina42.supserv.cozmoslabs.com\/fi\/wp-json\/wp\/v2\/media?parent=244810"}],"wp:term":[{"taxonomy":"product_brand","embeddable":true,"href":"https:\/\/tpmadalina42.supserv.cozmoslabs.com\/fi\/wp-json\/wp\/v2\/product_brand?post=244810"},{"taxonomy":"product_cat","embeddable":true,"href":"https:\/\/tpmadalina42.supserv.cozmoslabs.com\/fi\/wp-json\/wp\/v2\/product_cat?post=244810"},{"taxonomy":"product_tag","embeddable":true,"href":"https:\/\/tpmadalina42.supserv.cozmoslabs.com\/fi\/wp-json\/wp\/v2\/product_tag?post=244810"}],"curies":[{"name":"wp","href":"https:\/\/api.w.org\/{rel}","templated":true}]}}