{"id":244831,"date":"2024-08-10T22:55:38","date_gmt":"2024-08-11T05:55:38","guid":{"rendered":"https:\/\/glandine.com\/product\/dolce-gabbana-exquisite-jacquard-weste-mit-blumenmuster\/"},"modified":"2024-11-29T19:38:01","modified_gmt":"2024-11-29T18:38:01","slug":"dolce-gabbana-exquisite-jacquard-weste-mit-blumenmuster","status":"publish","type":"product","link":"https:\/\/tpmadalina42.supserv.cozmoslabs.com\/fi\/tuote-2\/dolce-gabbana-exquisite-jacquard-weste-mit-blumenmuster\/","title":{"rendered":"Dolce &amp; Gabbana Exquisite Jacquard-Weste mit Blumenmuster"},"content":{"rendered":"<p>Umarmen Sie die Eleganz mit dieser atemberaubenden neuen \u00e4rmellosen Weste von <b>Dolce &amp; Gabbana<\/b>. Das perfekt aus einer luxuri\u00f6sen Materialmischung gefertigte Modell verf\u00fcgt \u00fcber ein schickes schwarzes Grundmaterial mit einem lebhaften, mehrfarbigen Blumen-Jacquard-Muster, das mit einem Knopfverschluss auf der Vorderseite f\u00fcr ein elegantes Finish versehen ist. Das in Italien gefertigte Kleidungsst\u00fcck ist ein wahrer Beweis f\u00fcr das Engagement der Marke f\u00fcr Premiumqualit\u00e4t und anspruchsvollen Stil. Setzen Sie mit dieser exquisiten Garderobe bei jedem Anlass ein Statement.<\/p>\n<ul>\n<li>Material: 60% Polyester, 37% Seide, 3% Elasthan<\/li>\n<li>Farbe: Schwarz mit mehrfarbigem floralem Jacquard<\/li>\n<li>Edess\u00e4 nappikiinnitys<\/li>\n<li>Logon yksityiskohdat<\/li>\n<li>Alkuper\u00e4maa: IT<\/li>\n<\/ul>","protected":false},"excerpt":{"rendered":"<p>Umarmen Sie die Eleganz mit dieser atemberaubenden neuen \u00e4rmellosen Weste von Dolce &amp; Gabbana. Das perfekt aus einer luxuri\u00f6sen Materialmischung gefertigte Modell verf\u00fcgt \u00fcber ein schickes schwarzes Grundmaterial mit einem lebhaften, mehrfarbigen Blumen-Jacquard-Muster, das mit einem Knopfverschluss auf der Vorderseite f\u00fcr ein elegantes Finish versehen ist. Das in Italien gefertigte Kleidungsst\u00fcck ist ein wahrer Beweis [&hellip;]<\/p>","protected":false},"featured_media":244827,"template":"","meta":[],"product_brand":[1620],"product_cat":[1637,1623,1719],"product_tag":[],"class_list":{"0":"post-244831","1":"product","2":"type-product","3":"status-publish","4":"has-post-thumbnail","6":"product_brand-dolce-gabbana","7":"product_cat-frauen-kleidung","8":"product_cat-kleidung","9":"product_cat-schutzwesten","11":"first","12":"instock","13":"sale","14":"taxable","15":"shipping-taxable","16":"purchasable","17":"product-type-variable"},"_links":{"self":[{"href":"https:\/\/tpmadalina42.supserv.cozmoslabs.com\/fi\/wp-json\/wp\/v2\/product\/244831","targetHints":{"allow":["GET"]}}],"collection":[{"href":"https:\/\/tpmadalina42.supserv.cozmoslabs.com\/fi\/wp-json\/wp\/v2\/product"}],"about":[{"href":"https:\/\/tpmadalina42.supserv.cozmoslabs.com\/fi\/wp-json\/wp\/v2\/types\/product"}],"wp:featuredmedia":[{"embeddable":true,"href":"https:\/\/tpmadalina42.supserv.cozmoslabs.com\/fi\/wp-json\/wp\/v2\/media\/244827"}],"wp:attachment":[{"href":"https:\/\/tpmadalina42.supserv.cozmoslabs.com\/fi\/wp-json\/wp\/v2\/media?parent=244831"}],"wp:term":[{"taxonomy":"product_brand","embeddable":true,"href":"https:\/\/tpmadalina42.supserv.cozmoslabs.com\/fi\/wp-json\/wp\/v2\/product_brand?post=244831"},{"taxonomy":"product_cat","embeddable":true,"href":"https:\/\/tpmadalina42.supserv.cozmoslabs.com\/fi\/wp-json\/wp\/v2\/product_cat?post=244831"},{"taxonomy":"product_tag","embeddable":true,"href":"https:\/\/tpmadalina42.supserv.cozmoslabs.com\/fi\/wp-json\/wp\/v2\/product_tag?post=244831"}],"curies":[{"name":"wp","href":"https:\/\/api.w.org\/{rel}","templated":true}]}}