{"id":244890,"date":"2024-08-10T22:59:19","date_gmt":"2024-08-11T05:59:19","guid":{"rendered":"https:\/\/glandine.com\/product\/dolce-gabbana-elegante-badehose-mit-muscheldruck\/"},"modified":"2024-11-29T19:39:06","modified_gmt":"2024-11-29T18:39:06","slug":"dolce-gabbana-elegante-badehose-mit-muscheldruck","status":"publish","type":"product","link":"https:\/\/tpmadalina42.supserv.cozmoslabs.com\/fi\/tuote-2\/dolce-gabbana-elegante-badehose-mit-muscheldruck\/","title":{"rendered":"Dolce &amp; Gabbana Tyylikk\u00e4\u00e4t uimahousut, joissa simpukankuoriprintti"},"content":{"rendered":"<p>Starten Sie stilvoll in den Sommer mit dieser eleganten Badehose von Dolce &amp; Gabbana. Diese Badehose ist nicht nur ein Musterbeispiel an modischer Exzellenz, sondern auch ein Zeugnis f\u00fcr Komfort und Langlebigkeit. Mit ihrem raffinierten blauen Muscheldruck ist sie perfekt f\u00fcr jeden Strandausflug oder die Entspannung am Pool. Ausgestattet mit einem elastischen Bund und mehreren Taschen, verbinden diese Shorts Funktionalit\u00e4t mit dem kultigen Luxus von Dolce &amp; Gabbana.<\/p>\n<ul>\n<li>V\u00e4ri: Sininen<\/li>\n<li>Materiaali: 100% polyesteri<\/li>\n<li>Alkuper\u00e4maa: IT<\/li>\n<li>Elastisches Taillenband<\/li>\n<li>Zwei Vordertaschen und eine Ges\u00e4\u00dftasche mit Rei\u00dfverschluss<\/li>\n<li>Logodetails f\u00fcr die Wiedererkennung der Marke<\/li>\n<\/ul>","protected":false},"excerpt":{"rendered":"<p>Starten Sie stilvoll in den Sommer mit dieser eleganten Badehose von Dolce &amp; Gabbana. Diese Badehose ist nicht nur ein Musterbeispiel an modischer Exzellenz, sondern auch ein Zeugnis f\u00fcr Komfort und Langlebigkeit. Mit ihrem raffinierten blauen Muscheldruck ist sie perfekt f\u00fcr jeden Strandausflug oder die Entspannung am Pool. Ausgestattet mit einem elastischen Bund und mehreren [&hellip;]<\/p>","protected":false},"featured_media":244885,"template":"","meta":[],"product_brand":[1620],"product_cat":[1709,1633,1623],"product_tag":[],"class_list":{"0":"post-244890","1":"product","2":"type-product","3":"status-publish","4":"has-post-thumbnail","6":"product_brand-dolce-gabbana","7":"product_cat-bademode-maenner-kleidung","8":"product_cat-maenner-kleidung","9":"product_cat-kleidung","11":"first","12":"instock","13":"sale","14":"taxable","15":"shipping-taxable","16":"purchasable","17":"product-type-variable"},"_links":{"self":[{"href":"https:\/\/tpmadalina42.supserv.cozmoslabs.com\/fi\/wp-json\/wp\/v2\/product\/244890","targetHints":{"allow":["GET"]}}],"collection":[{"href":"https:\/\/tpmadalina42.supserv.cozmoslabs.com\/fi\/wp-json\/wp\/v2\/product"}],"about":[{"href":"https:\/\/tpmadalina42.supserv.cozmoslabs.com\/fi\/wp-json\/wp\/v2\/types\/product"}],"wp:featuredmedia":[{"embeddable":true,"href":"https:\/\/tpmadalina42.supserv.cozmoslabs.com\/fi\/wp-json\/wp\/v2\/media\/244885"}],"wp:attachment":[{"href":"https:\/\/tpmadalina42.supserv.cozmoslabs.com\/fi\/wp-json\/wp\/v2\/media?parent=244890"}],"wp:term":[{"taxonomy":"product_brand","embeddable":true,"href":"https:\/\/tpmadalina42.supserv.cozmoslabs.com\/fi\/wp-json\/wp\/v2\/product_brand?post=244890"},{"taxonomy":"product_cat","embeddable":true,"href":"https:\/\/tpmadalina42.supserv.cozmoslabs.com\/fi\/wp-json\/wp\/v2\/product_cat?post=244890"},{"taxonomy":"product_tag","embeddable":true,"href":"https:\/\/tpmadalina42.supserv.cozmoslabs.com\/fi\/wp-json\/wp\/v2\/product_tag?post=244890"}],"curies":[{"name":"wp","href":"https:\/\/api.w.org\/{rel}","templated":true}]}}