{"id":245076,"date":"2024-08-10T23:11:00","date_gmt":"2024-08-11T06:11:00","guid":{"rendered":"https:\/\/glandine.com\/product\/dolce-gabbana-elegante-schmal-geschnittene-schwarze-blazerjacke-2\/"},"modified":"2024-11-29T19:43:45","modified_gmt":"2024-11-29T18:43:45","slug":"dolce-gabbana-elegante-schmal-geschnittene-schwarze-blazerjacke-2","status":"publish","type":"product","link":"https:\/\/tpmadalina42.supserv.cozmoslabs.com\/fi\/tuote-2\/dolce-gabbana-elegante-schmal-geschnittene-schwarze-blazerjacke-2\/","title":{"rendered":"Dolce &amp; Gabbana Elegante, schmal geschnittene schwarze Blazerjacke"},"content":{"rendered":"<p>Entdecken Sie den Inbegriff italienischer Handwerkskunst mit dieser luxuri\u00f6sen Blazerjacke <strong>Kirjailija: Dolce &amp; Gabbana<\/strong>. Dieser einreihige Blazer in schlichtem Schwarz mit schmaler Passform und raffiniertem Ein-Knopf-Verschluss wurde f\u00fcr den anspruchsvollen Gentleman entworfen. Der Blazer verf\u00fcgt \u00fcber drei Au\u00dfentaschen und zwei Innentaschen, die Funktionalit\u00e4t bieten, ohne den Stil zu beeintr\u00e4chtigen. Der hintere Schlitz sorgt f\u00fcr eine perfekte Passform und f\u00f6rdert die Bewegungsfreiheit. Die Eleganz spiegelt sich in jedem Detail wider, einschlie\u00dflich des ikonischen Logos und des exquisiten Seidenfutters, das einen unvergleichlichen Komfort bietet. Dieses Statement-St\u00fcck ist ein Beweis f\u00fcr die Exzellenz der Mode, hergestellt in Italien, und bereit, jedes Ensemble aufzuwerten.<\/p>\n<ul>\n<li>Stil: Einreihig mit einem Knopf<\/li>\n<li>Istuvuus: Kapea istuvuus<\/li>\n<li>V\u00e4ri: Musta<\/li>\n<li>Material: 43% Wolle, 29% Baumwolle, 25% Seide, 2% Elasthan, 1% PL<\/li>\n<li>Sis\u00e4vuori: 100% silkki<\/li>\n<li>Alkuper\u00e4maa: IT<\/li>\n<\/ul>","protected":false},"excerpt":{"rendered":"<p>Entdecken Sie den Inbegriff italienischer Handwerkskunst mit dieser luxuri\u00f6sen Blazerjacke von Dolce &amp; Gabbana. Dieser einreihige Blazer in schlichtem Schwarz mit schmaler Passform und raffiniertem Ein-Knopf-Verschluss wurde f\u00fcr den anspruchsvollen Gentleman entworfen. Der Blazer verf\u00fcgt \u00fcber drei Au\u00dfentaschen und zwei Innentaschen, die Funktionalit\u00e4t bieten, ohne den Stil zu beeintr\u00e4chtigen. Der hintere Schlitz sorgt f\u00fcr eine [&hellip;]<\/p>","protected":false},"featured_media":245070,"template":"","meta":[],"product_brand":[1620],"product_cat":[1653,1633,1623],"product_tag":[],"class_list":{"0":"post-245076","1":"product","2":"type-product","3":"status-publish","4":"has-post-thumbnail","6":"product_brand-dolce-gabbana","7":"product_cat-blazers","8":"product_cat-maenner-kleidung","9":"product_cat-kleidung","11":"first","12":"instock","13":"sale","14":"taxable","15":"shipping-taxable","16":"purchasable","17":"product-type-variable"},"_links":{"self":[{"href":"https:\/\/tpmadalina42.supserv.cozmoslabs.com\/fi\/wp-json\/wp\/v2\/product\/245076","targetHints":{"allow":["GET"]}}],"collection":[{"href":"https:\/\/tpmadalina42.supserv.cozmoslabs.com\/fi\/wp-json\/wp\/v2\/product"}],"about":[{"href":"https:\/\/tpmadalina42.supserv.cozmoslabs.com\/fi\/wp-json\/wp\/v2\/types\/product"}],"wp:featuredmedia":[{"embeddable":true,"href":"https:\/\/tpmadalina42.supserv.cozmoslabs.com\/fi\/wp-json\/wp\/v2\/media\/245070"}],"wp:attachment":[{"href":"https:\/\/tpmadalina42.supserv.cozmoslabs.com\/fi\/wp-json\/wp\/v2\/media?parent=245076"}],"wp:term":[{"taxonomy":"product_brand","embeddable":true,"href":"https:\/\/tpmadalina42.supserv.cozmoslabs.com\/fi\/wp-json\/wp\/v2\/product_brand?post=245076"},{"taxonomy":"product_cat","embeddable":true,"href":"https:\/\/tpmadalina42.supserv.cozmoslabs.com\/fi\/wp-json\/wp\/v2\/product_cat?post=245076"},{"taxonomy":"product_tag","embeddable":true,"href":"https:\/\/tpmadalina42.supserv.cozmoslabs.com\/fi\/wp-json\/wp\/v2\/product_tag?post=245076"}],"curies":[{"name":"wp","href":"https:\/\/api.w.org\/{rel}","templated":true}]}}