{"id":245085,"date":"2024-08-10T23:11:33","date_gmt":"2024-08-11T06:11:33","guid":{"rendered":"https:\/\/glandine.com\/product\/dolce-gabbana-eleganter-martini-blazer-in-grauem-karo\/"},"modified":"2024-11-29T19:43:53","modified_gmt":"2024-11-29T18:43:53","slug":"dolce-gabbana-eleganter-martini-blazer-in-grauem-karo","status":"publish","type":"product","link":"https:\/\/tpmadalina42.supserv.cozmoslabs.com\/fi\/tuote-2\/dolce-gabbana-eleganter-martini-blazer-in-grauem-karo\/","title":{"rendered":"Dolce &amp; Gabbana Eleganter Martini-Blazer in grauem Karo"},"content":{"rendered":"<p>Erleben Sie zeitlose Eleganz mit diesem umwerfenden Martini-Blazer von Dolce &amp; Gabbana. Dieses schmal geschnittene Modell ist ein Beweis f\u00fcr klassischen Stil und moderne Schneiderkunst. Er ist eine unverzichtbare Erg\u00e4nzung f\u00fcr jede anspruchsvolle Herrengarderobe, perfekt f\u00fcr gehobene Anl\u00e4sse oder einen eleganten Business-Look.<\/p>\n<ul>\n<li>Tyyli: Yksirivinen kahdella napilla<\/li>\n<li>Istuvuus: Kapea istuvuus<\/li>\n<li>Farbe: Graues Karo<\/li>\n<li>Materiaali: 100% villa<\/li>\n<li>Futter: 73% Viskose, 27% Cupro<\/li>\n<li>Alkuper\u00e4maa: Italia<\/li>\n<li>Mit drei Au\u00dfentaschen und zwei Innentaschen<\/li>\n<li>Ein offener Schlitz auf der R\u00fcckseite f\u00fcr mehr Bewegungsfreiheit<\/li>\n<li>Hienot logon yksityiskohdat<\/li>\n<\/ul>","protected":false},"excerpt":{"rendered":"<p>Erleben Sie zeitlose Eleganz mit diesem umwerfenden Martini-Blazer von Dolce &amp; Gabbana. Dieses schmal geschnittene Modell ist ein Beweis f\u00fcr klassischen Stil und moderne Schneiderkunst. Er ist eine unverzichtbare Erg\u00e4nzung f\u00fcr jede anspruchsvolle Herrengarderobe, perfekt f\u00fcr gehobene Anl\u00e4sse oder einen eleganten Business-Look. Stil: Einreihig mit zwei Kn\u00f6pfen Passform: Schmale Passform Farbe: Graues Karo Material: 100% [&hellip;]<\/p>","protected":false},"featured_media":245079,"template":"","meta":[],"product_brand":[1620],"product_cat":[1653,1633,1623],"product_tag":[],"class_list":{"0":"post-245085","1":"product","2":"type-product","3":"status-publish","4":"has-post-thumbnail","6":"product_brand-dolce-gabbana","7":"product_cat-blazers","8":"product_cat-maenner-kleidung","9":"product_cat-kleidung","11":"first","12":"instock","13":"sale","14":"taxable","15":"shipping-taxable","16":"purchasable","17":"product-type-variable"},"_links":{"self":[{"href":"https:\/\/tpmadalina42.supserv.cozmoslabs.com\/fi\/wp-json\/wp\/v2\/product\/245085","targetHints":{"allow":["GET"]}}],"collection":[{"href":"https:\/\/tpmadalina42.supserv.cozmoslabs.com\/fi\/wp-json\/wp\/v2\/product"}],"about":[{"href":"https:\/\/tpmadalina42.supserv.cozmoslabs.com\/fi\/wp-json\/wp\/v2\/types\/product"}],"wp:featuredmedia":[{"embeddable":true,"href":"https:\/\/tpmadalina42.supserv.cozmoslabs.com\/fi\/wp-json\/wp\/v2\/media\/245079"}],"wp:attachment":[{"href":"https:\/\/tpmadalina42.supserv.cozmoslabs.com\/fi\/wp-json\/wp\/v2\/media?parent=245085"}],"wp:term":[{"taxonomy":"product_brand","embeddable":true,"href":"https:\/\/tpmadalina42.supserv.cozmoslabs.com\/fi\/wp-json\/wp\/v2\/product_brand?post=245085"},{"taxonomy":"product_cat","embeddable":true,"href":"https:\/\/tpmadalina42.supserv.cozmoslabs.com\/fi\/wp-json\/wp\/v2\/product_cat?post=245085"},{"taxonomy":"product_tag","embeddable":true,"href":"https:\/\/tpmadalina42.supserv.cozmoslabs.com\/fi\/wp-json\/wp\/v2\/product_tag?post=245085"}],"curies":[{"name":"wp","href":"https:\/\/api.w.org\/{rel}","templated":true}]}}