{"id":245094,"date":"2024-08-10T23:12:03","date_gmt":"2024-08-11T06:12:03","guid":{"rendered":"https:\/\/glandine.com\/product\/dolce-gabbana-marineblauer-martini-blazer-aus-schurwolle\/"},"modified":"2024-11-29T19:43:59","modified_gmt":"2024-11-29T18:43:59","slug":"dolce-gabbana-marineblauer-martini-blazer-aus-schurwolle","status":"publish","type":"product","link":"https:\/\/tpmadalina42.supserv.cozmoslabs.com\/fi\/tuote-2\/dolce-gabbana-marineblauer-martini-blazer-aus-schurwolle\/","title":{"rendered":"Dolce &amp; Gabbana Marineblauer Martini-Blazer aus Schurwolle"},"content":{"rendered":"<p>Tauchen Sie ein in den Inbegriff von Luxus mit unserem <strong>Dolce &amp; Gabbana<\/strong> Martini Blazer &#8211; ein wahres Meisterwerk der Schneiderkunst f\u00fcr den modernen Mann. Dieses schmal geschnittene formelle Sakko strahlt mit seinem eleganten marineblauen Farbton Eleganz aus und ist sorgf\u00e4ltig geschnitten, um eine schmeichelhafte Silhouette zu gew\u00e4hrleisten. Gefertigt aus feinster 100%iger Schurwolle und gef\u00fcttert mit einer kostbaren Mischung aus Seide und Viskose, verspricht dieser Blazer nicht nur unschlagbaren Stil, sondern auch unvergleichlichen Komfort.<\/p>\n<ul>\n<li>V\u00e4ri: vaaleansininen<\/li>\n<li>Materiaali: 100% neitsytvilla<\/li>\n<li>Futter: 80% Seide, 20% Viskose<\/li>\n<li>Alkuper\u00e4maa: IT<\/li>\n<li>Stil: Einreihiger Zwei-Knopf-Martins<\/li>\n<li>Passform: Schlanke Passform<\/li>\n<li>Handwerkliche Verarbeitung: Hochwertig exklusiv<\/li>\n<li>Details: Kerbenrevers, drei Au\u00dfentaschen, drei Innentaschen, Logodetails<\/li>\n<\/ul>","protected":false},"excerpt":{"rendered":"<p>Tauchen Sie ein in den Inbegriff von Luxus mit unserem Dolce &amp; Gabbana Martini Blazer &#8211; ein wahres Meisterwerk der Schneiderkunst f\u00fcr den modernen Mann. Dieses schmal geschnittene formelle Sakko strahlt mit seinem eleganten marineblauen Farbton Eleganz aus und ist sorgf\u00e4ltig geschnitten, um eine schmeichelhafte Silhouette zu gew\u00e4hrleisten. Gefertigt aus feinster 100%iger Schurwolle und gef\u00fcttert [&hellip;]<\/p>","protected":false},"featured_media":245088,"template":"","meta":[],"product_brand":[1620],"product_cat":[1653,1633,1623],"product_tag":[],"class_list":{"0":"post-245094","1":"product","2":"type-product","3":"status-publish","4":"has-post-thumbnail","6":"product_brand-dolce-gabbana","7":"product_cat-blazers","8":"product_cat-maenner-kleidung","9":"product_cat-kleidung","11":"first","12":"instock","13":"sale","14":"taxable","15":"shipping-taxable","16":"purchasable","17":"product-type-variable"},"_links":{"self":[{"href":"https:\/\/tpmadalina42.supserv.cozmoslabs.com\/fi\/wp-json\/wp\/v2\/product\/245094","targetHints":{"allow":["GET"]}}],"collection":[{"href":"https:\/\/tpmadalina42.supserv.cozmoslabs.com\/fi\/wp-json\/wp\/v2\/product"}],"about":[{"href":"https:\/\/tpmadalina42.supserv.cozmoslabs.com\/fi\/wp-json\/wp\/v2\/types\/product"}],"wp:featuredmedia":[{"embeddable":true,"href":"https:\/\/tpmadalina42.supserv.cozmoslabs.com\/fi\/wp-json\/wp\/v2\/media\/245088"}],"wp:attachment":[{"href":"https:\/\/tpmadalina42.supserv.cozmoslabs.com\/fi\/wp-json\/wp\/v2\/media?parent=245094"}],"wp:term":[{"taxonomy":"product_brand","embeddable":true,"href":"https:\/\/tpmadalina42.supserv.cozmoslabs.com\/fi\/wp-json\/wp\/v2\/product_brand?post=245094"},{"taxonomy":"product_cat","embeddable":true,"href":"https:\/\/tpmadalina42.supserv.cozmoslabs.com\/fi\/wp-json\/wp\/v2\/product_cat?post=245094"},{"taxonomy":"product_tag","embeddable":true,"href":"https:\/\/tpmadalina42.supserv.cozmoslabs.com\/fi\/wp-json\/wp\/v2\/product_tag?post=245094"}],"curies":[{"name":"wp","href":"https:\/\/api.w.org\/{rel}","templated":true}]}}