{"id":245154,"date":"2024-08-10T23:15:55","date_gmt":"2024-08-11T06:15:55","guid":{"rendered":"https:\/\/glandine.com\/product\/dolce-gabbana-elegante-doppelreihige-jacke-aus-shearling\/"},"modified":"2024-11-29T19:45:23","modified_gmt":"2024-11-29T18:45:23","slug":"dolce-gabbana-elegante-doppelreihige-jacke-aus-shearling","status":"publish","type":"product","link":"https:\/\/tpmadalina42.supserv.cozmoslabs.com\/fi\/tuote-2\/dolce-gabbana-elegante-doppelreihige-jacke-aus-shearling\/","title":{"rendered":"Dolce &amp; Gabbana Elegante doppelreihige Jacke aus Shearling"},"content":{"rendered":"<p>G\u00f6nnen Sie sich den Inbegriff luxuri\u00f6ser Oberbekleidung mit dieser \u00fcppigen, 100% authentischen Dolce &amp; Gabbana Shearling Jacke. Exquisit f\u00fcr den anspruchsvollen Gentleman entworfen, verf\u00fcgt sie \u00fcber einen raffinierten Zweireiher in einem satten Braunton, gepaart mit einer pr\u00e4chtigen wei\u00dfen Innenausstattung. Die Jacke bietet praktische Funktionalit\u00e4t mit zwei Vordertaschen und einem Knopfverschluss, w\u00e4hrend die ikonischen Logodetails einen charakteristischen Hauch von Klasse hinzuf\u00fcgen. Dieses in Italien aus einer sorgf\u00e4ltigen Mischung feiner Materialien gefertigte Kleidungsst\u00fcck garantiert sowohl unvergleichlichen Stil als auch dauerhafte W\u00e4rme.<\/p>\n<ul>\n<li>V\u00e4ri: Ruskea<\/li>\n<li>Material: 72% Schurwolle, 15% Schaf, 8% Kaschmir, 5% Leder<\/li>\n<li>Futter: 30% Cupro, 23% Polyester, 21% Rayon, 20% Acetat, 6% Baumwolle<\/li>\n<li>Alkuper\u00e4maa: IT<\/li>\n<\/ul>","protected":false},"excerpt":{"rendered":"<p>G\u00f6nnen Sie sich den Inbegriff luxuri\u00f6ser Oberbekleidung mit dieser \u00fcppigen, 100% authentischen Dolce &amp; Gabbana Shearling Jacke. Exquisit f\u00fcr den anspruchsvollen Gentleman entworfen, verf\u00fcgt sie \u00fcber einen raffinierten Zweireiher in einem satten Braunton, gepaart mit einer pr\u00e4chtigen wei\u00dfen Innenausstattung. Die Jacke bietet praktische Funktionalit\u00e4t mit zwei Vordertaschen und einem Knopfverschluss, w\u00e4hrend die ikonischen Logodetails einen [&hellip;]<\/p>","protected":false},"featured_media":245148,"template":"","meta":[],"product_brand":[1620],"product_cat":[1633,1669,1623],"product_tag":[],"class_list":{"0":"post-245154","1":"product","2":"type-product","3":"status-publish","4":"has-post-thumbnail","6":"product_brand-dolce-gabbana","7":"product_cat-maenner-kleidung","8":"product_cat-jacken","9":"product_cat-kleidung","11":"first","12":"instock","13":"sale","14":"taxable","15":"shipping-taxable","16":"purchasable","17":"product-type-variable"},"_links":{"self":[{"href":"https:\/\/tpmadalina42.supserv.cozmoslabs.com\/fi\/wp-json\/wp\/v2\/product\/245154","targetHints":{"allow":["GET"]}}],"collection":[{"href":"https:\/\/tpmadalina42.supserv.cozmoslabs.com\/fi\/wp-json\/wp\/v2\/product"}],"about":[{"href":"https:\/\/tpmadalina42.supserv.cozmoslabs.com\/fi\/wp-json\/wp\/v2\/types\/product"}],"wp:featuredmedia":[{"embeddable":true,"href":"https:\/\/tpmadalina42.supserv.cozmoslabs.com\/fi\/wp-json\/wp\/v2\/media\/245148"}],"wp:attachment":[{"href":"https:\/\/tpmadalina42.supserv.cozmoslabs.com\/fi\/wp-json\/wp\/v2\/media?parent=245154"}],"wp:term":[{"taxonomy":"product_brand","embeddable":true,"href":"https:\/\/tpmadalina42.supserv.cozmoslabs.com\/fi\/wp-json\/wp\/v2\/product_brand?post=245154"},{"taxonomy":"product_cat","embeddable":true,"href":"https:\/\/tpmadalina42.supserv.cozmoslabs.com\/fi\/wp-json\/wp\/v2\/product_cat?post=245154"},{"taxonomy":"product_tag","embeddable":true,"href":"https:\/\/tpmadalina42.supserv.cozmoslabs.com\/fi\/wp-json\/wp\/v2\/product_tag?post=245154"}],"curies":[{"name":"wp","href":"https:\/\/api.w.org\/{rel}","templated":true}]}}