{"id":245186,"date":"2024-08-10T23:17:46","date_gmt":"2024-08-11T06:17:46","guid":{"rendered":"https:\/\/glandine.com\/product\/dolce-gabbana-elegante-schwarze-blouson-jacke-mit-kapuze\/"},"modified":"2024-11-29T19:46:19","modified_gmt":"2024-11-29T18:46:19","slug":"dolce-gabbana-elegante-schwarze-blouson-jacke-mit-kapuze","status":"publish","type":"product","link":"https:\/\/tpmadalina42.supserv.cozmoslabs.com\/fi\/tuote-2\/dolce-gabbana-elegante-schwarze-blouson-jacke-mit-kapuze\/","title":{"rendered":"Dolce &amp; Gabbana Elegante Schwarze Blouson-Jacke mit Kapuze"},"content":{"rendered":"<p>Entdecken Sie den Inbegriff von Raffinesse mit diesem atemberaubenden, 100% authentischen Blouson-Mantel mit Kapuze von Dolce &amp; Gabbana. Perfekt f\u00fcr den modebewussten Menschen, bietet diese Jacke eine schlichte schwarze Farbe und eine bequeme Passform, erg\u00e4nzt durch einen praktischen Rei\u00dfverschluss und ein Zugband in der Taille f\u00fcr eine individuelle Passform. Mit seinen vier praktischen Vordertaschen und den unverwechselbaren Logodetails ist dieses St\u00fcck ebenso funktionell wie stilvoll. Das in Italien aus hochwertigem Polyester gefertigte Modell wird Ihre Oberbekleidungskollektion aufwerten.<\/p>\n<ul>\n<li>Materiaali: 100% polyesteri<\/li>\n<li>Alkuper\u00e4maa: IT<\/li>\n<li>V\u00e4ri: Musta<\/li>\n<\/ul>","protected":false},"excerpt":{"rendered":"<p>Entdecken Sie den Inbegriff von Raffinesse mit diesem atemberaubenden, 100% authentischen Blouson-Mantel mit Kapuze von Dolce &amp; Gabbana. Perfekt f\u00fcr den modebewussten Menschen, bietet diese Jacke eine schlichte schwarze Farbe und eine bequeme Passform, erg\u00e4nzt durch einen praktischen Rei\u00dfverschluss und ein Zugband in der Taille f\u00fcr eine individuelle Passform. Mit seinen vier praktischen Vordertaschen und [&hellip;]<\/p>","protected":false},"featured_media":245178,"template":"","meta":[],"product_brand":[1620],"product_cat":[1633,1669,1623],"product_tag":[],"class_list":{"0":"post-245186","1":"product","2":"type-product","3":"status-publish","4":"has-post-thumbnail","6":"product_brand-dolce-gabbana","7":"product_cat-maenner-kleidung","8":"product_cat-jacken","9":"product_cat-kleidung","11":"first","12":"instock","13":"sale","14":"taxable","15":"shipping-taxable","16":"purchasable","17":"product-type-variable"},"_links":{"self":[{"href":"https:\/\/tpmadalina42.supserv.cozmoslabs.com\/fi\/wp-json\/wp\/v2\/product\/245186","targetHints":{"allow":["GET"]}}],"collection":[{"href":"https:\/\/tpmadalina42.supserv.cozmoslabs.com\/fi\/wp-json\/wp\/v2\/product"}],"about":[{"href":"https:\/\/tpmadalina42.supserv.cozmoslabs.com\/fi\/wp-json\/wp\/v2\/types\/product"}],"wp:featuredmedia":[{"embeddable":true,"href":"https:\/\/tpmadalina42.supserv.cozmoslabs.com\/fi\/wp-json\/wp\/v2\/media\/245178"}],"wp:attachment":[{"href":"https:\/\/tpmadalina42.supserv.cozmoslabs.com\/fi\/wp-json\/wp\/v2\/media?parent=245186"}],"wp:term":[{"taxonomy":"product_brand","embeddable":true,"href":"https:\/\/tpmadalina42.supserv.cozmoslabs.com\/fi\/wp-json\/wp\/v2\/product_brand?post=245186"},{"taxonomy":"product_cat","embeddable":true,"href":"https:\/\/tpmadalina42.supserv.cozmoslabs.com\/fi\/wp-json\/wp\/v2\/product_cat?post=245186"},{"taxonomy":"product_tag","embeddable":true,"href":"https:\/\/tpmadalina42.supserv.cozmoslabs.com\/fi\/wp-json\/wp\/v2\/product_tag?post=245186"}],"curies":[{"name":"wp","href":"https:\/\/api.w.org\/{rel}","templated":true}]}}