{"id":245417,"date":"2024-08-10T23:34:00","date_gmt":"2024-08-11T06:34:00","guid":{"rendered":"https:\/\/glandine.com\/product\/acht-schicke-blau-gewaschene-skinny-jeans-mit-niedriger-taille-2\/"},"modified":"2024-11-29T19:57:37","modified_gmt":"2024-11-29T18:57:37","slug":"acht-schicke-blau-gewaschene-skinny-jeans-mit-niedriger-taille-2","status":"publish","type":"product","link":"https:\/\/tpmadalina42.supserv.cozmoslabs.com\/fi\/tuote-2\/acht-schicke-blau-gewaschene-skinny-jeans-mit-niedriger-taille-2\/","title":{"rendered":"Kahdeksan Chic-sinist\u00e4 pesty\u00e4 matalavy\u00f6t\u00e4r\u00f6ist\u00e4 ohutta farkkua"},"content":{"rendered":"<p>Mit dieser umwerfenden, neuwertigen, blau gewaschenen Jeans von Acht, die eine perfekte Mischung aus moderner Raffinesse und Komfort verk\u00f6rpert, sind Sie stilvoll unterwegs. Die figurschmeichelnde Skinny-Silhouette mit niedriger Taille wird durch einen klassischen Rei\u00dfverschluss und Knopfverschluss akzentuiert. Jedes Paar ist mit dem unverwechselbaren Acht-Logo versehen, das f\u00fcr einen zus\u00e4tzlichen Hauch von Luxus sorgt.<\/p>\n<ul>\n<li>Materiaali: puuvilla<\/li>\n<li>V\u00e4ri: pesty sininen<\/li>\n<li>Alkuper\u00e4maa: IT<\/li>\n<li>Modell: Niedrige Taille Skinny Denim<\/li>\n<li>Sulkeminen: Vetoketju napilla<\/li>\n<\/ul>","protected":false},"excerpt":{"rendered":"<p>Mit dieser umwerfenden, neuwertigen, blau gewaschenen Jeans von Acht, die eine perfekte Mischung aus moderner Raffinesse und Komfort verk\u00f6rpert, sind Sie stilvoll unterwegs. Die figurschmeichelnde Skinny-Silhouette mit niedriger Taille wird durch einen klassischen Rei\u00dfverschluss und Knopfverschluss akzentuiert. Jedes Paar ist mit dem unverwechselbaren Acht-Logo versehen, das f\u00fcr einen zus\u00e4tzlichen Hauch von Luxus sorgt. Material: Baumwolle [&hellip;]<\/p>","protected":false},"featured_media":245414,"template":"","meta":[],"product_brand":[1928],"product_cat":[1637,1686,1623],"product_tag":[],"class_list":{"0":"post-245417","1":"product","2":"type-product","3":"status-publish","4":"has-post-thumbnail","6":"product_brand-acht","7":"product_cat-frauen-kleidung","8":"product_cat-jeans-hosen-frauen-kleidung","9":"product_cat-kleidung","11":"first","12":"instock","13":"sale","14":"taxable","15":"shipping-taxable","16":"purchasable","17":"product-type-variable"},"_links":{"self":[{"href":"https:\/\/tpmadalina42.supserv.cozmoslabs.com\/fi\/wp-json\/wp\/v2\/product\/245417","targetHints":{"allow":["GET"]}}],"collection":[{"href":"https:\/\/tpmadalina42.supserv.cozmoslabs.com\/fi\/wp-json\/wp\/v2\/product"}],"about":[{"href":"https:\/\/tpmadalina42.supserv.cozmoslabs.com\/fi\/wp-json\/wp\/v2\/types\/product"}],"wp:featuredmedia":[{"embeddable":true,"href":"https:\/\/tpmadalina42.supserv.cozmoslabs.com\/fi\/wp-json\/wp\/v2\/media\/245414"}],"wp:attachment":[{"href":"https:\/\/tpmadalina42.supserv.cozmoslabs.com\/fi\/wp-json\/wp\/v2\/media?parent=245417"}],"wp:term":[{"taxonomy":"product_brand","embeddable":true,"href":"https:\/\/tpmadalina42.supserv.cozmoslabs.com\/fi\/wp-json\/wp\/v2\/product_brand?post=245417"},{"taxonomy":"product_cat","embeddable":true,"href":"https:\/\/tpmadalina42.supserv.cozmoslabs.com\/fi\/wp-json\/wp\/v2\/product_cat?post=245417"},{"taxonomy":"product_tag","embeddable":true,"href":"https:\/\/tpmadalina42.supserv.cozmoslabs.com\/fi\/wp-json\/wp\/v2\/product_tag?post=245417"}],"curies":[{"name":"wp","href":"https:\/\/api.w.org\/{rel}","templated":true}]}}