{"id":245701,"date":"2024-08-10T23:52:32","date_gmt":"2024-08-11T06:52:32","guid":{"rendered":"https:\/\/glandine.com\/product\/costume-national-eleganter-blauer-leder-modeguertel\/"},"modified":"2024-11-29T20:05:58","modified_gmt":"2024-11-29T19:05:58","slug":"costume-national-eleganter-blauer-leder-modeguertel","status":"publish","type":"product","link":"https:\/\/tpmadalina42.supserv.cozmoslabs.com\/fi\/tuote-2\/costume-national-eleganter-blauer-leder-modeguertel\/","title":{"rendered":"Puku National Elegant Blue Leather Fashion Belt"},"content":{"rendered":"<p>Hemmottele itse\u00e4si Costume National:n eleganssilla t\u00e4ll\u00e4 katseenvangitsijalla sinisell\u00e4 muotivy\u00f6ll\u00e4. Upouusi tunnisteilla ja taatusti 100% aito, t\u00e4m\u00e4 vy\u00f6 on hienoa nahkaa. Allekirjoitetun logosuunnittelun ja turvallisen soljen ansiosta se tarjoaa sek\u00e4 tyyli\u00e4 ett\u00e4 k\u00e4yt\u00e4nn\u00f6llisyytt\u00e4. Ylpe\u00e4n\u00e4 Italiassa valmistettu vy\u00f6 on hienostunut lis\u00e4 jokaiseen vaatekaappiin.<\/p>\n<ul>\n<li>Materiaali: nahka<\/li>\n<li>V\u00e4ri: Sininen<\/li>\n<li>Alkuper\u00e4maa: IT<\/li>\n<li>Logon yksityiskohdat<\/li>\n<\/ul>","protected":false},"excerpt":{"rendered":"<p>G\u00f6nnen Sie sich die Eleganz von Costume National mit diesem auff\u00e4lligen blauen Modeg\u00fcrtel. Brandneu mit Etikett und garantiert 100% authentisch, zeichnet sich dieser G\u00fcrtel durch seine exquisite Handwerkskunst aus Leder aus. Mit einem charakteristischen Logo-Design und einem sicheren Schnallenverschluss bietet er sowohl Stil als auch Zweckm\u00e4\u00dfigkeit. Stolz in Italien hergestellt, ist dieser G\u00fcrtel eine anspruchsvolle [&hellip;]<\/p>","protected":false},"featured_media":245698,"template":"","meta":[],"product_brand":[1790],"product_cat":[1621,1632,1652],"product_tag":[],"class_list":{"0":"post-245701","1":"product","2":"type-product","3":"status-publish","4":"has-post-thumbnail","6":"product_brand-costume-national","7":"product_cat-accessoire","8":"product_cat-frauen-zubehoer","9":"product_cat-guertel-frauen-zubehoer","11":"first","12":"instock","13":"sale","14":"taxable","15":"shipping-taxable","16":"purchasable","17":"product-type-variable"},"_links":{"self":[{"href":"https:\/\/tpmadalina42.supserv.cozmoslabs.com\/fi\/wp-json\/wp\/v2\/product\/245701","targetHints":{"allow":["GET"]}}],"collection":[{"href":"https:\/\/tpmadalina42.supserv.cozmoslabs.com\/fi\/wp-json\/wp\/v2\/product"}],"about":[{"href":"https:\/\/tpmadalina42.supserv.cozmoslabs.com\/fi\/wp-json\/wp\/v2\/types\/product"}],"wp:featuredmedia":[{"embeddable":true,"href":"https:\/\/tpmadalina42.supserv.cozmoslabs.com\/fi\/wp-json\/wp\/v2\/media\/245698"}],"wp:attachment":[{"href":"https:\/\/tpmadalina42.supserv.cozmoslabs.com\/fi\/wp-json\/wp\/v2\/media?parent=245701"}],"wp:term":[{"taxonomy":"product_brand","embeddable":true,"href":"https:\/\/tpmadalina42.supserv.cozmoslabs.com\/fi\/wp-json\/wp\/v2\/product_brand?post=245701"},{"taxonomy":"product_cat","embeddable":true,"href":"https:\/\/tpmadalina42.supserv.cozmoslabs.com\/fi\/wp-json\/wp\/v2\/product_cat?post=245701"},{"taxonomy":"product_tag","embeddable":true,"href":"https:\/\/tpmadalina42.supserv.cozmoslabs.com\/fi\/wp-json\/wp\/v2\/product_tag?post=245701"}],"curies":[{"name":"wp","href":"https:\/\/api.w.org\/{rel}","templated":true}]}}