{"id":245729,"date":"2024-08-10T23:54:37","date_gmt":"2024-08-11T06:54:37","guid":{"rendered":"https:\/\/glandine.com\/product\/costume-national-eleganter-modeguertel-aus-weissem-leder\/"},"modified":"2024-11-29T20:06:50","modified_gmt":"2024-11-29T19:06:50","slug":"costume-national-eleganter-modeguertel-aus-weissem-leder","status":"publish","type":"product","link":"https:\/\/tpmadalina42.supserv.cozmoslabs.com\/fi\/tuote-2\/costume-national-eleganter-modeguertel-aus-weissem-leder\/","title":{"rendered":"Costume National Tyylik\u00e4s muotivy\u00f6 valkoisesta nahasta"},"content":{"rendered":"<p>Entfalten Sie Ihren raffinierten Stil mit diesem makellosen wei\u00dfen Lederg\u00fcrtel von Costume National. Als auff\u00e4lliges Accessoire mit schickem Logo-Letter-Design und sicherem Schnallenverschluss wertet dieser G\u00fcrtel jedes Outfit auf. In Italien mit viel Liebe zum Detail handgefertigt, steht er f\u00fcr Luxus und zeitlose Mode.<\/p>\n<ul>\n<li>Merkki: Costume National<\/li>\n<li>Materiaali: nahka<\/li>\n<li>V\u00e4ri: Valkoinen<\/li>\n<li>Alkuper\u00e4maa: Italia<\/li>\n<li>Motiivi: Yksinkertainen kuvio<\/li>\n<li>Logon yksityiskohdat<\/li>\n<\/ul>","protected":false},"excerpt":{"rendered":"<p>Entfalten Sie Ihren raffinierten Stil mit diesem makellosen wei\u00dfen Lederg\u00fcrtel von Costume National. Als auff\u00e4lliges Accessoire mit schickem Logo-Letter-Design und sicherem Schnallenverschluss wertet dieser G\u00fcrtel jedes Outfit auf. In Italien mit viel Liebe zum Detail handgefertigt, steht er f\u00fcr Luxus und zeitlose Mode. Marke: Costume National Material: Leder Farbe: Wei\u00df Herkunftsland: Italien Motiv: Einfarbiges Muster [&hellip;]<\/p>","protected":false},"featured_media":245726,"template":"","meta":[],"product_brand":[1790],"product_cat":[1621,1632,1652],"product_tag":[],"class_list":{"0":"post-245729","1":"product","2":"type-product","3":"status-publish","4":"has-post-thumbnail","6":"product_brand-costume-national","7":"product_cat-accessoire","8":"product_cat-frauen-zubehoer","9":"product_cat-guertel-frauen-zubehoer","11":"first","12":"instock","13":"sale","14":"taxable","15":"shipping-taxable","16":"purchasable","17":"product-type-variable"},"_links":{"self":[{"href":"https:\/\/tpmadalina42.supserv.cozmoslabs.com\/fi\/wp-json\/wp\/v2\/product\/245729","targetHints":{"allow":["GET"]}}],"collection":[{"href":"https:\/\/tpmadalina42.supserv.cozmoslabs.com\/fi\/wp-json\/wp\/v2\/product"}],"about":[{"href":"https:\/\/tpmadalina42.supserv.cozmoslabs.com\/fi\/wp-json\/wp\/v2\/types\/product"}],"wp:featuredmedia":[{"embeddable":true,"href":"https:\/\/tpmadalina42.supserv.cozmoslabs.com\/fi\/wp-json\/wp\/v2\/media\/245726"}],"wp:attachment":[{"href":"https:\/\/tpmadalina42.supserv.cozmoslabs.com\/fi\/wp-json\/wp\/v2\/media?parent=245729"}],"wp:term":[{"taxonomy":"product_brand","embeddable":true,"href":"https:\/\/tpmadalina42.supserv.cozmoslabs.com\/fi\/wp-json\/wp\/v2\/product_brand?post=245729"},{"taxonomy":"product_cat","embeddable":true,"href":"https:\/\/tpmadalina42.supserv.cozmoslabs.com\/fi\/wp-json\/wp\/v2\/product_cat?post=245729"},{"taxonomy":"product_tag","embeddable":true,"href":"https:\/\/tpmadalina42.supserv.cozmoslabs.com\/fi\/wp-json\/wp\/v2\/product_tag?post=245729"}],"curies":[{"name":"wp","href":"https:\/\/api.w.org\/{rel}","templated":true}]}}