{"id":245974,"date":"2024-08-11T00:13:07","date_gmt":"2024-08-11T07:13:07","guid":{"rendered":"https:\/\/glandine.com\/product\/bencivenga-eleganter-doppelreihiger-wollblazer-mit-karomuster\/"},"modified":"2024-11-29T20:17:43","modified_gmt":"2024-11-29T19:17:43","slug":"bencivenga-eleganter-doppelreihiger-wollblazer-mit-karomuster","status":"publish","type":"product","link":"https:\/\/tpmadalina42.supserv.cozmoslabs.com\/fi\/tuote-2\/bencivenga-eleganter-doppelreihiger-wollblazer-mit-karomuster\/","title":{"rendered":"BENCIVENGA Tyylik\u00e4s kaksirivinen villasekoitin, jossa on ruudullinen kuvio."},"content":{"rendered":"<p>Wundersch\u00f6ner, brandneuer, 100% authentischer <strong>BENCIVENGA<\/strong> Zweireiher-Blazer, der jedes Outfit mit seinem atemberaubenden bordeauxfarbenen und gr\u00fcnen Karomuster aufwertet. Gefertigt aus feinster Wolle, bietet dieses St\u00fcck eine tadellose Mischung aus Raffinesse und Stil, hergestellt mit der Exzellenz der italienischen Schneiderei. Das mit viel Liebe zum Detail entworfene Modell mit dem stilvollen Zwei-Knopf-Verschluss und dem luxuri\u00f6s gef\u00fctterten Innenraum ist ein Zeugnis f\u00fcr zeitlose Mode und Luxus.<\/p>\n<ul>\n<li>Farbe: Gr\u00fcn, Bordeaux<\/li>\n<li>Materiaali: 100% villa<\/li>\n<li>Alkuper\u00e4maa: IT<\/li>\n<li>Vollst\u00e4ndig gef\u00fcttert<\/li>\n<li>Logon yksityiskohdat<\/li>\n<\/ul>","protected":false},"excerpt":{"rendered":"<p>Wundersch\u00f6ner, brandneuer, 100% authentischer BENCIVENGA Zweireiher-Blazer, der jedes Outfit mit seinem atemberaubenden bordeauxfarbenen und gr\u00fcnen Karomuster aufwertet. Gefertigt aus feinster Wolle, bietet dieses St\u00fcck eine tadellose Mischung aus Raffinesse und Stil, hergestellt mit der Exzellenz der italienischen Schneiderei. Das mit viel Liebe zum Detail entworfene Modell mit dem stilvollen Zwei-Knopf-Verschluss und dem luxuri\u00f6s gef\u00fctterten Innenraum [&hellip;]<\/p>","protected":false},"featured_media":245969,"template":"","meta":[],"product_brand":[2017],"product_cat":[1637,1670,1623],"product_tag":[],"class_list":{"0":"post-245974","1":"product","2":"type-product","3":"status-publish","4":"has-post-thumbnail","6":"product_brand-bencivenga","7":"product_cat-frauen-kleidung","8":"product_cat-jacken-maentel","9":"product_cat-kleidung","11":"first","12":"instock","13":"sale","14":"taxable","15":"shipping-taxable","16":"purchasable","17":"product-type-variable"},"_links":{"self":[{"href":"https:\/\/tpmadalina42.supserv.cozmoslabs.com\/fi\/wp-json\/wp\/v2\/product\/245974","targetHints":{"allow":["GET"]}}],"collection":[{"href":"https:\/\/tpmadalina42.supserv.cozmoslabs.com\/fi\/wp-json\/wp\/v2\/product"}],"about":[{"href":"https:\/\/tpmadalina42.supserv.cozmoslabs.com\/fi\/wp-json\/wp\/v2\/types\/product"}],"wp:featuredmedia":[{"embeddable":true,"href":"https:\/\/tpmadalina42.supserv.cozmoslabs.com\/fi\/wp-json\/wp\/v2\/media\/245969"}],"wp:attachment":[{"href":"https:\/\/tpmadalina42.supserv.cozmoslabs.com\/fi\/wp-json\/wp\/v2\/media?parent=245974"}],"wp:term":[{"taxonomy":"product_brand","embeddable":true,"href":"https:\/\/tpmadalina42.supserv.cozmoslabs.com\/fi\/wp-json\/wp\/v2\/product_brand?post=245974"},{"taxonomy":"product_cat","embeddable":true,"href":"https:\/\/tpmadalina42.supserv.cozmoslabs.com\/fi\/wp-json\/wp\/v2\/product_cat?post=245974"},{"taxonomy":"product_tag","embeddable":true,"href":"https:\/\/tpmadalina42.supserv.cozmoslabs.com\/fi\/wp-json\/wp\/v2\/product_tag?post=245974"}],"curies":[{"name":"wp","href":"https:\/\/api.w.org\/{rel}","templated":true}]}}