{"id":246007,"date":"2024-08-11T00:15:34","date_gmt":"2024-08-11T07:15:34","guid":{"rendered":"https:\/\/glandine.com\/product\/nialaya-glamouroeser-ring-aus-vergoldetem-sterlingsilber-2\/"},"modified":"2024-11-29T20:18:48","modified_gmt":"2024-11-29T19:18:48","slug":"nialaya-glamouroeser-ring-aus-vergoldetem-sterlingsilber-2","status":"publish","type":"product","link":"https:\/\/tpmadalina42.supserv.cozmoslabs.com\/fi\/tuote-2\/nialaya-glamouroeser-ring-aus-vergoldetem-sterlingsilber-2\/","title":{"rendered":"Nialaya Glamorous sormus kullattua sterlinghopeaa"},"content":{"rendered":"<p>Dieser atemberaubende Ring von Nialaya verleiht Ihrem Outfit einen Hauch von Raffinesse. Dieser fachm\u00e4nnisch gefertigte Ring f\u00fcr Menschen mit einer Vorliebe f\u00fcr Luxus verk\u00f6rpert Eleganz und eine schicke Strenge, die von Stilikonen auf der ganzen Welt begehrt wird. Die 18-kar\u00e4tige Goldplattierung \u00fcber 925er Sterlingsilber sorgt f\u00fcr einen lang anhaltenden Schimmer, der jedes Outfit von schlicht zu auff\u00e4llig macht. Ein Accessoire, das Ihrer Sammlung w\u00fcrdig ist und die Essenz der Haute Couture in sich birgt, mit einem Logodetail, das subtil auf das gesch\u00e4tzte Erbe der Marke anspielt.<\/p>\n<ul>\n<li>Material: 18K vergoldetes 925er Sterling Silber<\/li>\n<li>Geschlecht: WOMENS<\/li>\n<li>V\u00e4ri: Kulta<\/li>\n<li>Alkuper\u00e4maa: IT<\/li>\n<\/ul>","protected":false},"excerpt":{"rendered":"<p>Dieser atemberaubende Ring von Nialaya verleiht Ihrem Outfit einen Hauch von Raffinesse. Dieser fachm\u00e4nnisch gefertigte Ring f\u00fcr Menschen mit einer Vorliebe f\u00fcr Luxus verk\u00f6rpert Eleganz und eine schicke Strenge, die von Stilikonen auf der ganzen Welt begehrt wird. Die 18-kar\u00e4tige Goldplattierung \u00fcber 925er Sterlingsilber sorgt f\u00fcr einen lang anhaltenden Schimmer, der jedes Outfit von schlicht [&hellip;]<\/p>","protected":false},"featured_media":245999,"template":"","meta":[],"product_brand":[1886],"product_cat":[1690,1625,1638],"product_tag":[],"class_list":{"0":"post-246007","1":"product","2":"type-product","3":"status-publish","4":"has-post-thumbnail","6":"product_brand-nialaya","7":"product_cat-ringe-frauen-schmuck","8":"product_cat-schmuck","9":"product_cat-frauen-schmuck","11":"first","12":"instock","13":"sale","14":"taxable","15":"shipping-taxable","16":"purchasable","17":"product-type-variable"},"_links":{"self":[{"href":"https:\/\/tpmadalina42.supserv.cozmoslabs.com\/fi\/wp-json\/wp\/v2\/product\/246007","targetHints":{"allow":["GET"]}}],"collection":[{"href":"https:\/\/tpmadalina42.supserv.cozmoslabs.com\/fi\/wp-json\/wp\/v2\/product"}],"about":[{"href":"https:\/\/tpmadalina42.supserv.cozmoslabs.com\/fi\/wp-json\/wp\/v2\/types\/product"}],"wp:featuredmedia":[{"embeddable":true,"href":"https:\/\/tpmadalina42.supserv.cozmoslabs.com\/fi\/wp-json\/wp\/v2\/media\/245999"}],"wp:attachment":[{"href":"https:\/\/tpmadalina42.supserv.cozmoslabs.com\/fi\/wp-json\/wp\/v2\/media?parent=246007"}],"wp:term":[{"taxonomy":"product_brand","embeddable":true,"href":"https:\/\/tpmadalina42.supserv.cozmoslabs.com\/fi\/wp-json\/wp\/v2\/product_brand?post=246007"},{"taxonomy":"product_cat","embeddable":true,"href":"https:\/\/tpmadalina42.supserv.cozmoslabs.com\/fi\/wp-json\/wp\/v2\/product_cat?post=246007"},{"taxonomy":"product_tag","embeddable":true,"href":"https:\/\/tpmadalina42.supserv.cozmoslabs.com\/fi\/wp-json\/wp\/v2\/product_tag?post=246007"}],"curies":[{"name":"wp","href":"https:\/\/api.w.org\/{rel}","templated":true}]}}