{"id":246389,"date":"2024-08-11T00:46:17","date_gmt":"2024-08-11T07:46:17","guid":{"rendered":"https:\/\/glandine.com\/product\/dolce-gabbana-eleganter-schwarzer-bomber-mit-lederapplikationen\/"},"modified":"2024-11-29T20:33:09","modified_gmt":"2024-11-29T19:33:09","slug":"dolce-gabbana-eleganter-schwarzer-bomber-mit-lederapplikationen","status":"publish","type":"product","link":"https:\/\/tpmadalina42.supserv.cozmoslabs.com\/fi\/tuote-2\/dolce-gabbana-eleganter-schwarzer-bomber-mit-lederapplikationen\/","title":{"rendered":"Dolce &amp; Gabbana Eleganter schwarzer Bomber mit Lederapplikationen"},"content":{"rendered":"<p>Umarmen Sie Raffinesse mit einem kantigen Twist in dieser atemberaubenden <strong>Dolce &amp; Gabbana<\/strong> Black Bomber Jacket. Die Jacke ist perfekt f\u00fcr modebewusste Menschen und besticht durch luxuri\u00f6se Lederdetails an den Schultern und \u00c4rmeln, die Eleganz und einen Hauch von rebellischem Charme ausstrahlen. Die in Italien gefertigte Jacke verf\u00fcgt \u00fcber einen bequemen, durchgehenden Rei\u00dfverschluss und das kultige Logo der Marke. Ob abends oder tags\u00fcber, mit dieser Bomberjacke setzen Sie garantiert ein Statement.<\/p>\n<ul>\n<li>V\u00e4ri: Musta<\/li>\n<li>Material: 60% Nylon, 40% Leder<\/li>\n<li>Innenfutter: 90% Nylon, 10% Leder<\/li>\n<li>Alkuper\u00e4maa: IT<\/li>\n<\/ul>","protected":false},"excerpt":{"rendered":"<p>Umarmen Sie Raffinesse mit einem kantigen Twist in dieser atemberaubenden Dolce &amp; Gabbana Black Bomber Jacket. Die Jacke ist perfekt f\u00fcr modebewusste Menschen und besticht durch luxuri\u00f6se Lederdetails an den Schultern und \u00c4rmeln, die Eleganz und einen Hauch von rebellischem Charme ausstrahlen. Die in Italien gefertigte Jacke verf\u00fcgt \u00fcber einen bequemen, durchgehenden Rei\u00dfverschluss und das [&hellip;]<\/p>","protected":false},"featured_media":246383,"template":"","meta":[],"product_brand":[1620],"product_cat":[1633,1669,1623],"product_tag":[],"class_list":{"0":"post-246389","1":"product","2":"type-product","3":"status-publish","4":"has-post-thumbnail","6":"product_brand-dolce-gabbana","7":"product_cat-maenner-kleidung","8":"product_cat-jacken","9":"product_cat-kleidung","11":"first","12":"instock","13":"sale","14":"taxable","15":"shipping-taxable","16":"purchasable","17":"product-type-variable"},"_links":{"self":[{"href":"https:\/\/tpmadalina42.supserv.cozmoslabs.com\/fi\/wp-json\/wp\/v2\/product\/246389","targetHints":{"allow":["GET"]}}],"collection":[{"href":"https:\/\/tpmadalina42.supserv.cozmoslabs.com\/fi\/wp-json\/wp\/v2\/product"}],"about":[{"href":"https:\/\/tpmadalina42.supserv.cozmoslabs.com\/fi\/wp-json\/wp\/v2\/types\/product"}],"wp:featuredmedia":[{"embeddable":true,"href":"https:\/\/tpmadalina42.supserv.cozmoslabs.com\/fi\/wp-json\/wp\/v2\/media\/246383"}],"wp:attachment":[{"href":"https:\/\/tpmadalina42.supserv.cozmoslabs.com\/fi\/wp-json\/wp\/v2\/media?parent=246389"}],"wp:term":[{"taxonomy":"product_brand","embeddable":true,"href":"https:\/\/tpmadalina42.supserv.cozmoslabs.com\/fi\/wp-json\/wp\/v2\/product_brand?post=246389"},{"taxonomy":"product_cat","embeddable":true,"href":"https:\/\/tpmadalina42.supserv.cozmoslabs.com\/fi\/wp-json\/wp\/v2\/product_cat?post=246389"},{"taxonomy":"product_tag","embeddable":true,"href":"https:\/\/tpmadalina42.supserv.cozmoslabs.com\/fi\/wp-json\/wp\/v2\/product_tag?post=246389"}],"curies":[{"name":"wp","href":"https:\/\/api.w.org\/{rel}","templated":true}]}}