{"id":247038,"date":"2024-08-11T03:30:46","date_gmt":"2024-08-11T10:30:46","guid":{"rendered":"https:\/\/glandine.com\/product\/nialaya-sterling-silber-rhodium-maenner-statement-ring\/"},"modified":"2024-11-29T18:22:07","modified_gmt":"2024-11-29T17:22:07","slug":"nialaya-sterling-silber-rhodium-maenner-statement-ring","status":"publish","type":"product","link":"https:\/\/tpmadalina42.supserv.cozmoslabs.com\/fi\/tuote-2\/nialaya-sterling-silber-rhodium-maenner-statement-ring\/","title":{"rendered":"Nialaya Sterling Hopea Rodiumi Miehille Statement Ring"},"content":{"rendered":"<p>Der Nialaya Herrenring ist ein St\u00fcck, das mit seinem k\u00fchnen und raffinierten Design jedes Ensemble aufwertet. Der Ring ist aus hochwertigem 925er Rhodium-Sterlingsilber gefertigt und hat eine schlichte graue Farbe, die f\u00fcr einen auff\u00e4lligen Auftritt sorgt. Der Ring wird von stilbewussten Prominenten auf der ganzen Welt getragen und tr\u00e4gt das kultige Nialaya-Logo als Zeichen f\u00fcr authentischen Luxus.<\/p>\n<ul>\n<li>Material: Rhodium 925 Sterling Silber<\/li>\n<li>Sukupuoli: Miehet<\/li>\n<li>V\u00e4ri: Harmaa<\/li>\n<li>Alkuper\u00e4maa: IT<\/li>\n<\/ul>","protected":false},"excerpt":{"rendered":"<p>Der Nialaya Herrenring ist ein St\u00fcck, das mit seinem k\u00fchnen und raffinierten Design jedes Ensemble aufwertet. Der Ring ist aus hochwertigem 925er Rhodium-Sterlingsilber gefertigt und hat eine schlichte graue Farbe, die f\u00fcr einen auff\u00e4lligen Auftritt sorgt. Der Ring wird von stilbewussten Prominenten auf der ganzen Welt getragen und tr\u00e4gt das kultige Nialaya-Logo als Zeichen f\u00fcr [&hellip;]<\/p>","protected":false},"featured_media":247030,"template":"","meta":[],"product_brand":[1886],"product_cat":[1689,1625,1636],"product_tag":[],"class_list":{"0":"post-247038","1":"product","2":"type-product","3":"status-publish","4":"has-post-thumbnail","6":"product_brand-nialaya","7":"product_cat-ringe","8":"product_cat-schmuck","9":"product_cat-maenner-schmuck","11":"first","12":"instock","13":"sale","14":"taxable","15":"shipping-taxable","16":"purchasable","17":"product-type-variable"},"_links":{"self":[{"href":"https:\/\/tpmadalina42.supserv.cozmoslabs.com\/fi\/wp-json\/wp\/v2\/product\/247038","targetHints":{"allow":["GET"]}}],"collection":[{"href":"https:\/\/tpmadalina42.supserv.cozmoslabs.com\/fi\/wp-json\/wp\/v2\/product"}],"about":[{"href":"https:\/\/tpmadalina42.supserv.cozmoslabs.com\/fi\/wp-json\/wp\/v2\/types\/product"}],"wp:featuredmedia":[{"embeddable":true,"href":"https:\/\/tpmadalina42.supserv.cozmoslabs.com\/fi\/wp-json\/wp\/v2\/media\/247030"}],"wp:attachment":[{"href":"https:\/\/tpmadalina42.supserv.cozmoslabs.com\/fi\/wp-json\/wp\/v2\/media?parent=247038"}],"wp:term":[{"taxonomy":"product_brand","embeddable":true,"href":"https:\/\/tpmadalina42.supserv.cozmoslabs.com\/fi\/wp-json\/wp\/v2\/product_brand?post=247038"},{"taxonomy":"product_cat","embeddable":true,"href":"https:\/\/tpmadalina42.supserv.cozmoslabs.com\/fi\/wp-json\/wp\/v2\/product_cat?post=247038"},{"taxonomy":"product_tag","embeddable":true,"href":"https:\/\/tpmadalina42.supserv.cozmoslabs.com\/fi\/wp-json\/wp\/v2\/product_tag?post=247038"}],"curies":[{"name":"wp","href":"https:\/\/api.w.org\/{rel}","templated":true}]}}