{"id":247099,"date":"2024-08-11T03:38:06","date_gmt":"2024-08-11T10:38:06","guid":{"rendered":"https:\/\/glandine.com\/product\/saint-laurent-erhoehen-sie-ihren-stil-mit-blauen-luxus-sneakers-in-mittlerer-hoehe\/"},"modified":"2024-12-11T06:45:17","modified_gmt":"2024-12-11T05:45:17","slug":"saint-laurent-erhoehen-sie-ihren-stil-mit-blauen-luxus-sneakers-in-mittlerer-hoehe","status":"publish","type":"product","link":"https:\/\/tpmadalina42.supserv.cozmoslabs.com\/fi\/tuote-2\/saint-laurent-erhoehen-sie-ihren-stil-mit-blauen-luxus-sneakers-in-mittlerer-hoehe\/","title":{"rendered":"Saint Laurent Erh\u00f6hen Sie Ihren Stil mit blauen Luxus-Sneakers in mittlerer H\u00f6he"},"content":{"rendered":"<p>Verbessern Sie Ihr Schuhwerk mit diesen tadellosen, brandneuen Mid-Top-Sneakers des kultigen Modehauses Saint Laurent. Sie werden komplett mit Original-Etiketten, einem sch\u00fctzenden Staubbeutel und dem Schuhkarton geliefert, um ihren tadellosen Zustand zu gew\u00e4hrleisten. Mit Pr\u00e4zision in Italien gefertigt, sind diese Sneaker nicht nur ein Symbol f\u00fcr Luxus, sondern auch ein Beweis f\u00fcr zeitlosen Stil und Langlebigkeit.<\/p>\n<ul>\n<li>V\u00e4ri: Sininen<\/li>\n<li>Material: 100% Kalbsleder, 100% Gummi<\/li>\n<li>Alkuper\u00e4maa: IT<\/li>\n<li>Schn\u00fcrung, runde Spitze, mit Logoprints<\/li>\n<li>Exquisites Kalbsleder und strapazierf\u00e4hige Gummisohle<\/li>\n<\/ul>","protected":false},"excerpt":{"rendered":"<p>Verbessern Sie Ihr Schuhwerk mit diesen tadellosen, brandneuen Mid-Top-Sneakers des kultigen Modehauses Saint Laurent. Sie werden komplett mit Original-Etiketten, einem sch\u00fctzenden Staubbeutel und dem Schuhkarton geliefert, um ihren tadellosen Zustand zu gew\u00e4hrleisten. Mit Pr\u00e4zision in Italien gefertigt, sind diese Sneaker nicht nur ein Symbol f\u00fcr Luxus, sondern auch ein Beweis f\u00fcr zeitlosen Stil und Langlebigkeit. [&hellip;]<\/p>","protected":false},"featured_media":247096,"template":"","meta":[],"product_brand":[2168],"product_cat":[1634,1624,1702],"product_tag":[],"class_list":{"0":"post-247099","1":"product","2":"type-product","3":"status-publish","4":"has-post-thumbnail","6":"product_brand-saint-laurent","7":"product_cat-maenner-schuhe","8":"product_cat-schuhe","9":"product_cat-turnschuhe","11":"first","12":"instock","13":"sale","14":"taxable","15":"shipping-taxable","16":"purchasable","17":"product-type-variable"},"_links":{"self":[{"href":"https:\/\/tpmadalina42.supserv.cozmoslabs.com\/fi\/wp-json\/wp\/v2\/product\/247099","targetHints":{"allow":["GET"]}}],"collection":[{"href":"https:\/\/tpmadalina42.supserv.cozmoslabs.com\/fi\/wp-json\/wp\/v2\/product"}],"about":[{"href":"https:\/\/tpmadalina42.supserv.cozmoslabs.com\/fi\/wp-json\/wp\/v2\/types\/product"}],"wp:featuredmedia":[{"embeddable":true,"href":"https:\/\/tpmadalina42.supserv.cozmoslabs.com\/fi\/wp-json\/wp\/v2\/media\/247096"}],"wp:attachment":[{"href":"https:\/\/tpmadalina42.supserv.cozmoslabs.com\/fi\/wp-json\/wp\/v2\/media?parent=247099"}],"wp:term":[{"taxonomy":"product_brand","embeddable":true,"href":"https:\/\/tpmadalina42.supserv.cozmoslabs.com\/fi\/wp-json\/wp\/v2\/product_brand?post=247099"},{"taxonomy":"product_cat","embeddable":true,"href":"https:\/\/tpmadalina42.supserv.cozmoslabs.com\/fi\/wp-json\/wp\/v2\/product_cat?post=247099"},{"taxonomy":"product_tag","embeddable":true,"href":"https:\/\/tpmadalina42.supserv.cozmoslabs.com\/fi\/wp-json\/wp\/v2\/product_tag?post=247099"}],"curies":[{"name":"wp","href":"https:\/\/api.w.org\/{rel}","templated":true}]}}