{"id":247135,"date":"2024-08-11T03:40:07","date_gmt":"2024-08-11T10:40:07","guid":{"rendered":"https:\/\/glandine.com\/product\/dolce-gabbana-floral-elegance-seidenfalten-maxikleid\/"},"modified":"2024-11-29T20:45:35","modified_gmt":"2024-11-29T19:45:35","slug":"dolce-gabbana-floral-elegance-seidenfalten-maxikleid","status":"publish","type":"product","link":"https:\/\/tpmadalina42.supserv.cozmoslabs.com\/fi\/tuote-2\/dolce-gabbana-floral-elegance-seidenfalten-maxikleid\/","title":{"rendered":"Dolce &amp; Gabbana Floral Elegance Seidenfalten-Maxikleid"},"content":{"rendered":"<p>Entdecken Sie den Inbegriff sommerlicher Anmut mit unserem Floral Elegance Silk Pleated Maxi Dress von Dolce &amp; Gabbana. Dieses atemberaubende neue Kleidungsst\u00fcck, komplett mit Etikett, pr\u00e4sentiert einen atemberaubenden Blumenprint vor einem sonnigen gelben Hintergrund. Der herzf\u00f6rmige Ausschnitt und die kurzen, drapierten \u00c4rmel sorgen f\u00fcr einen Hauch von Romantik, w\u00e4hrend das vollst\u00e4ndig plissierte Design und der hintere Rei\u00dfverschluss f\u00fcr eine perfekte Passform sorgen. Das in Italien mit \u00e4u\u00dferster Pr\u00e4zision gefertigte Kleid verk\u00f6rpert mit seinen raffinierten Details und dem hochwertigen Futter aus einer Seidenmischung Luxus pur.<\/p>\n<ul>\n<li>Farbe: Gelber Blumendruck<\/li>\n<li>Materiaali: 100% silkki<\/li>\n<li>Futter: 48% Seide, 27% Baumwolle, 14% Elasthan, 13% Nylon<\/li>\n<li>Alkuper\u00e4maa: IT<\/li>\n<li>Vetoketju takana<\/li>\n<li>Logon yksityiskohdat<\/li>\n<\/ul>","protected":false},"excerpt":{"rendered":"<p>Entdecken Sie den Inbegriff sommerlicher Anmut mit unserem Floral Elegance Silk Pleated Maxi Dress von Dolce &amp; Gabbana. Dieses atemberaubende neue Kleidungsst\u00fcck, komplett mit Etikett, pr\u00e4sentiert einen atemberaubenden Blumenprint vor einem sonnigen gelben Hintergrund. Der herzf\u00f6rmige Ausschnitt und die kurzen, drapierten \u00c4rmel sorgen f\u00fcr einen Hauch von Romantik, w\u00e4hrend das vollst\u00e4ndig plissierte Design und der [&hellip;]<\/p>","protected":false},"featured_media":247130,"template":"","meta":[],"product_brand":[1620],"product_cat":[1637,1659,1623],"product_tag":[],"class_list":{"0":"post-247135","1":"product","2":"type-product","3":"status-publish","4":"has-post-thumbnail","6":"product_brand-dolce-gabbana","7":"product_cat-frauen-kleidung","8":"product_cat-kleider","9":"product_cat-kleidung","11":"first","12":"instock","13":"sale","14":"taxable","15":"shipping-taxable","16":"purchasable","17":"product-type-variable"},"_links":{"self":[{"href":"https:\/\/tpmadalina42.supserv.cozmoslabs.com\/fi\/wp-json\/wp\/v2\/product\/247135","targetHints":{"allow":["GET"]}}],"collection":[{"href":"https:\/\/tpmadalina42.supserv.cozmoslabs.com\/fi\/wp-json\/wp\/v2\/product"}],"about":[{"href":"https:\/\/tpmadalina42.supserv.cozmoslabs.com\/fi\/wp-json\/wp\/v2\/types\/product"}],"wp:featuredmedia":[{"embeddable":true,"href":"https:\/\/tpmadalina42.supserv.cozmoslabs.com\/fi\/wp-json\/wp\/v2\/media\/247130"}],"wp:attachment":[{"href":"https:\/\/tpmadalina42.supserv.cozmoslabs.com\/fi\/wp-json\/wp\/v2\/media?parent=247135"}],"wp:term":[{"taxonomy":"product_brand","embeddable":true,"href":"https:\/\/tpmadalina42.supserv.cozmoslabs.com\/fi\/wp-json\/wp\/v2\/product_brand?post=247135"},{"taxonomy":"product_cat","embeddable":true,"href":"https:\/\/tpmadalina42.supserv.cozmoslabs.com\/fi\/wp-json\/wp\/v2\/product_cat?post=247135"},{"taxonomy":"product_tag","embeddable":true,"href":"https:\/\/tpmadalina42.supserv.cozmoslabs.com\/fi\/wp-json\/wp\/v2\/product_tag?post=247135"}],"curies":[{"name":"wp","href":"https:\/\/api.w.org\/{rel}","templated":true}]}}