{"id":247143,"date":"2024-08-11T03:40:35","date_gmt":"2024-08-11T10:40:35","guid":{"rendered":"https:\/\/glandine.com\/product\/dolce-gabbana-elegantes-gebluemtes-maxikleid-aus-spitze-mit-polka-dots\/"},"modified":"2024-11-29T20:45:55","modified_gmt":"2024-11-29T19:45:55","slug":"dolce-gabbana-elegantes-gebluemtes-maxikleid-aus-spitze-mit-polka-dots","status":"publish","type":"product","link":"https:\/\/tpmadalina42.supserv.cozmoslabs.com\/fi\/tuote-2\/dolce-gabbana-elegantes-gebluemtes-maxikleid-aus-spitze-mit-polka-dots\/","title":{"rendered":"Dolce &amp; Gabbana Elegantes gebl\u00fcmtes Maxikleid aus Spitze mit Polka Dots"},"content":{"rendered":"<p>G\u00f6nnen Sie sich den Inbegriff von italienischem Luxus mit diesem atemberaubenden <strong>Dolce &amp; Gabbana Capri Maxikleid<\/strong>. Das aus einer hochwertigen Materialmischung gefertigte Kleid pr\u00e4sentiert sich mit einem exquisiten Spitzen-Overlay, das mit einer charmanten Mischung aus floralen Mustern und verspielten wei\u00dfen Tupfen verziert ist. Es ist die perfekte Wahl f\u00fcr jede gehobene Veranstaltung oder Gala und verf\u00fcgt \u00fcber einen eleganten Rei\u00dfverschluss am R\u00fccken und ein Seiden-Stretch-Innenfutter, das sowohl Komfort als auch eine schmeichelhafte Passform gew\u00e4hrleistet. Mit seiner hochwertigen Verarbeitung ist dieses St\u00fcck ein Beweis f\u00fcr Dolce &amp; Gabbanas Engagement f\u00fcr exklusive Mode und Stil.<\/p>\n<ul>\n<li>Farbe: Schwarz mit floralen Details, wei\u00dfe Tupfen<\/li>\n<li>Material: 80% Seide, 8% Baumwolle, 7% Nylon, 5% Viskose<\/li>\n<li>Futter: 96% Seide, 4% Elastan<\/li>\n<li>Valmistettu Italiassa<\/li>\n<li>Logon yksityiskohdat<\/li>\n<\/ul>","protected":false},"excerpt":{"rendered":"<p>G\u00f6nnen Sie sich den Inbegriff von italienischem Luxus mit diesem atemberaubenden Dolce &amp; Gabbana Capri Maxikleid. Das aus einer hochwertigen Materialmischung gefertigte Kleid pr\u00e4sentiert sich mit einem exquisiten Spitzen-Overlay, das mit einer charmanten Mischung aus floralen Mustern und verspielten wei\u00dfen Tupfen verziert ist. Es ist die perfekte Wahl f\u00fcr jede gehobene Veranstaltung oder Gala und [&hellip;]<\/p>","protected":false},"featured_media":247138,"template":"","meta":[],"product_brand":[1620],"product_cat":[1637,1659,1623],"product_tag":[],"class_list":{"0":"post-247143","1":"product","2":"type-product","3":"status-publish","4":"has-post-thumbnail","6":"product_brand-dolce-gabbana","7":"product_cat-frauen-kleidung","8":"product_cat-kleider","9":"product_cat-kleidung","11":"first","12":"instock","13":"sale","14":"taxable","15":"shipping-taxable","16":"purchasable","17":"product-type-variable"},"_links":{"self":[{"href":"https:\/\/tpmadalina42.supserv.cozmoslabs.com\/fi\/wp-json\/wp\/v2\/product\/247143","targetHints":{"allow":["GET"]}}],"collection":[{"href":"https:\/\/tpmadalina42.supserv.cozmoslabs.com\/fi\/wp-json\/wp\/v2\/product"}],"about":[{"href":"https:\/\/tpmadalina42.supserv.cozmoslabs.com\/fi\/wp-json\/wp\/v2\/types\/product"}],"wp:featuredmedia":[{"embeddable":true,"href":"https:\/\/tpmadalina42.supserv.cozmoslabs.com\/fi\/wp-json\/wp\/v2\/media\/247138"}],"wp:attachment":[{"href":"https:\/\/tpmadalina42.supserv.cozmoslabs.com\/fi\/wp-json\/wp\/v2\/media?parent=247143"}],"wp:term":[{"taxonomy":"product_brand","embeddable":true,"href":"https:\/\/tpmadalina42.supserv.cozmoslabs.com\/fi\/wp-json\/wp\/v2\/product_brand?post=247143"},{"taxonomy":"product_cat","embeddable":true,"href":"https:\/\/tpmadalina42.supserv.cozmoslabs.com\/fi\/wp-json\/wp\/v2\/product_cat?post=247143"},{"taxonomy":"product_tag","embeddable":true,"href":"https:\/\/tpmadalina42.supserv.cozmoslabs.com\/fi\/wp-json\/wp\/v2\/product_tag?post=247143"}],"curies":[{"name":"wp","href":"https:\/\/api.w.org\/{rel}","templated":true}]}}