{"id":247957,"date":"2024-08-11T06:10:14","date_gmt":"2024-08-11T13:10:14","guid":{"rendered":"https:\/\/glandine.com\/product\/plein-sport-schlichter-schwarzer-sport-bh-mit-fuchsiafarbenem-akzent\/"},"modified":"2024-11-30T11:40:28","modified_gmt":"2024-11-30T10:40:28","slug":"plein-sport-schlichter-schwarzer-sport-bh-mit-fuchsiafarbenem-akzent","status":"publish","type":"product","link":"https:\/\/tpmadalina42.supserv.cozmoslabs.com\/fi\/tuote-2\/plein-sport-schlichter-schwarzer-sport-bh-mit-fuchsiafarbenem-akzent\/","title":{"rendered":"Plein Sport Schlichter schwarzer Sport-BH mit fuchsiafarbenem Akzent"},"content":{"rendered":"<p>G\u00f6nnen Sie sich eine Mischung aus Stil und Komfort mit diesem wundersch\u00f6nen neuen Sport-BH von Plein Sport. Das mit Pr\u00e4zision gefertigte Modell sorgt f\u00fcr eine gute Passform und zeigt gleichzeitig eine schlichte Eleganz. Der auff\u00e4llige schwarze Farbton und die auff\u00e4lligen fuchsiafarbenen Details sorgen f\u00fcr einen auff\u00e4lligen sportlichen Look, der sich sowohl f\u00fcr das Training als auch f\u00fcr die Freizeit eignet.<\/p>\n<ul>\n<li>Farbe: Schwarz, Fuchsia<\/li>\n<li>Alkuper\u00e4maa: IT<\/li>\n<li>Logon yksityiskohdat<\/li>\n<li>Modell: Sport-BH<\/li>\n<li>H\u00e4kchenverschluss<\/li>\n<\/ul>","protected":false},"excerpt":{"rendered":"<p>G\u00f6nnen Sie sich eine Mischung aus Stil und Komfort mit diesem wundersch\u00f6nen neuen Sport-BH von Plein Sport. Das mit Pr\u00e4zision gefertigte Modell sorgt f\u00fcr eine gute Passform und zeigt gleichzeitig eine schlichte Eleganz. Der auff\u00e4llige schwarze Farbton und die auff\u00e4lligen fuchsiafarbenen Details sorgen f\u00fcr einen auff\u00e4lligen sportlichen Look, der sich sowohl f\u00fcr das Training als [&hellip;]<\/p>","protected":false},"featured_media":247954,"template":"","meta":[],"product_brand":[2108],"product_cat":[1637,1623,1717],"product_tag":[],"class_list":{"0":"post-247957","1":"product","2":"type-product","3":"status-publish","4":"has-post-thumbnail","6":"product_brand-plein-sport","7":"product_cat-frauen-kleidung","8":"product_cat-kleidung","9":"product_cat-unterwaesche","11":"first","12":"instock","13":"sale","14":"taxable","15":"shipping-taxable","16":"purchasable","17":"product-type-variable"},"_links":{"self":[{"href":"https:\/\/tpmadalina42.supserv.cozmoslabs.com\/fi\/wp-json\/wp\/v2\/product\/247957","targetHints":{"allow":["GET"]}}],"collection":[{"href":"https:\/\/tpmadalina42.supserv.cozmoslabs.com\/fi\/wp-json\/wp\/v2\/product"}],"about":[{"href":"https:\/\/tpmadalina42.supserv.cozmoslabs.com\/fi\/wp-json\/wp\/v2\/types\/product"}],"wp:featuredmedia":[{"embeddable":true,"href":"https:\/\/tpmadalina42.supserv.cozmoslabs.com\/fi\/wp-json\/wp\/v2\/media\/247954"}],"wp:attachment":[{"href":"https:\/\/tpmadalina42.supserv.cozmoslabs.com\/fi\/wp-json\/wp\/v2\/media?parent=247957"}],"wp:term":[{"taxonomy":"product_brand","embeddable":true,"href":"https:\/\/tpmadalina42.supserv.cozmoslabs.com\/fi\/wp-json\/wp\/v2\/product_brand?post=247957"},{"taxonomy":"product_cat","embeddable":true,"href":"https:\/\/tpmadalina42.supserv.cozmoslabs.com\/fi\/wp-json\/wp\/v2\/product_cat?post=247957"},{"taxonomy":"product_tag","embeddable":true,"href":"https:\/\/tpmadalina42.supserv.cozmoslabs.com\/fi\/wp-json\/wp\/v2\/product_tag?post=247957"}],"curies":[{"name":"wp","href":"https:\/\/api.w.org\/{rel}","templated":true}]}}