{"id":249308,"date":"2024-08-16T14:26:48","date_gmt":"2024-08-16T21:26:48","guid":{"rendered":"https:\/\/glandine.com\/product\/dolce-gabbana-super-king-slider-sandalen-in-monochrom\/"},"modified":"2024-11-29T18:11:31","modified_gmt":"2024-11-29T17:11:31","slug":"dolce-gabbana-super-king-slider-sandalen-in-monochrom","status":"publish","type":"product","link":"https:\/\/tpmadalina42.supserv.cozmoslabs.com\/fi\/tuote-2\/dolce-gabbana-super-king-slider-sandalen-in-monochrom\/","title":{"rendered":"Dolce &amp; Gabbana Super King Slider-Sandalen in Monochrom"},"content":{"rendered":"<p>Gehen Sie mit diesen authentischen <b>Dolce &amp; Gabbana Super King Slider-Sandalen<\/b> im ikonischen Stil aus. Diese monochromen Pantoletten sind f\u00fcr modebewusste Menschen gemacht und verk\u00f6rpern Luxus mit einem gepr\u00e4gten DG-Logo f\u00fcr einen Hauch von Erhabenheit. Perfekt f\u00fcr Ihre Freizeitaktivit\u00e4ten, versprechen sie Komfort mit einem raffinierten Rand. Und das alles mit der Langlebigkeit und Qualit\u00e4t, die f\u00fcr die italienische Handwerkskunst steht.<\/p>\n<ul>\n<li>Material: 5% EA, 5% EL, 10% PA, 10% PL, 10% VI, 60% Leder<\/li>\n<li>Farbe: Wei\u00df und Schwarz<\/li>\n<li>Kumipohja<\/li>\n<li>Logon yksityiskohdat<\/li>\n<li>Valmistettu Italiassa<\/li>\n<\/ul>","protected":false},"excerpt":{"rendered":"<p>Gehen Sie mit diesen authentischen Dolce &amp; Gabbana Super King Slider-Sandalen im ikonischen Stil aus. Diese monochromen Pantoletten sind f\u00fcr modebewusste Menschen gemacht und verk\u00f6rpern Luxus mit einem gepr\u00e4gten DG-Logo f\u00fcr einen Hauch von Erhabenheit. Perfekt f\u00fcr Ihre Freizeitaktivit\u00e4ten, versprechen sie Komfort mit einem raffinierten Rand. Und das alles mit der Langlebigkeit und Qualit\u00e4t, die [&hellip;]<\/p>","protected":false},"featured_media":249301,"template":"","meta":[],"product_brand":[1620],"product_cat":[1634,1691,1624],"product_tag":[],"class_list":{"0":"post-249308","1":"product","2":"type-product","3":"status-publish","4":"has-post-thumbnail","6":"product_brand-dolce-gabbana","7":"product_cat-maenner-schuhe","8":"product_cat-sandalen","9":"product_cat-schuhe","11":"first","12":"instock","13":"sale","14":"taxable","15":"shipping-taxable","16":"purchasable","17":"product-type-variable"},"_links":{"self":[{"href":"https:\/\/tpmadalina42.supserv.cozmoslabs.com\/fi\/wp-json\/wp\/v2\/product\/249308","targetHints":{"allow":["GET"]}}],"collection":[{"href":"https:\/\/tpmadalina42.supserv.cozmoslabs.com\/fi\/wp-json\/wp\/v2\/product"}],"about":[{"href":"https:\/\/tpmadalina42.supserv.cozmoslabs.com\/fi\/wp-json\/wp\/v2\/types\/product"}],"wp:featuredmedia":[{"embeddable":true,"href":"https:\/\/tpmadalina42.supserv.cozmoslabs.com\/fi\/wp-json\/wp\/v2\/media\/249301"}],"wp:attachment":[{"href":"https:\/\/tpmadalina42.supserv.cozmoslabs.com\/fi\/wp-json\/wp\/v2\/media?parent=249308"}],"wp:term":[{"taxonomy":"product_brand","embeddable":true,"href":"https:\/\/tpmadalina42.supserv.cozmoslabs.com\/fi\/wp-json\/wp\/v2\/product_brand?post=249308"},{"taxonomy":"product_cat","embeddable":true,"href":"https:\/\/tpmadalina42.supserv.cozmoslabs.com\/fi\/wp-json\/wp\/v2\/product_cat?post=249308"},{"taxonomy":"product_tag","embeddable":true,"href":"https:\/\/tpmadalina42.supserv.cozmoslabs.com\/fi\/wp-json\/wp\/v2\/product_tag?post=249308"}],"curies":[{"name":"wp","href":"https:\/\/api.w.org\/{rel}","templated":true}]}}