{"id":250437,"date":"2024-08-20T00:33:41","date_gmt":"2024-08-20T07:33:41","guid":{"rendered":"https:\/\/glandine.com\/product\/dolce-gabbana-elegantes-braunes-langaermeliges-wickelkleid\/"},"modified":"2024-11-30T04:22:51","modified_gmt":"2024-11-30T03:22:51","slug":"dolce-gabbana-elegantes-braunes-langaermeliges-wickelkleid","status":"publish","type":"product","link":"https:\/\/tpmadalina42.supserv.cozmoslabs.com\/fi\/tuote-2\/dolce-gabbana-elegantes-braunes-langaermeliges-wickelkleid\/","title":{"rendered":"Dolce &amp; Gabbana Elegantes Braunes Lang\u00e4rmeliges Wickelkleid"},"content":{"rendered":"<p>Erleben Sie Raffinesse mit diesem herrlichen, brandneuen Dolce &amp; Gabbana Langarm-Wickelkleid. Perfekt f\u00fcr jede gehobene Veranstaltung, bietet dieses Kleid eine reiche braune Farbe und eine luxuri\u00f6se Mischung von Materialien, die sowohl Komfort und eine schmeichelhafte Passform bieten. Das elegante Design verf\u00fcgt \u00fcber einen subtilen Rei\u00dfverschluss und wurde in Italien sorgf\u00e4ltig gefertigt, um das Markenzeichen der Eleganz und Premium-Qualit\u00e4t zu verdeutlichen.<\/p>\n<ul>\n<li>V\u00e4ri: Ruskea<\/li>\n<li>Material: 51% Viskose, 46% Acetat, 3% Elasthan (Stretch)<\/li>\n<li>Alkuper\u00e4maa: Italia<\/li>\n<li>Logon yksityiskohdat<\/li>\n<\/ul>","protected":false},"excerpt":{"rendered":"<p>Erleben Sie Raffinesse mit diesem herrlichen, brandneuen Dolce &amp; Gabbana Langarm-Wickelkleid. Perfekt f\u00fcr jede gehobene Veranstaltung, bietet dieses Kleid eine reiche braune Farbe und eine luxuri\u00f6se Mischung von Materialien, die sowohl Komfort und eine schmeichelhafte Passform bieten. Das elegante Design verf\u00fcgt \u00fcber einen subtilen Rei\u00dfverschluss und wurde in Italien sorgf\u00e4ltig gefertigt, um das Markenzeichen der [&hellip;]<\/p>","protected":false},"featured_media":250432,"template":"","meta":[],"product_brand":[1620],"product_cat":[1637,1659,1623],"product_tag":[],"class_list":{"0":"post-250437","1":"product","2":"type-product","3":"status-publish","4":"has-post-thumbnail","6":"product_brand-dolce-gabbana","7":"product_cat-frauen-kleidung","8":"product_cat-kleider","9":"product_cat-kleidung","11":"first","12":"instock","13":"sale","14":"taxable","15":"shipping-taxable","16":"purchasable","17":"product-type-variable"},"_links":{"self":[{"href":"https:\/\/tpmadalina42.supserv.cozmoslabs.com\/fi\/wp-json\/wp\/v2\/product\/250437","targetHints":{"allow":["GET"]}}],"collection":[{"href":"https:\/\/tpmadalina42.supserv.cozmoslabs.com\/fi\/wp-json\/wp\/v2\/product"}],"about":[{"href":"https:\/\/tpmadalina42.supserv.cozmoslabs.com\/fi\/wp-json\/wp\/v2\/types\/product"}],"wp:featuredmedia":[{"embeddable":true,"href":"https:\/\/tpmadalina42.supserv.cozmoslabs.com\/fi\/wp-json\/wp\/v2\/media\/250432"}],"wp:attachment":[{"href":"https:\/\/tpmadalina42.supserv.cozmoslabs.com\/fi\/wp-json\/wp\/v2\/media?parent=250437"}],"wp:term":[{"taxonomy":"product_brand","embeddable":true,"href":"https:\/\/tpmadalina42.supserv.cozmoslabs.com\/fi\/wp-json\/wp\/v2\/product_brand?post=250437"},{"taxonomy":"product_cat","embeddable":true,"href":"https:\/\/tpmadalina42.supserv.cozmoslabs.com\/fi\/wp-json\/wp\/v2\/product_cat?post=250437"},{"taxonomy":"product_tag","embeddable":true,"href":"https:\/\/tpmadalina42.supserv.cozmoslabs.com\/fi\/wp-json\/wp\/v2\/product_tag?post=250437"}],"curies":[{"name":"wp","href":"https:\/\/api.w.org\/{rel}","templated":true}]}}