{"id":250461,"date":"2024-08-20T01:01:53","date_gmt":"2024-08-20T08:01:53","guid":{"rendered":"https:\/\/glandine.com\/product\/dolce-gabbana-rosa-seiden-stretch-etuikleid-ohne-traeger\/"},"modified":"2024-12-01T05:12:12","modified_gmt":"2024-12-01T04:12:12","slug":"dolce-gabbana-rosa-seiden-stretch-etuikleid-ohne-traeger","status":"publish","type":"product","link":"https:\/\/tpmadalina42.supserv.cozmoslabs.com\/fi\/tuote-2\/dolce-gabbana-rosa-seiden-stretch-etuikleid-ohne-traeger\/","title":{"rendered":"Dolce &amp; Gabbana Rosa Seiden-Stretch-Etuikleid ohne Tr\u00e4ger"},"content":{"rendered":"<p>DOLCE &amp; GABBANA<\/p>\n<p>Wundersch\u00f6ne brandneue mit Tags, 100% Authentic Dolce &amp; Gabbana tr\u00e4gerlosen Midi-Kleid in rosa verf\u00fcgt \u00fcber einen Rei\u00dfverschluss hinten.<br \/>\nModell: Midikleid<br \/>\nV\u00e4ri: Pinkki<br \/>\nVetoketju<br \/>\nLogon yksityiskohdat<br \/>\nValmistettu Italiassa<br \/>\nMaterial: 94% Seide 6% Elastan<br \/>\nInnenfutter: 96% Seide 4% Elastan<\/p>\n<p><strong>Dieser Artikel hat einen kleinen Fehler, er hat F\u00e4den gezogen (siehe Bilder f\u00fcr Details). <\/strong><\/p>","protected":false},"excerpt":{"rendered":"<p>DOLCE &amp; GABBANA Wundersch\u00f6ne brandneue mit Tags, 100% Authentic Dolce &amp; Gabbana tr\u00e4gerlosen Midi-Kleid in rosa verf\u00fcgt \u00fcber einen Rei\u00dfverschluss hinten. Modell: Midikleid Farbe: Rosa Reissverschluss Logo-Details Hergestellt in Italien Material: 94% Seide 6% Elastan Innenfutter: 96% Seide 4% Elastan Dieser Artikel hat einen kleinen Fehler, er hat F\u00e4den gezogen (siehe Bilder f\u00fcr Details).<\/p>","protected":false},"featured_media":250454,"template":"","meta":[],"product_brand":[1620],"product_cat":[1637,1659,1623],"product_tag":[],"class_list":{"0":"post-250461","1":"product","2":"type-product","3":"status-publish","4":"has-post-thumbnail","6":"product_brand-dolce-gabbana","7":"product_cat-frauen-kleidung","8":"product_cat-kleider","9":"product_cat-kleidung","11":"first","12":"instock","13":"sale","14":"taxable","15":"shipping-taxable","16":"purchasable","17":"product-type-variable"},"_links":{"self":[{"href":"https:\/\/tpmadalina42.supserv.cozmoslabs.com\/fi\/wp-json\/wp\/v2\/product\/250461","targetHints":{"allow":["GET"]}}],"collection":[{"href":"https:\/\/tpmadalina42.supserv.cozmoslabs.com\/fi\/wp-json\/wp\/v2\/product"}],"about":[{"href":"https:\/\/tpmadalina42.supserv.cozmoslabs.com\/fi\/wp-json\/wp\/v2\/types\/product"}],"wp:featuredmedia":[{"embeddable":true,"href":"https:\/\/tpmadalina42.supserv.cozmoslabs.com\/fi\/wp-json\/wp\/v2\/media\/250454"}],"wp:attachment":[{"href":"https:\/\/tpmadalina42.supserv.cozmoslabs.com\/fi\/wp-json\/wp\/v2\/media?parent=250461"}],"wp:term":[{"taxonomy":"product_brand","embeddable":true,"href":"https:\/\/tpmadalina42.supserv.cozmoslabs.com\/fi\/wp-json\/wp\/v2\/product_brand?post=250461"},{"taxonomy":"product_cat","embeddable":true,"href":"https:\/\/tpmadalina42.supserv.cozmoslabs.com\/fi\/wp-json\/wp\/v2\/product_cat?post=250461"},{"taxonomy":"product_tag","embeddable":true,"href":"https:\/\/tpmadalina42.supserv.cozmoslabs.com\/fi\/wp-json\/wp\/v2\/product_tag?post=250461"}],"curies":[{"name":"wp","href":"https:\/\/api.w.org\/{rel}","templated":true}]}}