{"id":250491,"date":"2024-08-20T02:01:32","date_gmt":"2024-08-20T09:01:32","guid":{"rendered":"https:\/\/glandine.com\/product\/dsquared%c2%b2-weisses-aermelloses-bodycon-minikleid-aus-viskose\/"},"modified":"2024-10-18T06:22:46","modified_gmt":"2024-10-18T04:22:46","slug":"dsquared%c2%b2-weisses-aermelloses-bodycon-minikleid-aus-viskose","status":"publish","type":"product","link":"https:\/\/tpmadalina42.supserv.cozmoslabs.com\/fi\/tuote-2\/dsquared\u00b2-weisses-aermelloses-bodycon-minikleid-aus-viskose\/","title":{"rendered":"Dsquared\u00b2 Wei\u00dfes \u00e4rmelloses Bodycon-Minikleid aus Viskose"},"content":{"rendered":"<p>DSQUARED2<\/p>\n<p>Wundersch\u00f6nes brandneues, 100% authentisches DSQUARED2 \u00e4rmelloses Minikleid.<br \/>\nModell: Bodycon-Minikleid<br \/>\nV\u00e4ri: Valkoinen<br \/>\nTakana vetoketju<br \/>\nLogon yksityiskohdat<br \/>\nMaterial: 83% Viskose 17% Polyester<\/p>\n<p><strong>T\u00e4st\u00e4 tuotteesta puuttuu DSquared2-paperitarra.<\/strong><\/p>","protected":false},"excerpt":{"rendered":"<p>DSQUARED2 Wundersch\u00f6nes brandneues, 100% authentisches DSQUARED2 \u00e4rmelloses Minikleid. Modell: Bodycon-Minikleid Farbe: Wei\u00df Rei\u00dfverschluss hinten Logo-Details Material: 83% Viskose 17% Polyester Bei diesem Artikel fehlt das DSquared2 Papieretikett.<\/p>","protected":false},"featured_media":250486,"template":"","meta":[],"product_brand":[1989],"product_cat":[1637,1659,1623],"product_tag":[],"class_list":{"0":"post-250491","1":"product","2":"type-product","3":"status-publish","4":"has-post-thumbnail","6":"product_brand-dsquared","7":"product_cat-frauen-kleidung","8":"product_cat-kleider","9":"product_cat-kleidung","11":"first","12":"instock","13":"sale","14":"taxable","15":"shipping-taxable","16":"purchasable","17":"product-type-variable"},"_links":{"self":[{"href":"https:\/\/tpmadalina42.supserv.cozmoslabs.com\/fi\/wp-json\/wp\/v2\/product\/250491","targetHints":{"allow":["GET"]}}],"collection":[{"href":"https:\/\/tpmadalina42.supserv.cozmoslabs.com\/fi\/wp-json\/wp\/v2\/product"}],"about":[{"href":"https:\/\/tpmadalina42.supserv.cozmoslabs.com\/fi\/wp-json\/wp\/v2\/types\/product"}],"wp:featuredmedia":[{"embeddable":true,"href":"https:\/\/tpmadalina42.supserv.cozmoslabs.com\/fi\/wp-json\/wp\/v2\/media\/250486"}],"wp:attachment":[{"href":"https:\/\/tpmadalina42.supserv.cozmoslabs.com\/fi\/wp-json\/wp\/v2\/media?parent=250491"}],"wp:term":[{"taxonomy":"product_brand","embeddable":true,"href":"https:\/\/tpmadalina42.supserv.cozmoslabs.com\/fi\/wp-json\/wp\/v2\/product_brand?post=250491"},{"taxonomy":"product_cat","embeddable":true,"href":"https:\/\/tpmadalina42.supserv.cozmoslabs.com\/fi\/wp-json\/wp\/v2\/product_cat?post=250491"},{"taxonomy":"product_tag","embeddable":true,"href":"https:\/\/tpmadalina42.supserv.cozmoslabs.com\/fi\/wp-json\/wp\/v2\/product_tag?post=250491"}],"curies":[{"name":"wp","href":"https:\/\/api.w.org\/{rel}","templated":true}]}}