{"id":250529,"date":"2024-08-20T04:08:14","date_gmt":"2024-08-20T11:08:14","guid":{"rendered":"https:\/\/glandine.com\/product\/dolce-gabbana-elegantes-rosafarbenes-bodycon-midikleid\/"},"modified":"2024-11-30T14:29:44","modified_gmt":"2024-11-30T13:29:44","slug":"dolce-gabbana-elegantes-rosafarbenes-bodycon-midikleid","status":"publish","type":"product","link":"https:\/\/tpmadalina42.supserv.cozmoslabs.com\/fi\/tuote-2\/dolce-gabbana-elegantes-rosafarbenes-bodycon-midikleid\/","title":{"rendered":"Dolce &amp; Gabbana Elegantes rosafarbenes Bodycon Midikleid"},"content":{"rendered":"<p>G\u00f6nnen Sie sich den Luxus und die Raffinesse von Dolce &amp; Gabbana mit diesem herrlichen neuen Midikleid. Das Kleid wurde entworfen, um Ihre Silhouette mit seinem Bodycon-Stil und seiner Midi-L\u00e4nge zu formen und zu betonen. Es ist in einem zarten Ros\u00e9-Ton gehalten, der Weiblichkeit und Eleganz ausstrahlt, und verf\u00fcgt \u00fcber lange \u00c4rmel und einen praktischen Rei\u00dfverschluss. Raffinierte Logodetails zieren das Kleid und verleihen ihm einen zus\u00e4tzlichen Hauch von klassischem Markencharme. Dieses in Italien gefertigte Kleidungsst\u00fcck verspricht un\u00fcbertroffene Qualit\u00e4t und Stil.<\/p>\n<ul>\n<li>V\u00e4ri: Pinkki<\/li>\n<li>Material: 66% Polyester, 30% Viskose, 4% Elastan<\/li>\n<li>Alkuper\u00e4maa: IT<\/li>\n<\/ul>","protected":false},"excerpt":{"rendered":"<p>G\u00f6nnen Sie sich den Luxus und die Raffinesse von Dolce &amp; Gabbana mit diesem herrlichen neuen Midikleid. Das Kleid wurde entworfen, um Ihre Silhouette mit seinem Bodycon-Stil und seiner Midi-L\u00e4nge zu formen und zu betonen. Es ist in einem zarten Ros\u00e9-Ton gehalten, der Weiblichkeit und Eleganz ausstrahlt, und verf\u00fcgt \u00fcber lange \u00c4rmel und einen praktischen [&hellip;]<\/p>","protected":false},"featured_media":250523,"template":"","meta":[],"product_brand":[1620],"product_cat":[1637,1659,1623],"product_tag":[],"class_list":{"0":"post-250529","1":"product","2":"type-product","3":"status-publish","4":"has-post-thumbnail","6":"product_brand-dolce-gabbana","7":"product_cat-frauen-kleidung","8":"product_cat-kleider","9":"product_cat-kleidung","11":"first","12":"instock","13":"sale","14":"taxable","15":"shipping-taxable","16":"purchasable","17":"product-type-variable"},"_links":{"self":[{"href":"https:\/\/tpmadalina42.supserv.cozmoslabs.com\/fi\/wp-json\/wp\/v2\/product\/250529","targetHints":{"allow":["GET"]}}],"collection":[{"href":"https:\/\/tpmadalina42.supserv.cozmoslabs.com\/fi\/wp-json\/wp\/v2\/product"}],"about":[{"href":"https:\/\/tpmadalina42.supserv.cozmoslabs.com\/fi\/wp-json\/wp\/v2\/types\/product"}],"wp:featuredmedia":[{"embeddable":true,"href":"https:\/\/tpmadalina42.supserv.cozmoslabs.com\/fi\/wp-json\/wp\/v2\/media\/250523"}],"wp:attachment":[{"href":"https:\/\/tpmadalina42.supserv.cozmoslabs.com\/fi\/wp-json\/wp\/v2\/media?parent=250529"}],"wp:term":[{"taxonomy":"product_brand","embeddable":true,"href":"https:\/\/tpmadalina42.supserv.cozmoslabs.com\/fi\/wp-json\/wp\/v2\/product_brand?post=250529"},{"taxonomy":"product_cat","embeddable":true,"href":"https:\/\/tpmadalina42.supserv.cozmoslabs.com\/fi\/wp-json\/wp\/v2\/product_cat?post=250529"},{"taxonomy":"product_tag","embeddable":true,"href":"https:\/\/tpmadalina42.supserv.cozmoslabs.com\/fi\/wp-json\/wp\/v2\/product_tag?post=250529"}],"curies":[{"name":"wp","href":"https:\/\/api.w.org\/{rel}","templated":true}]}}