{"id":250591,"date":"2024-08-20T09:00:14","date_gmt":"2024-08-20T16:00:14","guid":{"rendered":"https:\/\/glandine.com\/product\/dolce-gabbana-elegantes-etuikleid-in-wickeloptik-mit-langen-aermeln\/"},"modified":"2024-11-30T04:22:44","modified_gmt":"2024-11-30T03:22:44","slug":"dolce-gabbana-elegantes-etuikleid-in-wickeloptik-mit-langen-aermeln","status":"publish","type":"product","link":"https:\/\/tpmadalina42.supserv.cozmoslabs.com\/fi\/tuote-2\/dolce-gabbana-elegantes-etuikleid-in-wickeloptik-mit-langen-aermeln\/","title":{"rendered":"Dolce &amp; Gabbana Elegantes Etuikleid in Wickeloptik mit langen \u00c4rmeln"},"content":{"rendered":"<p>G\u00f6nnen Sie sich die m\u00fchelose Eleganz dieses wundersch\u00f6nen schwarzen Etuikleides, ein brandneues St\u00fcck aus der exquisiten Dolce &amp; Gabbana-Kollektion, an dem das Etikett befestigt ist. Dieses Kleid im Wickel-Stil ist perfekt geschnitten, um Ihren Kurven zu schmeicheln, und wurde aus feinster 100%iger Wolle gefertigt, die sowohl W\u00e4rme als auch ein luxuri\u00f6ses, weiches Gef\u00fchl garantiert. Das Kleid in klassischem Schwarz ist ein echter Hingucker und verf\u00fcgt \u00fcber einen praktischen Rei\u00dfverschluss und ein Stretch-Innenfutter, das Ihnen bei jeder Gelegenheit ein angenehmes Tragegef\u00fchl verleiht. Dieses in Italien gefertigte Kleid ist nicht nur ein Beweis f\u00fcr die hohe Kunst der Mode, sondern auch f\u00fcr die Handwerkskunst der renommierten Marke Dolce &amp; Gabbana. Mit dezenten Logodetails verziert, ist es eine zeitlose Erg\u00e4nzung f\u00fcr jede Garderobe.<\/p>\n<ul>\n<li>Materiaali: 100% villa<\/li>\n<li>V\u00e4ri: Musta<\/li>\n<li>Alkuper\u00e4maa: IT<\/li>\n<li>Vetoketjukiinnitys<\/li>\n<li>Stretch-Innenfutter<\/li>\n<li>Logon yksityiskohdat<\/li>\n<\/ul>","protected":false},"excerpt":{"rendered":"<p>G\u00f6nnen Sie sich die m\u00fchelose Eleganz dieses wundersch\u00f6nen schwarzen Etuikleides, ein brandneues St\u00fcck aus der exquisiten Dolce &amp; Gabbana-Kollektion, an dem das Etikett befestigt ist. Dieses Kleid im Wickel-Stil ist perfekt geschnitten, um Ihren Kurven zu schmeicheln, und wurde aus feinster 100%iger Wolle gefertigt, die sowohl W\u00e4rme als auch ein luxuri\u00f6ses, weiches Gef\u00fchl garantiert. Das [&hellip;]<\/p>","protected":false},"featured_media":250586,"template":"","meta":[],"product_brand":[1620],"product_cat":[1637,1659,1623],"product_tag":[],"class_list":{"0":"post-250591","1":"product","2":"type-product","3":"status-publish","4":"has-post-thumbnail","6":"product_brand-dolce-gabbana","7":"product_cat-frauen-kleidung","8":"product_cat-kleider","9":"product_cat-kleidung","11":"first","12":"instock","13":"sale","14":"taxable","15":"shipping-taxable","16":"purchasable","17":"product-type-variable"},"_links":{"self":[{"href":"https:\/\/tpmadalina42.supserv.cozmoslabs.com\/fi\/wp-json\/wp\/v2\/product\/250591","targetHints":{"allow":["GET"]}}],"collection":[{"href":"https:\/\/tpmadalina42.supserv.cozmoslabs.com\/fi\/wp-json\/wp\/v2\/product"}],"about":[{"href":"https:\/\/tpmadalina42.supserv.cozmoslabs.com\/fi\/wp-json\/wp\/v2\/types\/product"}],"wp:featuredmedia":[{"embeddable":true,"href":"https:\/\/tpmadalina42.supserv.cozmoslabs.com\/fi\/wp-json\/wp\/v2\/media\/250586"}],"wp:attachment":[{"href":"https:\/\/tpmadalina42.supserv.cozmoslabs.com\/fi\/wp-json\/wp\/v2\/media?parent=250591"}],"wp:term":[{"taxonomy":"product_brand","embeddable":true,"href":"https:\/\/tpmadalina42.supserv.cozmoslabs.com\/fi\/wp-json\/wp\/v2\/product_brand?post=250591"},{"taxonomy":"product_cat","embeddable":true,"href":"https:\/\/tpmadalina42.supserv.cozmoslabs.com\/fi\/wp-json\/wp\/v2\/product_cat?post=250591"},{"taxonomy":"product_tag","embeddable":true,"href":"https:\/\/tpmadalina42.supserv.cozmoslabs.com\/fi\/wp-json\/wp\/v2\/product_tag?post=250591"}],"curies":[{"name":"wp","href":"https:\/\/api.w.org\/{rel}","templated":true}]}}