{"id":250805,"date":"2024-08-21T00:22:46","date_gmt":"2024-08-21T07:22:46","guid":{"rendered":"https:\/\/glandine.com\/product\/dolce-gabbana-elegantes-schwarzes-spitzen-minikleid-delight\/"},"modified":"2024-11-29T19:25:49","modified_gmt":"2024-11-29T18:25:49","slug":"dolce-gabbana-elegantes-schwarzes-spitzen-minikleid-delight","status":"publish","type":"product","link":"https:\/\/tpmadalina42.supserv.cozmoslabs.com\/fi\/tuote-2\/dolce-gabbana-elegantes-schwarzes-spitzen-minikleid-delight\/","title":{"rendered":"Dolce &amp; Gabbana Elegantes Schwarzes Spitzen-Minikleid Delight"},"content":{"rendered":"<p>Entdecken Sie zeitlose Eleganz und italienische Handwerkskunst mit diesem umwerfenden, brandneuen St\u00fcck von Dolce &amp; Gabbana. Eine Vision in Schwarz: Dieses taillierte Minikleid besticht durch die Illusion eines lang\u00e4rmeligen Spitzenoberteils \u00fcber einem eleganten Body, der mit versteckten Haken geschlossen wird. Der Rei\u00dfverschluss an der R\u00fcckseite sorgt f\u00fcr eine nahtlose Silhouette, w\u00e4hrend das Stretch-Futter aus Seide luxuri\u00f6sen Komfort bietet. Dieses Kleidungsst\u00fcck ist ein Statement, das f\u00fcr Exklusivit\u00e4t und exquisite Verarbeitung steht.<\/p>\n<ul>\n<li>V\u00e4ri: Musta<\/li>\n<li>Material: 52% Nylon, 30% Baumwolle, 8% Elasthan<\/li>\n<li>Innenfutter: 38% Seide, 34% Nylon, 18% Baumwolle, 10% Elastan<\/li>\n<li>Valmistettu Italiassa<\/li>\n<\/ul>","protected":false},"excerpt":{"rendered":"<p>Entdecken Sie zeitlose Eleganz und italienische Handwerkskunst mit diesem umwerfenden, brandneuen St\u00fcck von Dolce &amp; Gabbana. Eine Vision in Schwarz: Dieses taillierte Minikleid besticht durch die Illusion eines lang\u00e4rmeligen Spitzenoberteils \u00fcber einem eleganten Body, der mit versteckten Haken geschlossen wird. Der Rei\u00dfverschluss an der R\u00fcckseite sorgt f\u00fcr eine nahtlose Silhouette, w\u00e4hrend das Stretch-Futter aus Seide [&hellip;]<\/p>","protected":false},"featured_media":250801,"template":"","meta":[],"product_brand":[1620],"product_cat":[1637,1659,1623],"product_tag":[],"class_list":{"0":"post-250805","1":"product","2":"type-product","3":"status-publish","4":"has-post-thumbnail","6":"product_brand-dolce-gabbana","7":"product_cat-frauen-kleidung","8":"product_cat-kleider","9":"product_cat-kleidung","11":"first","12":"instock","13":"sale","14":"taxable","15":"shipping-taxable","16":"purchasable","17":"product-type-variable"},"_links":{"self":[{"href":"https:\/\/tpmadalina42.supserv.cozmoslabs.com\/fi\/wp-json\/wp\/v2\/product\/250805","targetHints":{"allow":["GET"]}}],"collection":[{"href":"https:\/\/tpmadalina42.supserv.cozmoslabs.com\/fi\/wp-json\/wp\/v2\/product"}],"about":[{"href":"https:\/\/tpmadalina42.supserv.cozmoslabs.com\/fi\/wp-json\/wp\/v2\/types\/product"}],"wp:featuredmedia":[{"embeddable":true,"href":"https:\/\/tpmadalina42.supserv.cozmoslabs.com\/fi\/wp-json\/wp\/v2\/media\/250801"}],"wp:attachment":[{"href":"https:\/\/tpmadalina42.supserv.cozmoslabs.com\/fi\/wp-json\/wp\/v2\/media?parent=250805"}],"wp:term":[{"taxonomy":"product_brand","embeddable":true,"href":"https:\/\/tpmadalina42.supserv.cozmoslabs.com\/fi\/wp-json\/wp\/v2\/product_brand?post=250805"},{"taxonomy":"product_cat","embeddable":true,"href":"https:\/\/tpmadalina42.supserv.cozmoslabs.com\/fi\/wp-json\/wp\/v2\/product_cat?post=250805"},{"taxonomy":"product_tag","embeddable":true,"href":"https:\/\/tpmadalina42.supserv.cozmoslabs.com\/fi\/wp-json\/wp\/v2\/product_tag?post=250805"}],"curies":[{"name":"wp","href":"https:\/\/api.w.org\/{rel}","templated":true}]}}