{"id":250856,"date":"2024-08-21T01:55:02","date_gmt":"2024-08-21T08:55:02","guid":{"rendered":"https:\/\/glandine.com\/product\/dolce-gabbana-elegantes-etuikleid-mit-floraler-spitze\/"},"modified":"2024-11-30T14:23:57","modified_gmt":"2024-11-30T13:23:57","slug":"dolce-gabbana-elegantes-etuikleid-mit-floraler-spitze","status":"publish","type":"product","link":"https:\/\/tpmadalina42.supserv.cozmoslabs.com\/fi\/tuote-2\/dolce-gabbana-elegantes-etuikleid-mit-floraler-spitze\/","title":{"rendered":"Dolce &amp; Gabbana Tyylik\u00e4s tuppimekko, jossa kukkainen pitsi"},"content":{"rendered":"<p>Der Inbegriff von Eleganz und hoher Handwerkskunst, ein authentisches, brandneues Bodycon-Kleid aus floraler Spitze von Dolce &amp; Gabbana, das B\u00e4nde von Luxus und Raffinesse spricht. Dieses exquisite St\u00fcck ist ein Muss f\u00fcr jede gehobene Garderobe und eignet sich perfekt f\u00fcr eine markante Silhouette. Das in Italien gefertigte Kleid wird mit einem schicken Rei\u00dfverschluss am R\u00fccken geschlossen und tr\u00e4gt das ikonische Logo, das Mode vom Feinsten symbolisiert.<\/p>\n<ul>\n<li>Material: 69% Baumwolle, 31% Nylon<\/li>\n<li>V\u00e4ri: Musta<\/li>\n<li>Alkuper\u00e4maa: Italia<\/li>\n<\/ul>","protected":false},"excerpt":{"rendered":"<p>Der Inbegriff von Eleganz und hoher Handwerkskunst, ein authentisches, brandneues Bodycon-Kleid aus floraler Spitze von Dolce &amp; Gabbana, das B\u00e4nde von Luxus und Raffinesse spricht. Dieses exquisite St\u00fcck ist ein Muss f\u00fcr jede gehobene Garderobe und eignet sich perfekt f\u00fcr eine markante Silhouette. Das in Italien gefertigte Kleid wird mit einem schicken Rei\u00dfverschluss am R\u00fccken [&hellip;]<\/p>","protected":false},"featured_media":250850,"template":"","meta":[],"product_brand":[1620],"product_cat":[1637,1659,1623],"product_tag":[],"class_list":{"0":"post-250856","1":"product","2":"type-product","3":"status-publish","4":"has-post-thumbnail","6":"product_brand-dolce-gabbana","7":"product_cat-frauen-kleidung","8":"product_cat-kleider","9":"product_cat-kleidung","11":"first","12":"instock","13":"sale","14":"taxable","15":"shipping-taxable","16":"purchasable","17":"product-type-variable"},"_links":{"self":[{"href":"https:\/\/tpmadalina42.supserv.cozmoslabs.com\/fi\/wp-json\/wp\/v2\/product\/250856","targetHints":{"allow":["GET"]}}],"collection":[{"href":"https:\/\/tpmadalina42.supserv.cozmoslabs.com\/fi\/wp-json\/wp\/v2\/product"}],"about":[{"href":"https:\/\/tpmadalina42.supserv.cozmoslabs.com\/fi\/wp-json\/wp\/v2\/types\/product"}],"wp:featuredmedia":[{"embeddable":true,"href":"https:\/\/tpmadalina42.supserv.cozmoslabs.com\/fi\/wp-json\/wp\/v2\/media\/250850"}],"wp:attachment":[{"href":"https:\/\/tpmadalina42.supserv.cozmoslabs.com\/fi\/wp-json\/wp\/v2\/media?parent=250856"}],"wp:term":[{"taxonomy":"product_brand","embeddable":true,"href":"https:\/\/tpmadalina42.supserv.cozmoslabs.com\/fi\/wp-json\/wp\/v2\/product_brand?post=250856"},{"taxonomy":"product_cat","embeddable":true,"href":"https:\/\/tpmadalina42.supserv.cozmoslabs.com\/fi\/wp-json\/wp\/v2\/product_cat?post=250856"},{"taxonomy":"product_tag","embeddable":true,"href":"https:\/\/tpmadalina42.supserv.cozmoslabs.com\/fi\/wp-json\/wp\/v2\/product_tag?post=250856"}],"curies":[{"name":"wp","href":"https:\/\/api.w.org\/{rel}","templated":true}]}}