{"id":251798,"date":"2024-08-26T01:22:46","date_gmt":"2024-08-26T08:22:46","guid":{"rendered":"https:\/\/glandine.com\/product\/dolce-gabbana-elegantes-schwarzes-langarm-top-aus-floraler-spitze\/"},"modified":"2024-11-29T20:31:26","modified_gmt":"2024-11-29T19:31:26","slug":"dolce-gabbana-elegantes-schwarzes-langarm-top-aus-floraler-spitze","status":"publish","type":"product","link":"https:\/\/tpmadalina42.supserv.cozmoslabs.com\/fi\/tuote-2\/dolce-gabbana-elegantes-schwarzes-langarm-top-aus-floraler-spitze\/","title":{"rendered":"Dolce &amp; Gabbana Elegantes Schwarzes Langarm-Top aus floraler Spitze"},"content":{"rendered":"<p>Verstr\u00f6men Sie Raffinesse mit diesem schicken und hinrei\u00dfenden <strong>Dolce &amp; Gabbana<\/strong> Top aus floraler Spitze. Perfekt f\u00fcr jede Gelegenheit, die nach einem Hauch von Eleganz verlangt. Dieses Oberteil besticht durch zarte Blumenspitze, einen eleganten schwarzen Farbton und eine bequeme, aber schmeichelhafte Passform. Der Rei\u00dfverschluss auf der R\u00fcckseite sorgt f\u00fcr einen nahtlosen Look, w\u00e4hrend die luxuri\u00f6se Spitze aus einer hochwertigen Materialmischung Ihren raffinierten Geschmack unterstreicht.<\/p>\n<ul>\n<li>V\u00e4ri: Musta<\/li>\n<li>Material: 65% Nylon, 35% Viskose<\/li>\n<li>Alkuper\u00e4maa: Italia<\/li>\n<li>Logon yksityiskohdat<\/li>\n<\/ul>","protected":false},"excerpt":{"rendered":"<p>Verstr\u00f6men Sie Raffinesse mit diesem schicken und hinrei\u00dfenden Dolce &amp; Gabbana Top aus floraler Spitze. Perfekt f\u00fcr jede Gelegenheit, die nach einem Hauch von Eleganz verlangt. Dieses Oberteil besticht durch zarte Blumenspitze, einen eleganten schwarzen Farbton und eine bequeme, aber schmeichelhafte Passform. Der Rei\u00dfverschluss auf der R\u00fcckseite sorgt f\u00fcr einen nahtlosen Look, w\u00e4hrend die luxuri\u00f6se [&hellip;]<\/p>","protected":false},"featured_media":251794,"template":"","meta":[],"product_brand":[1620],"product_cat":[1637,1623,1714],"product_tag":[],"class_list":{"0":"post-251798","1":"product","2":"type-product","3":"status-publish","4":"has-post-thumbnail","6":"product_brand-dolce-gabbana","7":"product_cat-frauen-kleidung","8":"product_cat-kleidung","9":"product_cat-oberteile-t-shirts","11":"first","12":"instock","13":"sale","14":"taxable","15":"shipping-taxable","16":"purchasable","17":"product-type-variable"},"_links":{"self":[{"href":"https:\/\/tpmadalina42.supserv.cozmoslabs.com\/fi\/wp-json\/wp\/v2\/product\/251798","targetHints":{"allow":["GET"]}}],"collection":[{"href":"https:\/\/tpmadalina42.supserv.cozmoslabs.com\/fi\/wp-json\/wp\/v2\/product"}],"about":[{"href":"https:\/\/tpmadalina42.supserv.cozmoslabs.com\/fi\/wp-json\/wp\/v2\/types\/product"}],"wp:featuredmedia":[{"embeddable":true,"href":"https:\/\/tpmadalina42.supserv.cozmoslabs.com\/fi\/wp-json\/wp\/v2\/media\/251794"}],"wp:attachment":[{"href":"https:\/\/tpmadalina42.supserv.cozmoslabs.com\/fi\/wp-json\/wp\/v2\/media?parent=251798"}],"wp:term":[{"taxonomy":"product_brand","embeddable":true,"href":"https:\/\/tpmadalina42.supserv.cozmoslabs.com\/fi\/wp-json\/wp\/v2\/product_brand?post=251798"},{"taxonomy":"product_cat","embeddable":true,"href":"https:\/\/tpmadalina42.supserv.cozmoslabs.com\/fi\/wp-json\/wp\/v2\/product_cat?post=251798"},{"taxonomy":"product_tag","embeddable":true,"href":"https:\/\/tpmadalina42.supserv.cozmoslabs.com\/fi\/wp-json\/wp\/v2\/product_tag?post=251798"}],"curies":[{"name":"wp","href":"https:\/\/api.w.org\/{rel}","templated":true}]}}