{"id":251949,"date":"2024-08-26T06:09:31","date_gmt":"2024-08-26T13:09:31","guid":{"rendered":"https:\/\/glandine.com\/product\/dolce-gabbana-blaues-etuikleid-aus-gerueschtem-tuell-mit-maschenbesatz-kopie\/"},"modified":"2024-12-01T10:32:38","modified_gmt":"2024-12-01T09:32:38","slug":"dolce-gabbana-blaues-etuikleid-aus-gerueschtem-tuell-mit-maschenbesatz-kopie","status":"publish","type":"product","link":"https:\/\/tpmadalina42.supserv.cozmoslabs.com\/fi\/tuote-2\/dolce-gabbana-blaues-etuikleid-aus-gerueschtem-tuell-mit-maschenbesatz-kopie\/","title":{"rendered":"Dolce &amp; Gabbana Sininen r\u00f6yhel\u00f6inen tyllituppimekko verkkoreunuksella"},"content":{"rendered":"<p>DOLCE &amp; GABBANA<\/p>\n<p>Wundersch\u00f6ne brandneue mit Tags, 100% Authentic Dolce &amp; Gabbana Blau ger\u00fcscht T\u00fcll \u00e4rmelloses Bodycon Midi-Kleid.<br \/>\nModell: Midi-Bodycon-Kleid<br \/>\nV\u00e4ri: Sininen<br \/>\nVetoketjukiinnitys<br \/>\nLogon yksityiskohdat<br \/>\nValmistettu Italiassa<br \/>\nMaterial: 50% Baumwolle 25% Nylon 20% Elastan 5% Seide<br \/>\nFutter: 65% Acetat 29% Nylon 6% Elastan<\/p>\n<p><strong>Dieser Artikel hat einen Defekt, es gibt ein Loch auf der Vorderseite (siehe Bilder f\u00fcr Details).<\/strong><\/p>","protected":false},"excerpt":{"rendered":"<p>DOLCE &amp; GABBANA Wundersch\u00f6ne brandneue mit Tags, 100% Authentic Dolce &amp; Gabbana Blau ger\u00fcscht T\u00fcll \u00e4rmelloses Bodycon Midi-Kleid. Modell: Midi-Bodycon-Kleid Farbe: Blau Verschluss mit Rei\u00dfverschluss Logo-Details In Italien hergestellt Material: 50% Baumwolle 25% Nylon 20% Elastan 5% Seide Futter: 65% Acetat 29% Nylon 6% Elastan Dieser Artikel hat einen Defekt, es gibt ein Loch auf [&hellip;]<\/p>","protected":false},"featured_media":251942,"template":"","meta":[],"product_brand":[1620],"product_cat":[1637,1659,1623],"product_tag":[],"class_list":{"0":"post-251949","1":"product","2":"type-product","3":"status-publish","4":"has-post-thumbnail","6":"product_brand-dolce-gabbana","7":"product_cat-frauen-kleidung","8":"product_cat-kleider","9":"product_cat-kleidung","11":"first","12":"instock","13":"sale","14":"taxable","15":"shipping-taxable","16":"purchasable","17":"product-type-variable"},"_links":{"self":[{"href":"https:\/\/tpmadalina42.supserv.cozmoslabs.com\/fi\/wp-json\/wp\/v2\/product\/251949","targetHints":{"allow":["GET"]}}],"collection":[{"href":"https:\/\/tpmadalina42.supserv.cozmoslabs.com\/fi\/wp-json\/wp\/v2\/product"}],"about":[{"href":"https:\/\/tpmadalina42.supserv.cozmoslabs.com\/fi\/wp-json\/wp\/v2\/types\/product"}],"wp:featuredmedia":[{"embeddable":true,"href":"https:\/\/tpmadalina42.supserv.cozmoslabs.com\/fi\/wp-json\/wp\/v2\/media\/251942"}],"wp:attachment":[{"href":"https:\/\/tpmadalina42.supserv.cozmoslabs.com\/fi\/wp-json\/wp\/v2\/media?parent=251949"}],"wp:term":[{"taxonomy":"product_brand","embeddable":true,"href":"https:\/\/tpmadalina42.supserv.cozmoslabs.com\/fi\/wp-json\/wp\/v2\/product_brand?post=251949"},{"taxonomy":"product_cat","embeddable":true,"href":"https:\/\/tpmadalina42.supserv.cozmoslabs.com\/fi\/wp-json\/wp\/v2\/product_cat?post=251949"},{"taxonomy":"product_tag","embeddable":true,"href":"https:\/\/tpmadalina42.supserv.cozmoslabs.com\/fi\/wp-json\/wp\/v2\/product_tag?post=251949"}],"curies":[{"name":"wp","href":"https:\/\/api.w.org\/{rel}","templated":true}]}}