{"id":253581,"date":"2024-08-30T03:10:59","date_gmt":"2024-08-30T10:10:59","guid":{"rendered":"https:\/\/glandine.com\/product\/dolce-gabbana-schwarze-pailletten-perle-handgemachte-brosche-haarnadel\/"},"modified":"2024-12-01T06:44:45","modified_gmt":"2024-12-01T05:44:45","slug":"dolce-gabbana-schwarze-pailletten-perle-handgemachte-brosche-haarnadel","status":"publish","type":"product","link":"https:\/\/tpmadalina42.supserv.cozmoslabs.com\/fi\/tuote-2\/dolce-gabbana-schwarze-pailletten-perle-handgemachte-brosche-haarnadel\/","title":{"rendered":"Dolce &amp; Gabbana Schwarze Pailletten Perle Handgemachte Brosche Haarnadel"},"content":{"rendered":"<p>DOLCE &amp; GABBANA<\/p>\n<p>Gorgeous brandneue mit Tags und Box, 100% Authentic Dolce &amp; Gabbana versch\u00f6nert Haarnadel.<br \/>\nV\u00e4ri: Musta<br \/>\nModell: Haarnadel<br \/>\nMaterial: Messing, Perle<br \/>\nGr\u00f6\u00dfe: 18cm<br \/>\nValmistettu Italiassa<br \/>\nLogon yksityiskohdat<\/p>","protected":false},"excerpt":{"rendered":"<p>DOLCE &amp; GABBANA Gorgeous brandneue mit Tags und Box, 100% Authentic Dolce &amp; Gabbana versch\u00f6nert Haarnadel. Farbe: Schwarz Modell: Haarnadel Material: Messing, Perle Gr\u00f6\u00dfe: 18cm Hergestellt in Italien Logo-Details<\/p>","protected":false},"featured_media":253576,"template":"","meta":[],"product_brand":[1620],"product_cat":[1734,1625,1638],"product_tag":[],"class_list":{"0":"post-253581","1":"product","2":"type-product","3":"status-publish","4":"has-post-thumbnail","6":"product_brand-dolce-gabbana","7":"product_cat-broschen","8":"product_cat-schmuck","9":"product_cat-frauen-schmuck","11":"first","12":"instock","13":"sale","14":"taxable","15":"shipping-taxable","16":"purchasable","17":"product-type-simple"},"_links":{"self":[{"href":"https:\/\/tpmadalina42.supserv.cozmoslabs.com\/fi\/wp-json\/wp\/v2\/product\/253581","targetHints":{"allow":["GET"]}}],"collection":[{"href":"https:\/\/tpmadalina42.supserv.cozmoslabs.com\/fi\/wp-json\/wp\/v2\/product"}],"about":[{"href":"https:\/\/tpmadalina42.supserv.cozmoslabs.com\/fi\/wp-json\/wp\/v2\/types\/product"}],"wp:featuredmedia":[{"embeddable":true,"href":"https:\/\/tpmadalina42.supserv.cozmoslabs.com\/fi\/wp-json\/wp\/v2\/media\/253576"}],"wp:attachment":[{"href":"https:\/\/tpmadalina42.supserv.cozmoslabs.com\/fi\/wp-json\/wp\/v2\/media?parent=253581"}],"wp:term":[{"taxonomy":"product_brand","embeddable":true,"href":"https:\/\/tpmadalina42.supserv.cozmoslabs.com\/fi\/wp-json\/wp\/v2\/product_brand?post=253581"},{"taxonomy":"product_cat","embeddable":true,"href":"https:\/\/tpmadalina42.supserv.cozmoslabs.com\/fi\/wp-json\/wp\/v2\/product_cat?post=253581"},{"taxonomy":"product_tag","embeddable":true,"href":"https:\/\/tpmadalina42.supserv.cozmoslabs.com\/fi\/wp-json\/wp\/v2\/product_tag?post=253581"}],"curies":[{"name":"wp","href":"https:\/\/api.w.org\/{rel}","templated":true}]}}