{"id":254485,"date":"2024-09-02T02:08:33","date_gmt":"2024-09-02T09:08:33","guid":{"rendered":"https:\/\/glandine.com\/product\/dolce-gabbana-gruenes-gorilla-baumwoll-t-shirt-mit-kurzen-aermeln\/"},"modified":"2024-12-01T06:59:45","modified_gmt":"2024-12-01T05:59:45","slug":"dolce-gabbana-gruenes-gorilla-baumwoll-t-shirt-mit-kurzen-aermeln","status":"publish","type":"product","link":"https:\/\/tpmadalina42.supserv.cozmoslabs.com\/fi\/tuote-2\/dolce-gabbana-gruenes-gorilla-baumwoll-t-shirt-mit-kurzen-aermeln\/","title":{"rendered":"Dolce &amp; Gabbana Gr\u00fcnes Gorilla-Baumwoll-T-Shirt mit kurzen \u00c4rmeln"},"content":{"rendered":"<p>DOLCE &amp; GABBANA<\/p>\n<p>Wundersch\u00f6ne brandneue mit Tags 100% Authentic Dolce &amp; Gabbana kurzen \u00c4rmeln T-Shirt mit Tierdruck.<br \/>\nModell: Rundhals-T-Shirt<br \/>\nV\u00e4ri: Vihre\u00e4<br \/>\nMateriaali: 100% puuvilla<br \/>\nIstuvuus: Normaali istuvuus<br \/>\nLogon yksityiskohdat<br \/>\nValmistettu Italiassa<\/p>","protected":false},"excerpt":{"rendered":"<p>DOLCE &amp; GABBANA Wundersch\u00f6ne brandneue mit Tags 100% Authentic Dolce &amp; Gabbana kurzen \u00c4rmeln T-Shirt mit Tierdruck. Modell: Rundhals-T-Shirt Farbe: Gr\u00fcn Material: 100% Baumwolle Passform: Normale Passform Logo-Details In Italien hergestellt<\/p>","protected":false},"featured_media":254482,"template":"","meta":[],"product_brand":[1620],"product_cat":[1633,1623,1710],"product_tag":[],"class_list":{"0":"post-254485","1":"product","2":"type-product","3":"status-publish","4":"has-post-thumbnail","6":"product_brand-dolce-gabbana","7":"product_cat-maenner-kleidung","8":"product_cat-kleidung","9":"product_cat-t-shirts","11":"first","12":"instock","13":"sale","14":"taxable","15":"shipping-taxable","16":"purchasable","17":"product-type-variable"},"_links":{"self":[{"href":"https:\/\/tpmadalina42.supserv.cozmoslabs.com\/fi\/wp-json\/wp\/v2\/product\/254485","targetHints":{"allow":["GET"]}}],"collection":[{"href":"https:\/\/tpmadalina42.supserv.cozmoslabs.com\/fi\/wp-json\/wp\/v2\/product"}],"about":[{"href":"https:\/\/tpmadalina42.supserv.cozmoslabs.com\/fi\/wp-json\/wp\/v2\/types\/product"}],"wp:featuredmedia":[{"embeddable":true,"href":"https:\/\/tpmadalina42.supserv.cozmoslabs.com\/fi\/wp-json\/wp\/v2\/media\/254482"}],"wp:attachment":[{"href":"https:\/\/tpmadalina42.supserv.cozmoslabs.com\/fi\/wp-json\/wp\/v2\/media?parent=254485"}],"wp:term":[{"taxonomy":"product_brand","embeddable":true,"href":"https:\/\/tpmadalina42.supserv.cozmoslabs.com\/fi\/wp-json\/wp\/v2\/product_brand?post=254485"},{"taxonomy":"product_cat","embeddable":true,"href":"https:\/\/tpmadalina42.supserv.cozmoslabs.com\/fi\/wp-json\/wp\/v2\/product_cat?post=254485"},{"taxonomy":"product_tag","embeddable":true,"href":"https:\/\/tpmadalina42.supserv.cozmoslabs.com\/fi\/wp-json\/wp\/v2\/product_tag?post=254485"}],"curies":[{"name":"wp","href":"https:\/\/api.w.org\/{rel}","templated":true}]}}