{"id":254508,"date":"2024-09-02T02:15:36","date_gmt":"2024-09-02T09:15:36","guid":{"rendered":"https:\/\/glandine.com\/product\/dolce-gabbana-weisses-t-shirt-mit-logo-stickerei-und-kurzen-aermeln\/"},"modified":"2024-12-01T07:00:11","modified_gmt":"2024-12-01T06:00:11","slug":"dolce-gabbana-weisses-t-shirt-mit-logo-stickerei-und-kurzen-aermeln","status":"publish","type":"product","link":"https:\/\/tpmadalina42.supserv.cozmoslabs.com\/fi\/tuote-2\/dolce-gabbana-weisses-t-shirt-mit-logo-stickerei-und-kurzen-aermeln\/","title":{"rendered":"Dolce &amp; Gabbana Wei\u00dfes T-Shirt mit Logo-Stickerei und kurzen \u00c4rmeln"},"content":{"rendered":"<p>DOLCE &amp; GABBANA<\/p>\n<p>Absolut atemberaubend, 100% authentisch, brandneu mit Tags Dolce &amp; Gabbana Baumwoll-T-Shirt mit Logo-Stickerei verf\u00fcgt \u00fcber einen Rundhalsausschnitt und kurze \u00c4rmel.<br \/>\nMalli: Lyhythihainen T-paita<br \/>\nV\u00e4ri: Valkoinen<br \/>\nMateriaali: 100% puuvilla<br \/>\nIstuvuus: Normaali istuvuus<br \/>\nLogon yksityiskohdat<br \/>\nValmistettu Italiassa<\/p>","protected":false},"excerpt":{"rendered":"<p>DOLCE &amp; GABBANA Absolut atemberaubend, 100% authentisch, brandneu mit Tags Dolce &amp; Gabbana Baumwoll-T-Shirt mit Logo-Stickerei verf\u00fcgt \u00fcber einen Rundhalsausschnitt und kurze \u00c4rmel. Modell: Kurzarm-T-Shirt Farbe: Wei\u00df Material: 100% Baumwolle Passform: Normale Passform Logo-Details In Italien hergestellt<\/p>","protected":false},"featured_media":254504,"template":"","meta":[],"product_brand":[1620],"product_cat":[1633,1623,1710],"product_tag":[],"class_list":{"0":"post-254508","1":"product","2":"type-product","3":"status-publish","4":"has-post-thumbnail","6":"product_brand-dolce-gabbana","7":"product_cat-maenner-kleidung","8":"product_cat-kleidung","9":"product_cat-t-shirts","11":"first","12":"instock","13":"sale","14":"taxable","15":"shipping-taxable","16":"purchasable","17":"product-type-variable"},"_links":{"self":[{"href":"https:\/\/tpmadalina42.supserv.cozmoslabs.com\/fi\/wp-json\/wp\/v2\/product\/254508","targetHints":{"allow":["GET"]}}],"collection":[{"href":"https:\/\/tpmadalina42.supserv.cozmoslabs.com\/fi\/wp-json\/wp\/v2\/product"}],"about":[{"href":"https:\/\/tpmadalina42.supserv.cozmoslabs.com\/fi\/wp-json\/wp\/v2\/types\/product"}],"wp:featuredmedia":[{"embeddable":true,"href":"https:\/\/tpmadalina42.supserv.cozmoslabs.com\/fi\/wp-json\/wp\/v2\/media\/254504"}],"wp:attachment":[{"href":"https:\/\/tpmadalina42.supserv.cozmoslabs.com\/fi\/wp-json\/wp\/v2\/media?parent=254508"}],"wp:term":[{"taxonomy":"product_brand","embeddable":true,"href":"https:\/\/tpmadalina42.supserv.cozmoslabs.com\/fi\/wp-json\/wp\/v2\/product_brand?post=254508"},{"taxonomy":"product_cat","embeddable":true,"href":"https:\/\/tpmadalina42.supserv.cozmoslabs.com\/fi\/wp-json\/wp\/v2\/product_cat?post=254508"},{"taxonomy":"product_tag","embeddable":true,"href":"https:\/\/tpmadalina42.supserv.cozmoslabs.com\/fi\/wp-json\/wp\/v2\/product_tag?post=254508"}],"curies":[{"name":"wp","href":"https:\/\/api.w.org\/{rel}","templated":true}]}}