{"id":254542,"date":"2024-09-02T03:23:45","date_gmt":"2024-09-02T10:23:45","guid":{"rendered":"https:\/\/glandine.com\/product\/dolce-gabbana-weisses-grafisches-baumwoll-t-shirt-mit-kurzen-aermeln-fuer-maenner\/"},"modified":"2024-12-01T07:00:45","modified_gmt":"2024-12-01T06:00:45","slug":"dolce-gabbana-weisses-grafisches-baumwoll-t-shirt-mit-kurzen-aermeln-fuer-maenner","status":"publish","type":"product","link":"https:\/\/tpmadalina42.supserv.cozmoslabs.com\/fi\/tuote-2\/dolce-gabbana-weisses-grafisches-baumwoll-t-shirt-mit-kurzen-aermeln-fuer-maenner\/","title":{"rendered":"Dolce &amp; Gabbana Wei\u00dfes grafisches Baumwoll-T-Shirt mit kurzen \u00c4rmeln f\u00fcr M\u00e4nner"},"content":{"rendered":"<p>DOLCE &amp; GABBANA<\/p>\n<p>Absolut atemberaubend, 100% authentisch, ganz neu mit Tags Dolce &amp; Gabbana Baumwoll-T-Shirt mit grafischen Druck verf\u00fcgt \u00fcber einen Rundhalsausschnitt und kurze \u00c4rmel.<br \/>\nMalli: Lyhythihainen T-paita<br \/>\nFarbe: Wei\u00df mit James Dean Motivdruck<br \/>\nMateriaali: 100% puuvilla<br \/>\nIstuvuus: Normaali istuvuus<br \/>\nLogon yksityiskohdat<br \/>\nValmistettu Italiassa<\/p>","protected":false},"excerpt":{"rendered":"<p>DOLCE &amp; GABBANA Absolut atemberaubend, 100% authentisch, ganz neu mit Tags Dolce &amp; Gabbana Baumwoll-T-Shirt mit grafischen Druck verf\u00fcgt \u00fcber einen Rundhalsausschnitt und kurze \u00c4rmel. Modell: Kurzarm-T-Shirt Farbe: Wei\u00df mit James Dean Motivdruck Material: 100% Baumwolle Passform: Normale Passform Logo-Details In Italien hergestellt<\/p>","protected":false},"featured_media":254537,"template":"","meta":[],"product_brand":[1620],"product_cat":[1633,1623,1710],"product_tag":[],"class_list":{"0":"post-254542","1":"product","2":"type-product","3":"status-publish","4":"has-post-thumbnail","6":"product_brand-dolce-gabbana","7":"product_cat-maenner-kleidung","8":"product_cat-kleidung","9":"product_cat-t-shirts","11":"first","12":"instock","13":"sale","14":"taxable","15":"shipping-taxable","16":"purchasable","17":"product-type-variable"},"_links":{"self":[{"href":"https:\/\/tpmadalina42.supserv.cozmoslabs.com\/fi\/wp-json\/wp\/v2\/product\/254542","targetHints":{"allow":["GET"]}}],"collection":[{"href":"https:\/\/tpmadalina42.supserv.cozmoslabs.com\/fi\/wp-json\/wp\/v2\/product"}],"about":[{"href":"https:\/\/tpmadalina42.supserv.cozmoslabs.com\/fi\/wp-json\/wp\/v2\/types\/product"}],"wp:featuredmedia":[{"embeddable":true,"href":"https:\/\/tpmadalina42.supserv.cozmoslabs.com\/fi\/wp-json\/wp\/v2\/media\/254537"}],"wp:attachment":[{"href":"https:\/\/tpmadalina42.supserv.cozmoslabs.com\/fi\/wp-json\/wp\/v2\/media?parent=254542"}],"wp:term":[{"taxonomy":"product_brand","embeddable":true,"href":"https:\/\/tpmadalina42.supserv.cozmoslabs.com\/fi\/wp-json\/wp\/v2\/product_brand?post=254542"},{"taxonomy":"product_cat","embeddable":true,"href":"https:\/\/tpmadalina42.supserv.cozmoslabs.com\/fi\/wp-json\/wp\/v2\/product_cat?post=254542"},{"taxonomy":"product_tag","embeddable":true,"href":"https:\/\/tpmadalina42.supserv.cozmoslabs.com\/fi\/wp-json\/wp\/v2\/product_tag?post=254542"}],"curies":[{"name":"wp","href":"https:\/\/api.w.org\/{rel}","templated":true}]}}