{"id":255929,"date":"2024-09-03T03:24:26","date_gmt":"2024-09-03T10:24:26","guid":{"rendered":"https:\/\/glandine.com\/product\/dolce-gabbana-elegantes-beige-gold-jacquard-stola-tuch\/"},"modified":"2024-11-29T15:19:19","modified_gmt":"2024-11-29T14:19:19","slug":"dolce-gabbana-elegantes-beige-gold-jacquard-stola-tuch","status":"publish","type":"product","link":"https:\/\/tpmadalina42.supserv.cozmoslabs.com\/fi\/tuote-2\/dolce-gabbana-elegantes-beige-gold-jacquard-stola-tuch\/","title":{"rendered":"Dolce &amp; Gabbana Elegantes Beige-Gold-Jacquard-Stola-Tuch"},"content":{"rendered":"<p>G\u00f6nnen Sie sich den Inbegriff von Raffinesse mit unserem <b>Dolce &amp; Gabbana<\/b> Stola-Schal, einer auff\u00e4lligen Mischung aus Beige und Gold in einem sch\u00f6nen Jacquard-Muster. Dieser Schal eignet sich perfekt f\u00fcr jedes Outfit und strahlt mit seinen zarten Fransen und dezenten Logodetails Luxus aus. Dieses in Italien gefertigte St\u00fcck ist ein Beweis f\u00fcr exquisite Handwerkskunst und Stil.<\/p>\n<p>Material: 60% Baumwolle, 40% Polyester<br \/>\nFarbe: Beige, goldenes Jacquard-Muster<br \/>\nGr\u00f6\u00dfe: 160cm x 20cm<br \/>\nValmistettu Italiassa<\/p>","protected":false},"excerpt":{"rendered":"<p>G\u00f6nnen Sie sich den Inbegriff von Raffinesse mit unserem Dolce &amp; Gabbana Stola-Schal, einer auff\u00e4lligen Mischung aus Beige und Gold in einem sch\u00f6nen Jacquard-Muster. Dieser Schal eignet sich perfekt f\u00fcr jedes Outfit und strahlt mit seinen zarten Fransen und dezenten Logodetails Luxus aus. Dieses in Italien gefertigte St\u00fcck ist ein Beweis f\u00fcr exquisite Handwerkskunst und [&hellip;]<\/p>","protected":false},"featured_media":255922,"template":"","meta":[],"product_brand":[1620],"product_cat":[1621,1631,1693],"product_tag":[],"class_list":{"0":"post-255929","1":"product","2":"type-product","3":"status-publish","4":"has-post-thumbnail","6":"product_brand-dolce-gabbana","7":"product_cat-accessoire","8":"product_cat-maenner-zubehoer","9":"product_cat-schals","11":"first","12":"instock","13":"sale","14":"taxable","15":"shipping-taxable","16":"purchasable","17":"product-type-simple"},"_links":{"self":[{"href":"https:\/\/tpmadalina42.supserv.cozmoslabs.com\/fi\/wp-json\/wp\/v2\/product\/255929","targetHints":{"allow":["GET"]}}],"collection":[{"href":"https:\/\/tpmadalina42.supserv.cozmoslabs.com\/fi\/wp-json\/wp\/v2\/product"}],"about":[{"href":"https:\/\/tpmadalina42.supserv.cozmoslabs.com\/fi\/wp-json\/wp\/v2\/types\/product"}],"wp:featuredmedia":[{"embeddable":true,"href":"https:\/\/tpmadalina42.supserv.cozmoslabs.com\/fi\/wp-json\/wp\/v2\/media\/255922"}],"wp:attachment":[{"href":"https:\/\/tpmadalina42.supserv.cozmoslabs.com\/fi\/wp-json\/wp\/v2\/media?parent=255929"}],"wp:term":[{"taxonomy":"product_brand","embeddable":true,"href":"https:\/\/tpmadalina42.supserv.cozmoslabs.com\/fi\/wp-json\/wp\/v2\/product_brand?post=255929"},{"taxonomy":"product_cat","embeddable":true,"href":"https:\/\/tpmadalina42.supserv.cozmoslabs.com\/fi\/wp-json\/wp\/v2\/product_cat?post=255929"},{"taxonomy":"product_tag","embeddable":true,"href":"https:\/\/tpmadalina42.supserv.cozmoslabs.com\/fi\/wp-json\/wp\/v2\/product_tag?post=255929"}],"curies":[{"name":"wp","href":"https:\/\/api.w.org\/{rel}","templated":true}]}}