{"id":255973,"date":"2024-09-04T00:13:40","date_gmt":"2024-09-04T07:13:40","guid":{"rendered":"https:\/\/glandine.com\/product\/dolce-gabbana-elegantes-schwarzes-nerzpelz-schulterhalstuch\/"},"modified":"2024-11-29T14:38:39","modified_gmt":"2024-11-29T13:38:39","slug":"dolce-gabbana-elegantes-schwarzes-nerzpelz-schulterhalstuch","status":"publish","type":"product","link":"https:\/\/tpmadalina42.supserv.cozmoslabs.com\/fi\/tuote-2\/dolce-gabbana-elegantes-schwarzes-nerzpelz-schulterhalstuch\/","title":{"rendered":"Dolce &amp; Gabbana Elegantes schwarzes Nerzpelz-Schulterhalstuch"},"content":{"rendered":"<p>G\u00f6nnen Sie sich die Opulenz eines 100% authentischen Nerzpelz-Schulterschals von <b>Dolce &amp; Gabbana<\/b>, der jedes Ensemble perfekt aufwertet. Mit seinem luxuri\u00f6sen schwarzen Pelz und seiner zur\u00fcckhaltenden Eleganz verbindet dieses seltene und exklusive St\u00fcck nahtlos Mode mit W\u00e4rme. Der in Italien gefertigte Schal verf\u00fcgt \u00fcber einen diskreten Hakenverschluss und die ikonischen Logodetails, die seine Premium-Qualit\u00e4t und seinen Designer-Stammbaum unterstreichen.<\/p>\n<ul>\n<li>Material: 100% Nerzpelz<\/li>\n<li>V\u00e4ri: Musta<\/li>\n<li>Alkuper\u00e4maa: IT<\/li>\n<\/ul>","protected":false},"excerpt":{"rendered":"<p>G\u00f6nnen Sie sich die Opulenz eines 100% authentischen Nerzpelz-Schulterschals von Dolce &amp; Gabbana, der jedes Ensemble perfekt aufwertet. Mit seinem luxuri\u00f6sen schwarzen Pelz und seiner zur\u00fcckhaltenden Eleganz verbindet dieses seltene und exklusive St\u00fcck nahtlos Mode mit W\u00e4rme. Der in Italien gefertigte Schal verf\u00fcgt \u00fcber einen diskreten Hakenverschluss und die ikonischen Logodetails, die seine Premium-Qualit\u00e4t und [&hellip;]<\/p>","protected":false},"featured_media":255965,"template":"","meta":[],"product_brand":[1620],"product_cat":[1621,1632,1694],"product_tag":[],"class_list":{"0":"post-255973","1":"product","2":"type-product","3":"status-publish","4":"has-post-thumbnail","6":"product_brand-dolce-gabbana","7":"product_cat-accessoire","8":"product_cat-frauen-zubehoer","9":"product_cat-schals-frauen-zubehoer","11":"first","12":"instock","13":"sale","14":"taxable","15":"shipping-taxable","16":"purchasable","17":"product-type-variable"},"_links":{"self":[{"href":"https:\/\/tpmadalina42.supserv.cozmoslabs.com\/fi\/wp-json\/wp\/v2\/product\/255973","targetHints":{"allow":["GET"]}}],"collection":[{"href":"https:\/\/tpmadalina42.supserv.cozmoslabs.com\/fi\/wp-json\/wp\/v2\/product"}],"about":[{"href":"https:\/\/tpmadalina42.supserv.cozmoslabs.com\/fi\/wp-json\/wp\/v2\/types\/product"}],"wp:featuredmedia":[{"embeddable":true,"href":"https:\/\/tpmadalina42.supserv.cozmoslabs.com\/fi\/wp-json\/wp\/v2\/media\/255965"}],"wp:attachment":[{"href":"https:\/\/tpmadalina42.supserv.cozmoslabs.com\/fi\/wp-json\/wp\/v2\/media?parent=255973"}],"wp:term":[{"taxonomy":"product_brand","embeddable":true,"href":"https:\/\/tpmadalina42.supserv.cozmoslabs.com\/fi\/wp-json\/wp\/v2\/product_brand?post=255973"},{"taxonomy":"product_cat","embeddable":true,"href":"https:\/\/tpmadalina42.supserv.cozmoslabs.com\/fi\/wp-json\/wp\/v2\/product_cat?post=255973"},{"taxonomy":"product_tag","embeddable":true,"href":"https:\/\/tpmadalina42.supserv.cozmoslabs.com\/fi\/wp-json\/wp\/v2\/product_tag?post=255973"}],"curies":[{"name":"wp","href":"https:\/\/api.w.org\/{rel}","templated":true}]}}